{"id":65784,"date":"2025-09-01T18:48:14","date_gmt":"2025-09-01T16:48:14","guid":{"rendered":"https:\/\/vitalstoffversand.com\/produkt\/vit4ever-calcium-365-comprimes\/"},"modified":"2026-03-21T15:55:07","modified_gmt":"2026-03-21T14:55:07","slug":"vit4ever-calcium-365-comprimes","status":"publish","type":"product","link":"https:\/\/vitalstoffversand.com\/fr\/produit\/vit4ever-calcium-365-comprimes\/","title":{"rendered":"Vit4ever <br>Calcium &#8211; 365 comprim\u00e9s"},"content":{"rendered":"<p><span style=\"color: #0000ff;\"><strong><a style=\"color: #0000ff;\" href=\"https:\/\/vitalstoffversand.com\/knowledge-base\/calcium\/\" target=\"_blank\" rel=\"noopener\">\u2192 Le calcium<\/a><\/strong><\/span> est un min\u00e9ral essentiel, notamment pour nos os, et il est important de veiller \u00e0 en consommer suffisamment, et ce, pas seulement \u00e0 mesure que l&#8217;on vieillit.<\/p>\n<p>Les enfants et les adolescents ont eux aussi des besoins accrus en calcium pendant leur phase de croissance.<\/p>\n<ul>\n<li>V\u00e9gan<\/li>\n<li>Sans gluten<\/li>\n<li>Sans lactose<\/li>\n<li>Sans OGM<\/li>\n<li>Fabriqu\u00e9 selon les normes de qualit\u00e9 strictes de l&#8217;UE<\/li>\n<\/ul>\n","protected":false},"excerpt":{"rendered":"<p>\u2192 Le calcium est un min\u00e9ral essentiel, notamment pour nos os, et il est important de veiller \u00e0 en consommer suffisamment, et ce, pas seulement \u00e0 mesure que l&#8217;on vieillit. Les enfants et les adolescents ont eux aussi des besoins accrus en calcium pendant leur phase de croissance. V\u00e9gan Sans gluten Sans lactose Sans OGM [&hellip;]<\/p>\n","protected":false},"featured_media":55455,"template":"","meta":{"_acf_changed":false},"product_brand":[10217],"product_cat":[340,365],"product_tag":[],"class_list":{"0":"post-65784","1":"product","2":"type-product","3":"status-publish","4":"has-post-thumbnail","6":"product_brand-vit4ever-fr","7":"product_cat-mineraux-oligo-elements","8":"product_cat-produits-de-a-a-z","10":"first","11":"outofstock","12":"taxable","13":"shipping-taxable","14":"purchasable","15":"product-type-simple"},"acf":[],"_links":{"self":[{"href":"https:\/\/vitalstoffversand.com\/fr\/wp-json\/wp\/v2\/product\/65784","targetHints":{"allow":["GET"]}}],"collection":[{"href":"https:\/\/vitalstoffversand.com\/fr\/wp-json\/wp\/v2\/product"}],"about":[{"href":"https:\/\/vitalstoffversand.com\/fr\/wp-json\/wp\/v2\/types\/product"}],"wp:featuredmedia":[{"embeddable":true,"href":"https:\/\/vitalstoffversand.com\/fr\/wp-json\/wp\/v2\/media\/55455"}],"wp:attachment":[{"href":"https:\/\/vitalstoffversand.com\/fr\/wp-json\/wp\/v2\/media?parent=65784"}],"wp:term":[{"taxonomy":"product_brand","embeddable":true,"href":"https:\/\/vitalstoffversand.com\/fr\/wp-json\/wp\/v2\/product_brand?post=65784"},{"taxonomy":"product_cat","embeddable":true,"href":"https:\/\/vitalstoffversand.com\/fr\/wp-json\/wp\/v2\/product_cat?post=65784"},{"taxonomy":"product_tag","embeddable":true,"href":"https:\/\/vitalstoffversand.com\/fr\/wp-json\/wp\/v2\/product_tag?post=65784"}],"curies":[{"name":"wp","href":"https:\/\/api.w.org\/{rel}","templated":true}]}}