{"id":65780,"date":"2024-11-11T18:11:51","date_gmt":"2024-11-11T17:11:51","guid":{"rendered":"https:\/\/vitalstoffversand.com\/produkt\/vit4ever-multivitamin-daily-450-comprimes\/"},"modified":"2024-11-11T18:11:51","modified_gmt":"2024-11-11T17:11:51","slug":"vit4ever-multivitamin-daily-450-comprimes","status":"publish","type":"product","link":"https:\/\/vitalstoffversand.com\/fr\/produit\/vit4ever-multivitamin-daily-450-comprimes\/","title":{"rendered":"Vit4ever <br>Multivitamin Daily &#8211; 450 comprim\u00e9s"},"content":{"rendered":"<p>Les vitamines et les min\u00e9raux sont des nutriments essentiels qui interviennent dans de nombreux processus et fonctions de l&#8217;organisme.<\/p>\n<p>Multivitamin Daily compl\u00e8te l&#8217;alimentation quotidienne et permet d&#8217;\u00e9viter les carences.<\/p>\n<p>Les comprim\u00e9s contiennent les vitamines A, C, D3, E, B1, B2, B3, B5, B6, B7, B9 et B12, ainsi que les min\u00e9raux suivants : calcium, zinc et s\u00e9l\u00e9nium.<\/p>\n<ul>\n<li>V\u00e9gan<\/li>\n<li>Sans gluten<\/li>\n<li>Sans lactose<\/li>\n<li>Sans OGM<\/li>\n<li>Fabriqu\u00e9 selon les normes de qualit\u00e9 strictes de l&#8217;UE<\/li>\n<\/ul>\n","protected":false},"excerpt":{"rendered":"<p>Les vitamines et les min\u00e9raux sont des nutriments essentiels qui interviennent dans de nombreux processus et fonctions de l&#8217;organisme. Multivitamin Daily compl\u00e8te l&#8217;alimentation quotidienne et permet d&#8217;\u00e9viter les carences. Les comprim\u00e9s contiennent les vitamines A, C, D3, E, B1, B2, B3, B5, B6, B7, B9 et B12, ainsi que les min\u00e9raux suivants : calcium, zinc [&hellip;]<\/p>\n","protected":false},"featured_media":60520,"template":"","meta":{"_acf_changed":false},"product_brand":[10217],"product_cat":[308,365],"product_tag":[],"class_list":{"0":"post-65780","1":"product","2":"type-product","3":"status-publish","4":"has-post-thumbnail","6":"product_brand-vit4ever-fr","7":"product_cat-vitamines","8":"product_cat-produits-de-a-a-z","10":"first","11":"instock","12":"taxable","13":"shipping-taxable","14":"purchasable","15":"product-type-simple"},"acf":[],"_links":{"self":[{"href":"https:\/\/vitalstoffversand.com\/fr\/wp-json\/wp\/v2\/product\/65780","targetHints":{"allow":["GET"]}}],"collection":[{"href":"https:\/\/vitalstoffversand.com\/fr\/wp-json\/wp\/v2\/product"}],"about":[{"href":"https:\/\/vitalstoffversand.com\/fr\/wp-json\/wp\/v2\/types\/product"}],"wp:featuredmedia":[{"embeddable":true,"href":"https:\/\/vitalstoffversand.com\/fr\/wp-json\/wp\/v2\/media\/60520"}],"wp:attachment":[{"href":"https:\/\/vitalstoffversand.com\/fr\/wp-json\/wp\/v2\/media?parent=65780"}],"wp:term":[{"taxonomy":"product_brand","embeddable":true,"href":"https:\/\/vitalstoffversand.com\/fr\/wp-json\/wp\/v2\/product_brand?post=65780"},{"taxonomy":"product_cat","embeddable":true,"href":"https:\/\/vitalstoffversand.com\/fr\/wp-json\/wp\/v2\/product_cat?post=65780"},{"taxonomy":"product_tag","embeddable":true,"href":"https:\/\/vitalstoffversand.com\/fr\/wp-json\/wp\/v2\/product_tag?post=65780"}],"curies":[{"name":"wp","href":"https:\/\/api.w.org\/{rel}","templated":true}]}}