{"id":65774,"date":"2025-09-01T18:53:26","date_gmt":"2025-09-01T16:53:26","guid":{"rendered":"https:\/\/vitalstoffversand.com\/produkt\/vit4ever-nattokinase-365-gelules\/"},"modified":"2026-03-21T15:54:26","modified_gmt":"2026-03-21T14:54:26","slug":"vit4ever-nattokinase-365-gelules","status":"publish","type":"product","link":"https:\/\/vitalstoffversand.com\/fr\/produit\/vit4ever-nattokinase-365-gelules\/","title":{"rendered":"Vit4ever <br>Nattokinase &#8211; 365 g\u00e9lules"},"content":{"rendered":"<p>G\u00e9lules de nattokinase contenant 100 mg de nattokinase pure par g\u00e9lule.<\/p>\n<p>La nattokinase est une enzyme issue de l&#8217;aliment traditionnel japonais, le natto, lui-m\u00eame compos\u00e9 de graines de soja ferment\u00e9es.<\/p>\n<ul>\n<li>V\u00e9gan<\/li>\n<li>Sans gluten<\/li>\n<li>Sans lactose<\/li>\n<li>Sans OGM<\/li>\n<li>Fabriqu\u00e9 selon les normes de qualit\u00e9 strictes de l&#8217;UE<\/li>\n<\/ul>\n","protected":false},"excerpt":{"rendered":"<p>G\u00e9lules de nattokinase contenant 100 mg de nattokinase pure par g\u00e9lule. La nattokinase est une enzyme issue de l&#8217;aliment traditionnel japonais, le natto, lui-m\u00eame compos\u00e9 de graines de soja ferment\u00e9es. V\u00e9gan Sans gluten Sans lactose Sans OGM Fabriqu\u00e9 selon les normes de qualit\u00e9 strictes de l&#8217;UE<\/p>\n","protected":false},"featured_media":55167,"template":"","meta":{"_acf_changed":false},"product_brand":[10217],"product_cat":[348,365],"product_tag":[],"class_list":{"0":"post-65774","1":"product","2":"type-product","3":"status-publish","4":"has-post-thumbnail","6":"product_brand-vit4ever-fr","7":"product_cat-nutriments","8":"product_cat-produits-de-a-a-z","10":"first","11":"instock","12":"taxable","13":"shipping-taxable","14":"purchasable","15":"product-type-simple"},"acf":[],"_links":{"self":[{"href":"https:\/\/vitalstoffversand.com\/fr\/wp-json\/wp\/v2\/product\/65774","targetHints":{"allow":["GET"]}}],"collection":[{"href":"https:\/\/vitalstoffversand.com\/fr\/wp-json\/wp\/v2\/product"}],"about":[{"href":"https:\/\/vitalstoffversand.com\/fr\/wp-json\/wp\/v2\/types\/product"}],"wp:featuredmedia":[{"embeddable":true,"href":"https:\/\/vitalstoffversand.com\/fr\/wp-json\/wp\/v2\/media\/55167"}],"wp:attachment":[{"href":"https:\/\/vitalstoffversand.com\/fr\/wp-json\/wp\/v2\/media?parent=65774"}],"wp:term":[{"taxonomy":"product_brand","embeddable":true,"href":"https:\/\/vitalstoffversand.com\/fr\/wp-json\/wp\/v2\/product_brand?post=65774"},{"taxonomy":"product_cat","embeddable":true,"href":"https:\/\/vitalstoffversand.com\/fr\/wp-json\/wp\/v2\/product_cat?post=65774"},{"taxonomy":"product_tag","embeddable":true,"href":"https:\/\/vitalstoffversand.com\/fr\/wp-json\/wp\/v2\/product_tag?post=65774"}],"curies":[{"name":"wp","href":"https:\/\/api.w.org\/{rel}","templated":true}]}}