{"id":65765,"date":"2025-09-01T18:51:00","date_gmt":"2025-09-01T16:51:00","guid":{"rendered":"https:\/\/vitalstoffversand.com\/produkt\/vit4ever-lactase-depot-13000-365-comprimes\/"},"modified":"2026-03-21T15:54:47","modified_gmt":"2026-03-21T14:54:47","slug":"vit4ever-lactase-depot-13000-365-comprimes","status":"publish","type":"product","link":"https:\/\/vitalstoffversand.com\/fr\/produit\/vit4ever-lactase-depot-13000-365-comprimes\/","title":{"rendered":"Vit4ever <br>Lactase Depot 13000 &#8211; 365 comprim\u00e9s"},"content":{"rendered":"<p><a href=\"https:\/\/vitalstoffversand.com\/knowledge-base\/lactase\/\" target=\"_blank\" rel=\"noopener\"><strong><span style=\"color: #0000ff;\">\u2192 La lactase<\/span><\/strong><\/a> am\u00e9liore la digestion du lactose chez les personnes qui ont des probl\u00e8mes de digestion (r\u00e8glement Health Claim).<\/p>\n<p>L&#8217;intol\u00e9rance au lactose est une r\u00e9action d&#8217;intol\u00e9rance d\u00e9clench\u00e9e par la consommation de lactose (sucre de lait), que l&#8217;on trouve principalement dans le lait et les produits laitiers.<\/p>\n<p>Gr\u00e2ce \u00e0 l&#8217;enzyme lactase, le lactose est d\u00e9compos\u00e9 dans l&#8217;intestin et les troubles de l&#8217;appareil digestif sont \u00e9vit\u00e9s.<\/p>\n<p>Les comprim\u00e9s ont une teneur de 13 000 unit\u00e9s FCC et s&#8217;int\u00e8grent facilement dans la vie quotidienne.<\/p>\n<ul>\n<li>V\u00e9gan<\/li>\n<li>Sans gluten<\/li>\n<li>Sans lactose<\/li>\n<li>Sans OGM<\/li>\n<li>Fabriqu\u00e9 selon les normes de qualit\u00e9 strictes de l&#8217;UE<\/li>\n<\/ul>\n","protected":false},"excerpt":{"rendered":"<p>\u2192 La lactase am\u00e9liore la digestion du lactose chez les personnes qui ont des probl\u00e8mes de digestion (r\u00e8glement Health Claim). L&#8217;intol\u00e9rance au lactose est une r\u00e9action d&#8217;intol\u00e9rance d\u00e9clench\u00e9e par la consommation de lactose (sucre de lait), que l&#8217;on trouve principalement dans le lait et les produits laitiers. Gr\u00e2ce \u00e0 l&#8217;enzyme lactase, le lactose est d\u00e9compos\u00e9 [&hellip;]<\/p>\n","protected":false},"featured_media":54927,"template":"","meta":{"_acf_changed":false},"product_brand":[10217],"product_cat":[348,365],"product_tag":[],"class_list":{"0":"post-65765","1":"product","2":"type-product","3":"status-publish","4":"has-post-thumbnail","6":"product_brand-vit4ever-fr","7":"product_cat-nutriments","8":"product_cat-produits-de-a-a-z","10":"first","11":"instock","12":"taxable","13":"shipping-taxable","14":"purchasable","15":"product-type-simple"},"acf":[],"_links":{"self":[{"href":"https:\/\/vitalstoffversand.com\/fr\/wp-json\/wp\/v2\/product\/65765","targetHints":{"allow":["GET"]}}],"collection":[{"href":"https:\/\/vitalstoffversand.com\/fr\/wp-json\/wp\/v2\/product"}],"about":[{"href":"https:\/\/vitalstoffversand.com\/fr\/wp-json\/wp\/v2\/types\/product"}],"wp:featuredmedia":[{"embeddable":true,"href":"https:\/\/vitalstoffversand.com\/fr\/wp-json\/wp\/v2\/media\/54927"}],"wp:attachment":[{"href":"https:\/\/vitalstoffversand.com\/fr\/wp-json\/wp\/v2\/media?parent=65765"}],"wp:term":[{"taxonomy":"product_brand","embeddable":true,"href":"https:\/\/vitalstoffversand.com\/fr\/wp-json\/wp\/v2\/product_brand?post=65765"},{"taxonomy":"product_cat","embeddable":true,"href":"https:\/\/vitalstoffversand.com\/fr\/wp-json\/wp\/v2\/product_cat?post=65765"},{"taxonomy":"product_tag","embeddable":true,"href":"https:\/\/vitalstoffversand.com\/fr\/wp-json\/wp\/v2\/product_tag?post=65765"}],"curies":[{"name":"wp","href":"https:\/\/api.w.org\/{rel}","templated":true}]}}