{"id":65749,"date":"2025-09-01T18:56:06","date_gmt":"2025-09-01T16:56:06","guid":{"rendered":"https:\/\/vitalstoffversand.com\/produkt\/vit4ever-vitamine-d3-5-000-ui-k2-240-comprimes\/"},"modified":"2026-03-21T15:54:09","modified_gmt":"2026-03-21T14:54:09","slug":"vit4ever-vitamine-d3-5-000-ui-k2-240-comprimes","status":"publish","type":"product","link":"https:\/\/vitalstoffversand.com\/fr\/produit\/vit4ever-vitamine-d3-5-000-ui-k2-240-comprimes\/","title":{"rendered":"Vit4ever <br>Vitamine D3 5 000 UI + K2 &#8211; 240 comprim\u00e9s"},"content":{"rendered":"<p><a href=\"https:\/\/vitalstoffversand.com\/knowledge-base\/vitamin-d\/\" target=\"_blank\" rel=\"noopener\"><span style=\"color: #0000ff;\"><strong>\u2192 La vitamine D3<\/strong><\/span><\/a> est souvent appel\u00e9e \u00ab vitamine du soleil \u00bb et participe \u00e0 de multiples fonctions dans l&#8217;organisme.<\/p>\n<p>Compl\u00e9t\u00e9e de mani\u00e8re optimale par <a href=\"https:\/\/vitalstoffversand.com\/knowledge-base\/vitamin-k\/\" target=\"_blank\" rel=\"noopener\"><strong><span style=\"color: #0000ff;\">\u2192 la vitamine K2<\/span><\/strong><\/a>, qui est un partenaire optimal de la vitamine D, la vitamine D3 5000 UI + K2 est id\u00e9ale pour maintenir un taux sain de vitamine D dans l&#8217;organisme.<\/p>\n<ul>\n<li>Vegetarisch<\/li>\n<li>Sans gluten<\/li>\n<li>Sans lactose<\/li>\n<li>Sans OGM<\/li>\n<li>Fabriqu\u00e9 selon les normes de qualit\u00e9 strictes de l&#8217;UE<\/li>\n<\/ul>\n","protected":false},"excerpt":{"rendered":"<p>\u2192 La vitamine D3 est souvent appel\u00e9e \u00ab vitamine du soleil \u00bb et participe \u00e0 de multiples fonctions dans l&#8217;organisme. Compl\u00e9t\u00e9e de mani\u00e8re optimale par \u2192 la vitamine K2, qui est un partenaire optimal de la vitamine D, la vitamine D3 5000 UI + K2 est id\u00e9ale pour maintenir un taux sain de vitamine D [&hellip;]<\/p>\n","protected":false},"featured_media":65733,"template":"","meta":{"_acf_changed":false},"product_brand":[10217],"product_cat":[308,365],"product_tag":[],"class_list":{"0":"post-65749","1":"product","2":"type-product","3":"status-publish","4":"has-post-thumbnail","6":"product_brand-vit4ever-fr","7":"product_cat-vitamines","8":"product_cat-produits-de-a-a-z","10":"first","11":"instock","12":"taxable","13":"shipping-taxable","14":"purchasable","15":"product-type-simple"},"acf":[],"_links":{"self":[{"href":"https:\/\/vitalstoffversand.com\/fr\/wp-json\/wp\/v2\/product\/65749","targetHints":{"allow":["GET"]}}],"collection":[{"href":"https:\/\/vitalstoffversand.com\/fr\/wp-json\/wp\/v2\/product"}],"about":[{"href":"https:\/\/vitalstoffversand.com\/fr\/wp-json\/wp\/v2\/types\/product"}],"wp:featuredmedia":[{"embeddable":true,"href":"https:\/\/vitalstoffversand.com\/fr\/wp-json\/wp\/v2\/media\/65733"}],"wp:attachment":[{"href":"https:\/\/vitalstoffversand.com\/fr\/wp-json\/wp\/v2\/media?parent=65749"}],"wp:term":[{"taxonomy":"product_brand","embeddable":true,"href":"https:\/\/vitalstoffversand.com\/fr\/wp-json\/wp\/v2\/product_brand?post=65749"},{"taxonomy":"product_cat","embeddable":true,"href":"https:\/\/vitalstoffversand.com\/fr\/wp-json\/wp\/v2\/product_cat?post=65749"},{"taxonomy":"product_tag","embeddable":true,"href":"https:\/\/vitalstoffversand.com\/fr\/wp-json\/wp\/v2\/product_tag?post=65749"}],"curies":[{"name":"wp","href":"https:\/\/api.w.org\/{rel}","templated":true}]}}