{"id":65726,"date":"2025-09-01T18:47:09","date_gmt":"2025-09-01T16:47:09","guid":{"rendered":"https:\/\/vitalstoffversand.com\/produkt\/vit4ever-astaxanthine-60-gelules\/"},"modified":"2025-09-01T18:47:09","modified_gmt":"2025-09-01T16:47:09","slug":"vit4ever-astaxanthine-60-gelules","status":"publish","type":"product","link":"https:\/\/vitalstoffversand.com\/fr\/produit\/vit4ever-astaxanthine-60-gelules\/","title":{"rendered":"Vit4ever <br>Astaxanthine &#8211; 60 g\u00e9lules"},"content":{"rendered":"<p>L&#8217;astaxanthine est un puissant antioxydant naturel et fait partie des carot\u00e9no\u00efdes.<\/p>\n<p>Il est produit entre autres par des algues, notamment la microalgue Haematococcus pluvialis, qui est \u00e9galement \u00e0 la base de ce produit.<\/p>\n<p>Certaines \u00e9tudes ont montr\u00e9 que l&#8217;astaxanthine peut avoir un effet cent fois plus puissant que les vitamines C et E et le Q10, par exemple, qui font \u00e9galement partie des antioxydants.<\/p>\n<p>Le produit est \u00e9galement enrichi en vitamine E naturelle, qui est un autre antioxydant puissant.<\/p>\n<ul>\n<li>Sans gluten<\/li>\n<li>Sans lactose<\/li>\n<li>Sans OGM<\/li>\n<li>Fabriqu\u00e9 selon les normes de qualit\u00e9 strictes de l&#8217;UE<\/li>\n<\/ul>\n","protected":false},"excerpt":{"rendered":"<p>L&#8217;astaxanthine est un puissant antioxydant naturel et fait partie des carot\u00e9no\u00efdes. Il est produit entre autres par des algues, notamment la microalgue Haematococcus pluvialis, qui est \u00e9galement \u00e0 la base de ce produit. Certaines \u00e9tudes ont montr\u00e9 que l&#8217;astaxanthine peut avoir un effet cent fois plus puissant que les vitamines C et E et le [&hellip;]<\/p>\n","protected":false},"featured_media":54575,"template":"","meta":{"_acf_changed":false},"product_brand":[10217],"product_cat":[348,365],"product_tag":[],"class_list":{"0":"post-65726","1":"product","2":"type-product","3":"status-publish","4":"has-post-thumbnail","6":"product_brand-vit4ever-fr","7":"product_cat-nutriments","8":"product_cat-produits-de-a-a-z","10":"first","11":"instock","12":"taxable","13":"shipping-taxable","14":"purchasable","15":"product-type-simple"},"acf":[],"_links":{"self":[{"href":"https:\/\/vitalstoffversand.com\/fr\/wp-json\/wp\/v2\/product\/65726","targetHints":{"allow":["GET"]}}],"collection":[{"href":"https:\/\/vitalstoffversand.com\/fr\/wp-json\/wp\/v2\/product"}],"about":[{"href":"https:\/\/vitalstoffversand.com\/fr\/wp-json\/wp\/v2\/types\/product"}],"wp:featuredmedia":[{"embeddable":true,"href":"https:\/\/vitalstoffversand.com\/fr\/wp-json\/wp\/v2\/media\/54575"}],"wp:attachment":[{"href":"https:\/\/vitalstoffversand.com\/fr\/wp-json\/wp\/v2\/media?parent=65726"}],"wp:term":[{"taxonomy":"product_brand","embeddable":true,"href":"https:\/\/vitalstoffversand.com\/fr\/wp-json\/wp\/v2\/product_brand?post=65726"},{"taxonomy":"product_cat","embeddable":true,"href":"https:\/\/vitalstoffversand.com\/fr\/wp-json\/wp\/v2\/product_cat?post=65726"},{"taxonomy":"product_tag","embeddable":true,"href":"https:\/\/vitalstoffversand.com\/fr\/wp-json\/wp\/v2\/product_tag?post=65726"}],"curies":[{"name":"wp","href":"https:\/\/api.w.org\/{rel}","templated":true}]}}