{"id":65705,"date":"2025-09-01T18:50:22","date_gmt":"2025-09-01T16:50:22","guid":{"rendered":"https:\/\/vitalstoffversand.com\/produkt\/vit4ever-l-tyrosine-365-gelules\/"},"modified":"2026-03-21T15:54:51","modified_gmt":"2026-03-21T14:54:51","slug":"vit4ever-l-tyrosine-365-gelules","status":"publish","type":"product","link":"https:\/\/vitalstoffversand.com\/fr\/produit\/vit4ever-l-tyrosine-365-gelules\/","title":{"rendered":"Vit4ever <br>L-tyrosine &#8211; 365 g\u00e9lules"},"content":{"rendered":"<p>La L-tyrosine est un acide amin\u00e9 prot\u00e9inog\u00e8ne non essentiel et fait partie des neurotransmetteurs.<\/p>\n<p>En tant que messager du syst\u00e8me nerveux, elle favorise la formation de dopamine, \u00e9galement connue sous le nom d&#8217;hormone du bonheur.<\/p>\n<p>La dopamine peut am\u00e9liorer l&#8217;humeur et avoir un effet positif sur la r\u00e9activit\u00e9 et la concentration.<\/p>\n<ul>\n<li>V\u00e9gan<\/li>\n<li>Sans gluten<\/li>\n<li>Sans lactose<\/li>\n<li>Sans OGM<\/li>\n<li>Fabriqu\u00e9 selon les normes de qualit\u00e9 strictes de l&#8217;UE<\/li>\n<\/ul>\n","protected":false},"excerpt":{"rendered":"<p>La L-tyrosine est un acide amin\u00e9 prot\u00e9inog\u00e8ne non essentiel et fait partie des neurotransmetteurs. En tant que messager du syst\u00e8me nerveux, elle favorise la formation de dopamine, \u00e9galement connue sous le nom d&#8217;hormone du bonheur. La dopamine peut am\u00e9liorer l&#8217;humeur et avoir un effet positif sur la r\u00e9activit\u00e9 et la concentration. V\u00e9gan Sans gluten Sans [&hellip;]<\/p>\n","protected":false},"featured_media":65690,"template":"","meta":{"_acf_changed":false},"product_brand":[10217],"product_cat":[332,365],"product_tag":[],"class_list":{"0":"post-65705","1":"product","2":"type-product","3":"status-publish","4":"has-post-thumbnail","6":"product_brand-vit4ever-fr","7":"product_cat-acides-amines","8":"product_cat-produits-de-a-a-z","10":"first","11":"instock","12":"taxable","13":"shipping-taxable","14":"purchasable","15":"product-type-simple"},"acf":[],"_links":{"self":[{"href":"https:\/\/vitalstoffversand.com\/fr\/wp-json\/wp\/v2\/product\/65705","targetHints":{"allow":["GET"]}}],"collection":[{"href":"https:\/\/vitalstoffversand.com\/fr\/wp-json\/wp\/v2\/product"}],"about":[{"href":"https:\/\/vitalstoffversand.com\/fr\/wp-json\/wp\/v2\/types\/product"}],"wp:featuredmedia":[{"embeddable":true,"href":"https:\/\/vitalstoffversand.com\/fr\/wp-json\/wp\/v2\/media\/65690"}],"wp:attachment":[{"href":"https:\/\/vitalstoffversand.com\/fr\/wp-json\/wp\/v2\/media?parent=65705"}],"wp:term":[{"taxonomy":"product_brand","embeddable":true,"href":"https:\/\/vitalstoffversand.com\/fr\/wp-json\/wp\/v2\/product_brand?post=65705"},{"taxonomy":"product_cat","embeddable":true,"href":"https:\/\/vitalstoffversand.com\/fr\/wp-json\/wp\/v2\/product_cat?post=65705"},{"taxonomy":"product_tag","embeddable":true,"href":"https:\/\/vitalstoffversand.com\/fr\/wp-json\/wp\/v2\/product_tag?post=65705"}],"curies":[{"name":"wp","href":"https:\/\/api.w.org\/{rel}","templated":true}]}}