{"id":65684,"date":"2025-09-01T18:49:38","date_gmt":"2025-09-01T16:49:38","guid":{"rendered":"https:\/\/vitalstoffversand.com\/produkt\/vit4ever-acide-hyaluronique-180-gelules\/"},"modified":"2026-03-21T15:55:00","modified_gmt":"2026-03-21T14:55:00","slug":"vit4ever-acide-hyaluronique-180-gelules","status":"publish","type":"product","link":"https:\/\/vitalstoffversand.com\/fr\/produit\/vit4ever-acide-hyaluronique-180-gelules\/","title":{"rendered":"Vit4ever <br>Acide hyaluronique &#8211; 180 g\u00e9lules"},"content":{"rendered":"<p>L&#8217;acide hyaluronique est un composant essentiel du tissu conjonctif, du cartilage et du liquide synovial.<\/p>\n<p>En raison de sa forte capacit\u00e9 \u00e0 retenir l&#8217;eau, l&#8217;acide hyaluronique est donc fr\u00e9quemment utilis\u00e9 dans l&#8217;industrie cosm\u00e9tique.<\/p>\n<p>Notre corps produit lui-m\u00eame de l&#8217;acide hyaluronique, mais il est possible de soutenir ce processus \u2013 notamment lorsque la production endog\u00e8ne diminue avec l&#8217;\u00e2ge \u2013 par un apport suppl\u00e9mentaire en acide hyaluronique.<\/p>\n<ul>\n<li>V\u00e9gan<\/li>\n<li>Sans gluten<\/li>\n<li>Sans lactose<\/li>\n<li>Sans OGM<\/li>\n<li>Fabriqu\u00e9 selon les normes de qualit\u00e9 strictes de l&#8217;UE<\/li>\n<\/ul>\n","protected":false},"excerpt":{"rendered":"<p>L&#8217;acide hyaluronique est un composant essentiel du tissu conjonctif, du cartilage et du liquide synovial. En raison de sa forte capacit\u00e9 \u00e0 retenir l&#8217;eau, l&#8217;acide hyaluronique est donc fr\u00e9quemment utilis\u00e9 dans l&#8217;industrie cosm\u00e9tique. Notre corps produit lui-m\u00eame de l&#8217;acide hyaluronique, mais il est possible de soutenir ce processus \u2013 notamment lorsque la production endog\u00e8ne diminue [&hellip;]<\/p>\n","protected":false},"featured_media":54511,"template":"","meta":{"_acf_changed":false},"product_brand":[10217],"product_cat":[348,365],"product_tag":[],"class_list":{"0":"post-65684","1":"product","2":"type-product","3":"status-publish","4":"has-post-thumbnail","6":"product_brand-vit4ever-fr","7":"product_cat-nutriments","8":"product_cat-produits-de-a-a-z","10":"first","11":"outofstock","12":"taxable","13":"shipping-taxable","14":"purchasable","15":"product-type-simple"},"acf":[],"_links":{"self":[{"href":"https:\/\/vitalstoffversand.com\/fr\/wp-json\/wp\/v2\/product\/65684","targetHints":{"allow":["GET"]}}],"collection":[{"href":"https:\/\/vitalstoffversand.com\/fr\/wp-json\/wp\/v2\/product"}],"about":[{"href":"https:\/\/vitalstoffversand.com\/fr\/wp-json\/wp\/v2\/types\/product"}],"wp:featuredmedia":[{"embeddable":true,"href":"https:\/\/vitalstoffversand.com\/fr\/wp-json\/wp\/v2\/media\/54511"}],"wp:attachment":[{"href":"https:\/\/vitalstoffversand.com\/fr\/wp-json\/wp\/v2\/media?parent=65684"}],"wp:term":[{"taxonomy":"product_brand","embeddable":true,"href":"https:\/\/vitalstoffversand.com\/fr\/wp-json\/wp\/v2\/product_brand?post=65684"},{"taxonomy":"product_cat","embeddable":true,"href":"https:\/\/vitalstoffversand.com\/fr\/wp-json\/wp\/v2\/product_cat?post=65684"},{"taxonomy":"product_tag","embeddable":true,"href":"https:\/\/vitalstoffversand.com\/fr\/wp-json\/wp\/v2\/product_tag?post=65684"}],"curies":[{"name":"wp","href":"https:\/\/api.w.org\/{rel}","templated":true}]}}