{"id":65675,"date":"2025-09-01T18:50:38","date_gmt":"2025-09-01T16:50:38","guid":{"rendered":"https:\/\/vitalstoffversand.com\/produkt\/vit4ever-lactase-7000-direct-365-comprimes\/"},"modified":"2026-03-21T15:54:47","modified_gmt":"2026-03-21T14:54:47","slug":"vit4ever-lactase-7000-direct-365-comprimes","status":"publish","type":"product","link":"https:\/\/vitalstoffversand.com\/fr\/produit\/vit4ever-lactase-7000-direct-365-comprimes\/","title":{"rendered":"Vit4ever <br>Lactase 7000 direct &#8211; 365 comprim\u00e9s"},"content":{"rendered":"<p>Lactase directe avec 7000 unit\u00e9s FCC.<\/p>\n<p>Dans la langue officielle, conform\u00e9ment au r\u00e8glement de l&#8217;EFSA sur les all\u00e9gations de sant\u00e9, on peut lire<\/p>\n<p>\u00ab Chez les personnes qui ont des probl\u00e8mes de digestion du lactose, la lactase am\u00e9liore la digestion du lactose \u00bb.<\/p>\n<p>Il n&#8217;y a pas grand-chose \u00e0 ajouter, ce qui rend ce produit particuli\u00e8rement int\u00e9ressant pour les personnes intol\u00e9rantes au lactose.<\/p>\n<ul>\n<li>V\u00e9gan<\/li>\n<li>Sans gluten<\/li>\n<li>Sans lactose<\/li>\n<li>Sans OGM<\/li>\n<li>Fabriqu\u00e9 selon les normes de qualit\u00e9 strictes de l&#8217;UE<\/li>\n<\/ul>\n","protected":false},"excerpt":{"rendered":"<p>Lactase directe avec 7000 unit\u00e9s FCC. Dans la langue officielle, conform\u00e9ment au r\u00e8glement de l&#8217;EFSA sur les all\u00e9gations de sant\u00e9, on peut lire \u00ab Chez les personnes qui ont des probl\u00e8mes de digestion du lactose, la lactase am\u00e9liore la digestion du lactose \u00bb. Il n&#8217;y a pas grand-chose \u00e0 ajouter, ce qui rend ce produit [&hellip;]<\/p>\n","protected":false},"featured_media":54479,"template":"","meta":{"_acf_changed":false},"product_brand":[10217],"product_cat":[348,365],"product_tag":[],"class_list":{"0":"post-65675","1":"product","2":"type-product","3":"status-publish","4":"has-post-thumbnail","6":"product_brand-vit4ever-fr","7":"product_cat-nutriments","8":"product_cat-produits-de-a-a-z","10":"first","11":"instock","12":"taxable","13":"shipping-taxable","14":"purchasable","15":"product-type-simple"},"acf":[],"_links":{"self":[{"href":"https:\/\/vitalstoffversand.com\/fr\/wp-json\/wp\/v2\/product\/65675","targetHints":{"allow":["GET"]}}],"collection":[{"href":"https:\/\/vitalstoffversand.com\/fr\/wp-json\/wp\/v2\/product"}],"about":[{"href":"https:\/\/vitalstoffversand.com\/fr\/wp-json\/wp\/v2\/types\/product"}],"wp:featuredmedia":[{"embeddable":true,"href":"https:\/\/vitalstoffversand.com\/fr\/wp-json\/wp\/v2\/media\/54479"}],"wp:attachment":[{"href":"https:\/\/vitalstoffversand.com\/fr\/wp-json\/wp\/v2\/media?parent=65675"}],"wp:term":[{"taxonomy":"product_brand","embeddable":true,"href":"https:\/\/vitalstoffversand.com\/fr\/wp-json\/wp\/v2\/product_brand?post=65675"},{"taxonomy":"product_cat","embeddable":true,"href":"https:\/\/vitalstoffversand.com\/fr\/wp-json\/wp\/v2\/product_cat?post=65675"},{"taxonomy":"product_tag","embeddable":true,"href":"https:\/\/vitalstoffversand.com\/fr\/wp-json\/wp\/v2\/product_tag?post=65675"}],"curies":[{"name":"wp","href":"https:\/\/api.w.org\/{rel}","templated":true}]}}