{"id":65599,"date":"2025-07-12T12:34:48","date_gmt":"2025-07-12T10:34:48","guid":{"rendered":"https:\/\/vitalstoffversand.com\/produkt\/vit4ever-bergamote-120-gelules\/"},"modified":"2025-07-12T12:34:48","modified_gmt":"2025-07-12T10:34:48","slug":"vit4ever-bergamote-120-gelules","status":"publish","type":"product","link":"https:\/\/vitalstoffversand.com\/fr\/produit\/vit4ever-bergamote-120-gelules\/","title":{"rendered":"Vit4ever <br>Bergamote &#8211; 120 g\u00e9lules"},"content":{"rendered":"<p>Le bergamote fait partie de la famille des agrumes.<\/p>\n<p>Cet extrait est riche en polyph\u00e9nols (par exemple, les flavono\u00efdes), qui font partie des substances v\u00e9g\u00e9tales secondaires.<\/p>\n<p>En tant qu&#8217;antioxydants, les polyph\u00e9nols contribuent \u00e0 prot\u00e9ger les cellules contre le stress oxydatif.<\/p>\n<ul>\n<li>V\u00e9gan<\/li>\n<li>Sans gluten<\/li>\n<li>Sans lactose<\/li>\n<li>Sans OGM<\/li>\n<li>Fabriqu\u00e9 selon les normes de qualit\u00e9 strictes de l&#8217;UE<\/li>\n<\/ul>\n","protected":false},"excerpt":{"rendered":"<p>Le bergamote fait partie de la famille des agrumes. Cet extrait est riche en polyph\u00e9nols (par exemple, les flavono\u00efdes), qui font partie des substances v\u00e9g\u00e9tales secondaires. En tant qu&#8217;antioxydants, les polyph\u00e9nols contribuent \u00e0 prot\u00e9ger les cellules contre le stress oxydatif. V\u00e9gan Sans gluten Sans lactose Sans OGM Fabriqu\u00e9 selon les normes de qualit\u00e9 strictes de [&hellip;]<\/p>\n","protected":false},"featured_media":65594,"template":"","meta":{"_acf_changed":false},"product_brand":[10217],"product_cat":[348,365],"product_tag":[],"class_list":{"0":"post-65599","1":"product","2":"type-product","3":"status-publish","4":"has-post-thumbnail","6":"product_brand-vit4ever-fr","7":"product_cat-nutriments","8":"product_cat-produits-de-a-a-z","10":"first","11":"instock","12":"taxable","13":"shipping-taxable","14":"purchasable","15":"product-type-simple"},"acf":[],"_links":{"self":[{"href":"https:\/\/vitalstoffversand.com\/fr\/wp-json\/wp\/v2\/product\/65599","targetHints":{"allow":["GET"]}}],"collection":[{"href":"https:\/\/vitalstoffversand.com\/fr\/wp-json\/wp\/v2\/product"}],"about":[{"href":"https:\/\/vitalstoffversand.com\/fr\/wp-json\/wp\/v2\/types\/product"}],"wp:featuredmedia":[{"embeddable":true,"href":"https:\/\/vitalstoffversand.com\/fr\/wp-json\/wp\/v2\/media\/65594"}],"wp:attachment":[{"href":"https:\/\/vitalstoffversand.com\/fr\/wp-json\/wp\/v2\/media?parent=65599"}],"wp:term":[{"taxonomy":"product_brand","embeddable":true,"href":"https:\/\/vitalstoffversand.com\/fr\/wp-json\/wp\/v2\/product_brand?post=65599"},{"taxonomy":"product_cat","embeddable":true,"href":"https:\/\/vitalstoffversand.com\/fr\/wp-json\/wp\/v2\/product_cat?post=65599"},{"taxonomy":"product_tag","embeddable":true,"href":"https:\/\/vitalstoffversand.com\/fr\/wp-json\/wp\/v2\/product_tag?post=65599"}],"curies":[{"name":"wp","href":"https:\/\/api.w.org\/{rel}","templated":true}]}}