{"id":65583,"date":"2025-09-24T18:35:52","date_gmt":"2025-09-24T16:35:52","guid":{"rendered":"https:\/\/vitalstoffversand.com\/produkt\/vit4ever-cosses-de-psyllium-1-000-g\/"},"modified":"2026-03-21T15:53:28","modified_gmt":"2026-03-21T14:53:28","slug":"vit4ever-cosses-de-psyllium-1-000-g","status":"publish","type":"product","link":"https:\/\/vitalstoffversand.com\/fr\/produit\/vit4ever-cosses-de-psyllium-1-000-g\/","title":{"rendered":"Vit4ever <br>Cosses de psyllium &#8211; 1 000 g"},"content":{"rendered":"<p>Les cosses de psyllium sont les cosses des graines de Plantago indica (Plantago psyllium).<\/p>\n<p>Ils sont extr\u00eamement riches en fibres et peuvent \u00eatre utilis\u00e9s de multiples fa\u00e7ons.<\/p>\n<p>Les enveloppes de graines de psyllium ont un fort pouvoir gonflant et sont donc tr\u00e8s appr\u00e9ci\u00e9es dans divers domaines.<\/p>\n<p>D&#8217;ailleurs, comme alternative, nous avons aussi <a href=\"https:\/\/vitalstoffversand.com\/produkt\/natura-med-bio-flohsamenschalen-250-g\/\" target=\"_blank\" rel=\"noopener\"><span style=\"color: #0000ff;\">Peaux de graines de puces bio Natura Med, 250 g<\/span><\/a> et <a href=\"https:\/\/vitalstoffversand.com\/produkt\/natura-med-bio-flohsamenschalen-500-g\/\"><span style=\"color: #0000ff;\">Natura Med Ecales de psyllium bio, 500 g<\/span><\/a> dans notre assortiment.<\/p>\n<ul>\n<li>V\u00e9gan<\/li>\n<li>Sans gluten<\/li>\n<li>Sans lactose<\/li>\n<li>Sans OGM<\/li>\n<li>Fabriqu\u00e9 selon les normes de qualit\u00e9 strictes de l&#8217;UE<\/li>\n<\/ul>\n","protected":false},"excerpt":{"rendered":"<p>Les cosses de psyllium sont les cosses des graines de Plantago indica (Plantago psyllium). Ils sont extr\u00eamement riches en fibres et peuvent \u00eatre utilis\u00e9s de multiples fa\u00e7ons. Les enveloppes de graines de psyllium ont un fort pouvoir gonflant et sont donc tr\u00e8s appr\u00e9ci\u00e9es dans divers domaines. D&#8217;ailleurs, comme alternative, nous avons aussi Peaux de graines [&hellip;]<\/p>\n","protected":false},"featured_media":59913,"template":"","meta":{"_acf_changed":false},"product_brand":[10217],"product_cat":[348,365],"product_tag":[],"class_list":{"0":"post-65583","1":"product","2":"type-product","3":"status-publish","4":"has-post-thumbnail","6":"product_brand-vit4ever-fr","7":"product_cat-nutriments","8":"product_cat-produits-de-a-a-z","10":"first","11":"instock","12":"taxable","13":"shipping-taxable","14":"purchasable","15":"product-type-simple"},"acf":[],"_links":{"self":[{"href":"https:\/\/vitalstoffversand.com\/fr\/wp-json\/wp\/v2\/product\/65583","targetHints":{"allow":["GET"]}}],"collection":[{"href":"https:\/\/vitalstoffversand.com\/fr\/wp-json\/wp\/v2\/product"}],"about":[{"href":"https:\/\/vitalstoffversand.com\/fr\/wp-json\/wp\/v2\/types\/product"}],"wp:featuredmedia":[{"embeddable":true,"href":"https:\/\/vitalstoffversand.com\/fr\/wp-json\/wp\/v2\/media\/59913"}],"wp:attachment":[{"href":"https:\/\/vitalstoffversand.com\/fr\/wp-json\/wp\/v2\/media?parent=65583"}],"wp:term":[{"taxonomy":"product_brand","embeddable":true,"href":"https:\/\/vitalstoffversand.com\/fr\/wp-json\/wp\/v2\/product_brand?post=65583"},{"taxonomy":"product_cat","embeddable":true,"href":"https:\/\/vitalstoffversand.com\/fr\/wp-json\/wp\/v2\/product_cat?post=65583"},{"taxonomy":"product_tag","embeddable":true,"href":"https:\/\/vitalstoffversand.com\/fr\/wp-json\/wp\/v2\/product_tag?post=65583"}],"curies":[{"name":"wp","href":"https:\/\/api.w.org\/{rel}","templated":true}]}}