{"id":65578,"date":"2025-06-20T11:30:39","date_gmt":"2025-06-20T09:30:39","guid":{"rendered":"https:\/\/vitalstoffversand.com\/produkt\/vit4ever-triphala-bio-365-gelules\/"},"modified":"2025-06-20T11:30:39","modified_gmt":"2025-06-20T09:30:39","slug":"vit4ever-triphala-bio-365-gelules","status":"publish","type":"product","link":"https:\/\/vitalstoffversand.com\/fr\/produit\/vit4ever-triphala-bio-365-gelules\/","title":{"rendered":"Vit4ever <br>Triphala bio &#8211; 365 g\u00e9lules"},"content":{"rendered":"<p>Le Triphala fait partie des m\u00e9langes de plantes les plus anciens issus de la tradition ayurv\u00e9dique.<\/p>\n<p>Ce nom fait r\u00e9f\u00e9rence \u00e0 la combinaison harmonieuse de haritaki, d&#8217;amalaki et de bibhitaki et signifie litt\u00e9ralement \u00ab trois fruits \u00bb.<\/p>\n<ul>\n<li>V\u00e9gan<\/li>\n<li>Sans gluten<\/li>\n<li>Sans lactose<\/li>\n<li>Sans OGM<\/li>\n<li>Fabriqu\u00e9 selon les normes de qualit\u00e9 strictes de l&#8217;UE<\/li>\n<\/ul>\n","protected":false},"excerpt":{"rendered":"<p>Le Triphala fait partie des m\u00e9langes de plantes les plus anciens issus de la tradition ayurv\u00e9dique. Ce nom fait r\u00e9f\u00e9rence \u00e0 la combinaison harmonieuse de haritaki, d&#8217;amalaki et de bibhitaki et signifie litt\u00e9ralement \u00ab trois fruits \u00bb. V\u00e9gan Sans gluten Sans lactose Sans OGM Fabriqu\u00e9 selon les normes de qualit\u00e9 strictes de l&#8217;UE<\/p>\n","protected":false},"featured_media":51830,"template":"","meta":{"_acf_changed":false},"product_brand":[10217],"product_cat":[348,306,365],"product_tag":[],"class_list":{"0":"post-65578","1":"product","2":"type-product","3":"status-publish","4":"has-post-thumbnail","6":"product_brand-vit4ever-fr","7":"product_cat-nutriments","8":"product_cat-bio-fr","9":"product_cat-produits-de-a-a-z","11":"first","12":"instock","13":"taxable","14":"shipping-taxable","15":"purchasable","16":"product-type-simple"},"acf":[],"_links":{"self":[{"href":"https:\/\/vitalstoffversand.com\/fr\/wp-json\/wp\/v2\/product\/65578","targetHints":{"allow":["GET"]}}],"collection":[{"href":"https:\/\/vitalstoffversand.com\/fr\/wp-json\/wp\/v2\/product"}],"about":[{"href":"https:\/\/vitalstoffversand.com\/fr\/wp-json\/wp\/v2\/types\/product"}],"wp:featuredmedia":[{"embeddable":true,"href":"https:\/\/vitalstoffversand.com\/fr\/wp-json\/wp\/v2\/media\/51830"}],"wp:attachment":[{"href":"https:\/\/vitalstoffversand.com\/fr\/wp-json\/wp\/v2\/media?parent=65578"}],"wp:term":[{"taxonomy":"product_brand","embeddable":true,"href":"https:\/\/vitalstoffversand.com\/fr\/wp-json\/wp\/v2\/product_brand?post=65578"},{"taxonomy":"product_cat","embeddable":true,"href":"https:\/\/vitalstoffversand.com\/fr\/wp-json\/wp\/v2\/product_cat?post=65578"},{"taxonomy":"product_tag","embeddable":true,"href":"https:\/\/vitalstoffversand.com\/fr\/wp-json\/wp\/v2\/product_tag?post=65578"}],"curies":[{"name":"wp","href":"https:\/\/api.w.org\/{rel}","templated":true}]}}