{"id":65566,"date":"2025-09-22T15:09:34","date_gmt":"2025-09-22T13:09:34","guid":{"rendered":"https:\/\/vitalstoffversand.com\/produkt\/vit4ever-vitamine-d3-20-000-ui-k2-100-comprimes\/"},"modified":"2026-03-21T15:53:33","modified_gmt":"2026-03-21T14:53:33","slug":"vit4ever-vitamine-d3-20-000-ui-k2-100-comprimes","status":"publish","type":"product","link":"https:\/\/vitalstoffversand.com\/fr\/produit\/vit4ever-vitamine-d3-20-000-ui-k2-100-comprimes\/","title":{"rendered":"Vit4ever <br>Vitamine D3 20 000 UI + K2 &#8211; 100 comprim\u00e9s"},"content":{"rendered":"<p>La &#8220;vitamine du soleil&#8221; <a href=\"https:\/\/vitalstoffversand.com\/knowledge-base\/vitamin-d\/\" target=\"_blank\" rel=\"noopener\"><span style=\"color: #0000ff;\"><strong>\u2192 la vitamine D3<\/strong><\/span><\/a> Et aussi la <a href=\"https:\/\/vitalstoffversand.com\/knowledge-base\/vitamin-k\/\" target=\"_blank\" rel=\"noopener\"><strong><span style=\"color: #0000ff;\">\u2192 vitamine K2<\/span><\/strong><\/a> forment une combinaison id\u00e9ale.<\/p>\n<p>La vitamine K active les prot\u00e9ines n\u00e9cessaires au m\u00e9tabolisme du calcium, qui interviennent ensuite dans les processus m\u00e9taboliques impliquant la vitamine D.<\/p>\n<ul>\n<li>Vegetarisch<\/li>\n<li>Sans gluten<\/li>\n<li>Sans lactose<\/li>\n<li>Sans OGM<\/li>\n<li>Fabriqu\u00e9 selon les normes de qualit\u00e9 strictes de l&#8217;UE<\/li>\n<\/ul>\n","protected":false},"excerpt":{"rendered":"<p>La &#8220;vitamine du soleil&#8221; \u2192 la vitamine D3 Et aussi la \u2192 vitamine K2 forment une combinaison id\u00e9ale. La vitamine K active les prot\u00e9ines n\u00e9cessaires au m\u00e9tabolisme du calcium, qui interviennent ensuite dans les processus m\u00e9taboliques impliquant la vitamine D. Vegetarisch Sans gluten Sans lactose Sans OGM Fabriqu\u00e9 selon les normes de qualit\u00e9 strictes de [&hellip;]<\/p>\n","protected":false},"featured_media":50684,"template":"","meta":{"_acf_changed":false},"product_brand":[10217],"product_cat":[308,365],"product_tag":[],"class_list":{"0":"post-65566","1":"product","2":"type-product","3":"status-publish","4":"has-post-thumbnail","6":"product_brand-vit4ever-fr","7":"product_cat-vitamines","8":"product_cat-produits-de-a-a-z","10":"first","11":"instock","12":"taxable","13":"shipping-taxable","14":"purchasable","15":"product-type-simple"},"acf":[],"_links":{"self":[{"href":"https:\/\/vitalstoffversand.com\/fr\/wp-json\/wp\/v2\/product\/65566","targetHints":{"allow":["GET"]}}],"collection":[{"href":"https:\/\/vitalstoffversand.com\/fr\/wp-json\/wp\/v2\/product"}],"about":[{"href":"https:\/\/vitalstoffversand.com\/fr\/wp-json\/wp\/v2\/types\/product"}],"wp:featuredmedia":[{"embeddable":true,"href":"https:\/\/vitalstoffversand.com\/fr\/wp-json\/wp\/v2\/media\/50684"}],"wp:attachment":[{"href":"https:\/\/vitalstoffversand.com\/fr\/wp-json\/wp\/v2\/media?parent=65566"}],"wp:term":[{"taxonomy":"product_brand","embeddable":true,"href":"https:\/\/vitalstoffversand.com\/fr\/wp-json\/wp\/v2\/product_brand?post=65566"},{"taxonomy":"product_cat","embeddable":true,"href":"https:\/\/vitalstoffversand.com\/fr\/wp-json\/wp\/v2\/product_cat?post=65566"},{"taxonomy":"product_tag","embeddable":true,"href":"https:\/\/vitalstoffversand.com\/fr\/wp-json\/wp\/v2\/product_tag?post=65566"}],"curies":[{"name":"wp","href":"https:\/\/api.w.org\/{rel}","templated":true}]}}