{"id":65508,"date":"2025-09-19T17:21:38","date_gmt":"2025-09-19T15:21:38","guid":{"rendered":"https:\/\/vitalstoffversand.com\/produkt\/gen-huile-de-poisson-omega-3-300-gelules\/"},"modified":"2026-03-21T15:53:40","modified_gmt":"2026-03-21T14:53:40","slug":"gen-huile-de-poisson-omega-3-300-gelules","status":"publish","type":"product","link":"https:\/\/vitalstoffversand.com\/fr\/produit\/gen-huile-de-poisson-omega-3-300-gelules\/","title":{"rendered":"GEN <br>Huile de poisson om\u00e9ga-3 &#8211; 300 g\u00e9lules"},"content":{"rendered":"<p>Les acides gras om\u00e9ga 3 sont essentiels pour notre corps et doivent \u00eatre apport\u00e9s par l&#8217;alimentation.<\/p>\n<p>Chaque g\u00e9lule d&#8217;huile de poisson om\u00e9ga-3 t&#8217;apporte 1 000 mg d&#8217;huile de poisson, dont 800 mg d&#8217;om\u00e9ga-3 purs. Ceux-ci se r\u00e9partissent en 500 mg d&#8217;EPA et 250 mg de DHA.<\/p>\n<p>Le rapport 2:1 entre l&#8217;EPA et le DHA correspond au rapport scientifiquement recommand\u00e9 entre l&#8217;acide eicosapenta\u00e9no\u00efque et l&#8217;acide docosahexa\u00e9no\u00efque.<\/p>\n<p>Gr\u00e2ce \u00e0 sa forme sous forme de triglyc\u00e9rides, l&#8217;om\u00e9ga-3 pr\u00e9sente une biodisponibilit\u00e9 \u00e9lev\u00e9e et est assimil\u00e9 de mani\u00e8re optimale par l&#8217;organisme.<\/p>\n<ul>\n<li>Sans gluten<\/li>\n<li>Sans lactose<\/li>\n<li>Sans OGM<\/li>\n<li>Fabriqu\u00e9 selon les normes de qualit\u00e9 strictes de l&#8217;UE<\/li>\n<\/ul>\n","protected":false},"excerpt":{"rendered":"<p>Les acides gras om\u00e9ga 3 sont essentiels pour notre corps et doivent \u00eatre apport\u00e9s par l&#8217;alimentation. Chaque g\u00e9lule d&#8217;huile de poisson om\u00e9ga-3 t&#8217;apporte 1 000 mg d&#8217;huile de poisson, dont 800 mg d&#8217;om\u00e9ga-3 purs. Ceux-ci se r\u00e9partissent en 500 mg d&#8217;EPA et 250 mg de DHA. Le rapport 2:1 entre l&#8217;EPA et le DHA correspond [&hellip;]<\/p>\n","protected":false},"featured_media":48988,"template":"","meta":{"_acf_changed":false},"product_brand":[10197],"product_cat":[337,365],"product_tag":[],"class_list":{"0":"post-65508","1":"product","2":"type-product","3":"status-publish","4":"has-post-thumbnail","6":"product_brand-gen-german-elite-nutrition-fr","7":"product_cat-acides-gras","8":"product_cat-produits-de-a-a-z","10":"first","11":"instock","12":"taxable","13":"shipping-taxable","14":"purchasable","15":"product-type-simple"},"acf":[],"_links":{"self":[{"href":"https:\/\/vitalstoffversand.com\/fr\/wp-json\/wp\/v2\/product\/65508","targetHints":{"allow":["GET"]}}],"collection":[{"href":"https:\/\/vitalstoffversand.com\/fr\/wp-json\/wp\/v2\/product"}],"about":[{"href":"https:\/\/vitalstoffversand.com\/fr\/wp-json\/wp\/v2\/types\/product"}],"wp:featuredmedia":[{"embeddable":true,"href":"https:\/\/vitalstoffversand.com\/fr\/wp-json\/wp\/v2\/media\/48988"}],"wp:attachment":[{"href":"https:\/\/vitalstoffversand.com\/fr\/wp-json\/wp\/v2\/media?parent=65508"}],"wp:term":[{"taxonomy":"product_brand","embeddable":true,"href":"https:\/\/vitalstoffversand.com\/fr\/wp-json\/wp\/v2\/product_brand?post=65508"},{"taxonomy":"product_cat","embeddable":true,"href":"https:\/\/vitalstoffversand.com\/fr\/wp-json\/wp\/v2\/product_cat?post=65508"},{"taxonomy":"product_tag","embeddable":true,"href":"https:\/\/vitalstoffversand.com\/fr\/wp-json\/wp\/v2\/product_tag?post=65508"}],"curies":[{"name":"wp","href":"https:\/\/api.w.org\/{rel}","templated":true}]}}