{"id":65479,"date":"2026-01-13T18:19:22","date_gmt":"2026-01-13T17:19:22","guid":{"rendered":"https:\/\/vitalstoffversand.com\/produkt\/gen-creapure-creatin-monohydrat-500-g\/"},"modified":"2026-03-21T15:52:21","modified_gmt":"2026-03-21T14:52:21","slug":"gen-creapure-creatin-monohydrat-500-g","status":"publish","type":"product","link":"https:\/\/vitalstoffversand.com\/fr\/produit\/gen-creapure-creatin-monohydrat-500-g\/","title":{"rendered":"GEN <br>Creapure\u00ae &#8211; Creatin Monohydrat &#8211; 500 g"},"content":{"rendered":"<p>Monohydrate de cr\u00e9atine dans la qualit\u00e9 Creapure\u00ae bien connue et \u00e9prouv\u00e9e.<\/p>\n<p>La mati\u00e8re premi\u00e8re de marque Creapure\u00ae est fabriqu\u00e9e en Allemagne et est synonyme de puret\u00e9 et de qualit\u00e9 exceptionnelles.<\/p>\n<ul>\n<li>V\u00e9gan<\/li>\n<li>Sans gluten<\/li>\n<li>Sans lactose<\/li>\n<li>Sans OGM<\/li>\n<li>Fabriqu\u00e9 selon les normes de qualit\u00e9 strictes de l&#8217;UE<\/li>\n<\/ul>\n<p>&nbsp;<\/p>\n","protected":false},"excerpt":{"rendered":"<p>Monohydrate de cr\u00e9atine dans la qualit\u00e9 Creapure\u00ae bien connue et \u00e9prouv\u00e9e. La mati\u00e8re premi\u00e8re de marque Creapure\u00ae est fabriqu\u00e9e en Allemagne et est synonyme de puret\u00e9 et de qualit\u00e9 exceptionnelles. V\u00e9gan Sans gluten Sans lactose Sans OGM Fabriqu\u00e9 selon les normes de qualit\u00e9 strictes de l&#8217;UE &nbsp;<\/p>\n","protected":false},"featured_media":65474,"template":"","meta":{"_acf_changed":false},"product_brand":[10197],"product_cat":[365,353],"product_tag":[],"class_list":{"0":"post-65479","1":"product","2":"type-product","3":"status-publish","4":"has-post-thumbnail","6":"product_brand-gen-german-elite-nutrition-fr","7":"product_cat-produits-de-a-a-z","8":"product_cat-supplements-sportifs","10":"first","11":"outofstock","12":"taxable","13":"shipping-taxable","14":"purchasable","15":"product-type-simple"},"acf":[],"_links":{"self":[{"href":"https:\/\/vitalstoffversand.com\/fr\/wp-json\/wp\/v2\/product\/65479","targetHints":{"allow":["GET"]}}],"collection":[{"href":"https:\/\/vitalstoffversand.com\/fr\/wp-json\/wp\/v2\/product"}],"about":[{"href":"https:\/\/vitalstoffversand.com\/fr\/wp-json\/wp\/v2\/types\/product"}],"wp:featuredmedia":[{"embeddable":true,"href":"https:\/\/vitalstoffversand.com\/fr\/wp-json\/wp\/v2\/media\/65474"}],"wp:attachment":[{"href":"https:\/\/vitalstoffversand.com\/fr\/wp-json\/wp\/v2\/media?parent=65479"}],"wp:term":[{"taxonomy":"product_brand","embeddable":true,"href":"https:\/\/vitalstoffversand.com\/fr\/wp-json\/wp\/v2\/product_brand?post=65479"},{"taxonomy":"product_cat","embeddable":true,"href":"https:\/\/vitalstoffversand.com\/fr\/wp-json\/wp\/v2\/product_cat?post=65479"},{"taxonomy":"product_tag","embeddable":true,"href":"https:\/\/vitalstoffversand.com\/fr\/wp-json\/wp\/v2\/product_tag?post=65479"}],"curies":[{"name":"wp","href":"https:\/\/api.w.org\/{rel}","templated":true}]}}