{"id":65450,"date":"2026-01-13T15:09:03","date_gmt":"2026-01-13T14:09:03","guid":{"rendered":"https:\/\/vitalstoffversand.com\/produkt\/gen-kidney-essentials-270-gelules\/"},"modified":"2026-03-21T15:52:25","modified_gmt":"2026-03-21T14:52:25","slug":"gen-kidney-essentials-270-gelules","status":"publish","type":"product","link":"https:\/\/vitalstoffversand.com\/fr\/produit\/gen-kidney-essentials-270-gelules\/","title":{"rendered":"GEN <br>Kidney Essentials &#8211; 270 g\u00e9lules"},"content":{"rendered":"<p>Six extraits v\u00e9g\u00e9taux s\u00e9lectionn\u00e9s, \u00e0 forte concentration, constituent la base de Kidney Essentials.<\/p>\n<p>Extraits de haute qualit\u00e9 d&#8217;astragale, d&#8217;ortie, de cerise acide, d&#8217;\u00e9corce de pin, de c\u00e9leri et de verge d&#8217;or.<\/p>\n<ul>\n<li>V\u00e9gan<\/li>\n<li>Sans gluten<\/li>\n<li>Sans lactose<\/li>\n<li>Sans OGM<\/li>\n<li>Fabriqu\u00e9 selon les normes de qualit\u00e9 strictes de l&#8217;UE<\/li>\n<\/ul>\n","protected":false},"excerpt":{"rendered":"<p>Six extraits v\u00e9g\u00e9taux s\u00e9lectionn\u00e9s, \u00e0 forte concentration, constituent la base de Kidney Essentials. Extraits de haute qualit\u00e9 d&#8217;astragale, d&#8217;ortie, de cerise acide, d&#8217;\u00e9corce de pin, de c\u00e9leri et de verge d&#8217;or. V\u00e9gan Sans gluten Sans lactose Sans OGM Fabriqu\u00e9 selon les normes de qualit\u00e9 strictes de l&#8217;UE<\/p>\n","protected":false},"featured_media":65446,"template":"","meta":{"_acf_changed":false},"product_brand":[10197],"product_cat":[348,365],"product_tag":[],"class_list":{"0":"post-65450","1":"product","2":"type-product","3":"status-publish","4":"has-post-thumbnail","6":"product_brand-gen-german-elite-nutrition-fr","7":"product_cat-nutriments","8":"product_cat-produits-de-a-a-z","10":"first","11":"instock","12":"taxable","13":"shipping-taxable","14":"purchasable","15":"product-type-simple"},"acf":[],"_links":{"self":[{"href":"https:\/\/vitalstoffversand.com\/fr\/wp-json\/wp\/v2\/product\/65450","targetHints":{"allow":["GET"]}}],"collection":[{"href":"https:\/\/vitalstoffversand.com\/fr\/wp-json\/wp\/v2\/product"}],"about":[{"href":"https:\/\/vitalstoffversand.com\/fr\/wp-json\/wp\/v2\/types\/product"}],"wp:featuredmedia":[{"embeddable":true,"href":"https:\/\/vitalstoffversand.com\/fr\/wp-json\/wp\/v2\/media\/65446"}],"wp:attachment":[{"href":"https:\/\/vitalstoffversand.com\/fr\/wp-json\/wp\/v2\/media?parent=65450"}],"wp:term":[{"taxonomy":"product_brand","embeddable":true,"href":"https:\/\/vitalstoffversand.com\/fr\/wp-json\/wp\/v2\/product_brand?post=65450"},{"taxonomy":"product_cat","embeddable":true,"href":"https:\/\/vitalstoffversand.com\/fr\/wp-json\/wp\/v2\/product_cat?post=65450"},{"taxonomy":"product_tag","embeddable":true,"href":"https:\/\/vitalstoffversand.com\/fr\/wp-json\/wp\/v2\/product_tag?post=65450"}],"curies":[{"name":"wp","href":"https:\/\/api.w.org\/{rel}","templated":true}]}}