{"id":65409,"date":"2026-01-13T15:08:04","date_gmt":"2026-01-13T14:08:04","guid":{"rendered":"https:\/\/vitalstoffversand.com\/produkt\/gen-immunity-essentials-180-gelules\/"},"modified":"2026-03-21T15:52:26","modified_gmt":"2026-03-21T14:52:26","slug":"gen-immunity-essentials-180-gelules","status":"publish","type":"product","link":"https:\/\/vitalstoffversand.com\/fr\/produit\/gen-immunity-essentials-180-gelules\/","title":{"rendered":"GEN <br>Immunity Essentials &#8211; 180 g\u00e9lules"},"content":{"rendered":"<p>Immunity Essentials est une combinaison de 10 ingr\u00e9dients ou extraits de qualit\u00e9 sup\u00e9rieure soigneusement s\u00e9lectionn\u00e9s, qui se compl\u00e8tent de mani\u00e8re synergique.<\/p>\n<p>Enth\u00e4lt neben Vitamin C und Zink auch pflanzliches Vitamin D3 (RAWD3\u00ae), die zu einer normalen Funktion den Immunsystems beitragen, sowie Extrakte aus Gr\u00fcntee, Echinacea, Holunder, Pinienrinde sowie Beta-Glucane und Quercetin.<\/p>\n<ul>\n<li>V\u00e9gan<\/li>\n<li>Sans gluten<\/li>\n<li>Sans lactose<\/li>\n<li>Sans OGM<\/li>\n<li>Fabriqu\u00e9 selon les normes de qualit\u00e9 strictes de l&#8217;UE<\/li>\n<\/ul>\n","protected":false},"excerpt":{"rendered":"<p>Immunity Essentials est une combinaison de 10 ingr\u00e9dients ou extraits de qualit\u00e9 sup\u00e9rieure soigneusement s\u00e9lectionn\u00e9s, qui se compl\u00e8tent de mani\u00e8re synergique. Enth\u00e4lt neben Vitamin C und Zink auch pflanzliches Vitamin D3 (RAWD3\u00ae), die zu einer normalen Funktion den Immunsystems beitragen, sowie Extrakte aus Gr\u00fcntee, Echinacea, Holunder, Pinienrinde sowie Beta-Glucane und Quercetin. V\u00e9gan Sans gluten Sans [&hellip;]<\/p>\n","protected":false},"featured_media":65406,"template":"","meta":{"_acf_changed":false},"product_brand":[10197],"product_cat":[348,365],"product_tag":[],"class_list":{"0":"post-65409","1":"product","2":"type-product","3":"status-publish","4":"has-post-thumbnail","6":"product_brand-gen-german-elite-nutrition-fr","7":"product_cat-nutriments","8":"product_cat-produits-de-a-a-z","10":"first","11":"instock","12":"taxable","13":"shipping-taxable","14":"purchasable","15":"product-type-simple"},"acf":[],"_links":{"self":[{"href":"https:\/\/vitalstoffversand.com\/fr\/wp-json\/wp\/v2\/product\/65409","targetHints":{"allow":["GET"]}}],"collection":[{"href":"https:\/\/vitalstoffversand.com\/fr\/wp-json\/wp\/v2\/product"}],"about":[{"href":"https:\/\/vitalstoffversand.com\/fr\/wp-json\/wp\/v2\/types\/product"}],"wp:featuredmedia":[{"embeddable":true,"href":"https:\/\/vitalstoffversand.com\/fr\/wp-json\/wp\/v2\/media\/65406"}],"wp:attachment":[{"href":"https:\/\/vitalstoffversand.com\/fr\/wp-json\/wp\/v2\/media?parent=65409"}],"wp:term":[{"taxonomy":"product_brand","embeddable":true,"href":"https:\/\/vitalstoffversand.com\/fr\/wp-json\/wp\/v2\/product_brand?post=65409"},{"taxonomy":"product_cat","embeddable":true,"href":"https:\/\/vitalstoffversand.com\/fr\/wp-json\/wp\/v2\/product_cat?post=65409"},{"taxonomy":"product_tag","embeddable":true,"href":"https:\/\/vitalstoffversand.com\/fr\/wp-json\/wp\/v2\/product_tag?post=65409"}],"curies":[{"name":"wp","href":"https:\/\/api.w.org\/{rel}","templated":true}]}}