{"id":65397,"date":"2025-10-01T15:31:28","date_gmt":"2025-10-01T13:31:28","guid":{"rendered":"https:\/\/vitalstoffversand.com\/produkt\/gen-invictus-gda-120-gelules\/"},"modified":"2026-03-21T15:53:24","modified_gmt":"2026-03-21T14:53:24","slug":"gen-invictus-gda-120-gelules","status":"publish","type":"product","link":"https:\/\/vitalstoffversand.com\/fr\/produit\/gen-invictus-gda-120-gelules\/","title":{"rendered":"GEN <br>Invictus GDA &#8211; 120 g\u00e9lules"},"content":{"rendered":"<p>La GEN Invictus GDA est une \u00e9dition signature d\u00e9velopp\u00e9e en collaboration avec Max Madsen, entra\u00eeneur de sportifs professionnels.<\/p>\n<p>Au total, cinq extraits v\u00e9g\u00e9taux soigneusement s\u00e9lectionn\u00e9s et hautement concentr\u00e9s, tels que la berb\u00e9rine, le Cinnulin PF\u00ae, l&#8217;acide R-alpha-lipo\u00efque et le gymnema, forment ici un agent efficace d&#8217;\u00e9limination du glucose (GDA).<\/p>\n<p>Sp\u00e9cialement con\u00e7u pour les sportifs ambitieux et les adeptes d&#8217;un mode de vie ax\u00e9 sur le fitness.<\/p>\n<ul>\n<li>V\u00e9gan<\/li>\n<li>Sans gluten<\/li>\n<li>Sans lactose<\/li>\n<li>Sans OGM<\/li>\n<li>Fabriqu\u00e9 selon les normes de qualit\u00e9 strictes de l&#8217;UE<\/li>\n<\/ul>\n","protected":false},"excerpt":{"rendered":"<p>La GEN Invictus GDA est une \u00e9dition signature d\u00e9velopp\u00e9e en collaboration avec Max Madsen, entra\u00eeneur de sportifs professionnels. Au total, cinq extraits v\u00e9g\u00e9taux soigneusement s\u00e9lectionn\u00e9s et hautement concentr\u00e9s, tels que la berb\u00e9rine, le Cinnulin PF\u00ae, l&#8217;acide R-alpha-lipo\u00efque et le gymnema, forment ici un agent efficace d&#8217;\u00e9limination du glucose (GDA). Sp\u00e9cialement con\u00e7u pour les sportifs ambitieux [&hellip;]<\/p>\n","protected":false},"featured_media":60143,"template":"","meta":{"_acf_changed":false},"product_brand":[10197],"product_cat":[348,365],"product_tag":[],"class_list":{"0":"post-65397","1":"product","2":"type-product","3":"status-publish","4":"has-post-thumbnail","6":"product_brand-gen-german-elite-nutrition-fr","7":"product_cat-nutriments","8":"product_cat-produits-de-a-a-z","10":"first","11":"instock","12":"taxable","13":"shipping-taxable","14":"purchasable","15":"product-type-simple"},"acf":[],"_links":{"self":[{"href":"https:\/\/vitalstoffversand.com\/fr\/wp-json\/wp\/v2\/product\/65397","targetHints":{"allow":["GET"]}}],"collection":[{"href":"https:\/\/vitalstoffversand.com\/fr\/wp-json\/wp\/v2\/product"}],"about":[{"href":"https:\/\/vitalstoffversand.com\/fr\/wp-json\/wp\/v2\/types\/product"}],"wp:featuredmedia":[{"embeddable":true,"href":"https:\/\/vitalstoffversand.com\/fr\/wp-json\/wp\/v2\/media\/60143"}],"wp:attachment":[{"href":"https:\/\/vitalstoffversand.com\/fr\/wp-json\/wp\/v2\/media?parent=65397"}],"wp:term":[{"taxonomy":"product_brand","embeddable":true,"href":"https:\/\/vitalstoffversand.com\/fr\/wp-json\/wp\/v2\/product_brand?post=65397"},{"taxonomy":"product_cat","embeddable":true,"href":"https:\/\/vitalstoffversand.com\/fr\/wp-json\/wp\/v2\/product_cat?post=65397"},{"taxonomy":"product_tag","embeddable":true,"href":"https:\/\/vitalstoffversand.com\/fr\/wp-json\/wp\/v2\/product_tag?post=65397"}],"curies":[{"name":"wp","href":"https:\/\/api.w.org\/{rel}","templated":true}]}}