{"id":65393,"date":"2025-09-19T17:26:19","date_gmt":"2025-09-19T15:26:19","guid":{"rendered":"https:\/\/vitalstoffversand.com\/produkt\/gen-gut-control-120-gelules\/"},"modified":"2026-03-21T15:53:35","modified_gmt":"2026-03-21T14:53:35","slug":"gen-gut-control-120-gelules","status":"publish","type":"product","link":"https:\/\/vitalstoffversand.com\/fr\/produit\/gen-gut-control-120-gelules\/","title":{"rendered":"GEN <br>Gut Control &#8211; 120 g\u00e9lules"},"content":{"rendered":"<p>Gut Control associe 10 ingr\u00e9dients s\u00e9lectionn\u00e9s pour former un compl\u00e9ment alimentaire qui peut favoriser le bon fonctionnement intestinal et le bien-\u00eatre g\u00e9n\u00e9ral.<\/p>\n<p>Ce produit garantit une qualit\u00e9 optimale et contient plusieurs ingr\u00e9dients brevet\u00e9s, tels que la curcumine Meriva\u00ae, l&#8217;Indena Phytosome\u00ae et l&#8217;AstraGin\u00ae.<\/p>\n<ul>\n<li>V\u00e9gan<\/li>\n<li>Sans gluten<\/li>\n<li>Sans lactose<\/li>\n<li>Sans OGM<\/li>\n<li>Fabriqu\u00e9 selon les normes de qualit\u00e9 strictes de l&#8217;UE<\/li>\n<\/ul>\n","protected":false},"excerpt":{"rendered":"<p>Gut Control associe 10 ingr\u00e9dients s\u00e9lectionn\u00e9s pour former un compl\u00e9ment alimentaire qui peut favoriser le bon fonctionnement intestinal et le bien-\u00eatre g\u00e9n\u00e9ral. Ce produit garantit une qualit\u00e9 optimale et contient plusieurs ingr\u00e9dients brevet\u00e9s, tels que la curcumine Meriva\u00ae, l&#8217;Indena Phytosome\u00ae et l&#8217;AstraGin\u00ae. V\u00e9gan Sans gluten Sans lactose Sans OGM Fabriqu\u00e9 selon les normes de qualit\u00e9 [&hellip;]<\/p>\n","protected":false},"featured_media":49084,"template":"","meta":{"_acf_changed":false},"product_brand":[10197],"product_cat":[348,365],"product_tag":[],"class_list":{"0":"post-65393","1":"product","2":"type-product","3":"status-publish","4":"has-post-thumbnail","6":"product_brand-gen-german-elite-nutrition-fr","7":"product_cat-nutriments","8":"product_cat-produits-de-a-a-z","10":"first","11":"instock","12":"taxable","13":"shipping-taxable","14":"purchasable","15":"product-type-simple"},"acf":[],"_links":{"self":[{"href":"https:\/\/vitalstoffversand.com\/fr\/wp-json\/wp\/v2\/product\/65393","targetHints":{"allow":["GET"]}}],"collection":[{"href":"https:\/\/vitalstoffversand.com\/fr\/wp-json\/wp\/v2\/product"}],"about":[{"href":"https:\/\/vitalstoffversand.com\/fr\/wp-json\/wp\/v2\/types\/product"}],"wp:featuredmedia":[{"embeddable":true,"href":"https:\/\/vitalstoffversand.com\/fr\/wp-json\/wp\/v2\/media\/49084"}],"wp:attachment":[{"href":"https:\/\/vitalstoffversand.com\/fr\/wp-json\/wp\/v2\/media?parent=65393"}],"wp:term":[{"taxonomy":"product_brand","embeddable":true,"href":"https:\/\/vitalstoffversand.com\/fr\/wp-json\/wp\/v2\/product_brand?post=65393"},{"taxonomy":"product_cat","embeddable":true,"href":"https:\/\/vitalstoffversand.com\/fr\/wp-json\/wp\/v2\/product_cat?post=65393"},{"taxonomy":"product_tag","embeddable":true,"href":"https:\/\/vitalstoffversand.com\/fr\/wp-json\/wp\/v2\/product_tag?post=65393"}],"curies":[{"name":"wp","href":"https:\/\/api.w.org\/{rel}","templated":true}]}}