{"id":65364,"date":"2025-11-30T12:52:26","date_gmt":"2025-11-30T11:52:26","guid":{"rendered":"https:\/\/vitalstoffversand.com\/produkt\/gen-creatin-ultra-tabs-300-comprimes\/"},"modified":"2026-03-21T15:52:46","modified_gmt":"2026-03-21T14:52:46","slug":"gen-creatin-ultra-tabs-300-comprimes","status":"publish","type":"product","link":"https:\/\/vitalstoffversand.com\/fr\/produit\/gen-creatin-ultra-tabs-300-comprimes\/","title":{"rendered":"GEN <br>Creatin Ultra Tabs &#8211; 300 comprim\u00e9s"},"content":{"rendered":"<p><span style=\"color: #0000ff;\"><strong><a href=\"https:\/\/vitalstoffversand.com\/knowledge-base\/creatin-kreatin\/\" target=\"_blank\" rel=\"noopener\">\u2192 Les Creatin<\/a><\/strong><\/span> Ultra Caps de GEN t&#8217;apportent, en 3 comprim\u00e9s, exactement la quantit\u00e9 de cr\u00e9atine monohydrate pure jug\u00e9e efficace selon de nombreuses \u00e9tudes.<\/p>\n<p>Gr\u00e2ce \u00e0 leur format en comprim\u00e9s, plus besoin de les m\u00e9langer, ce qui te permet d&#8217;avoir ta cr\u00e9atine \u00e0 port\u00e9e de main o\u00f9 que tu sois.<\/p>\n<ul>\n<li>V\u00e9gan<\/li>\n<li>Sans gluten<\/li>\n<li>Sans lactose<\/li>\n<li>Sans OGM<\/li>\n<li>Fabriqu\u00e9 selon les normes de qualit\u00e9 strictes de l&#8217;UE<\/li>\n<\/ul>\n","protected":false},"excerpt":{"rendered":"<p>\u2192 Les Creatin Ultra Caps de GEN t&#8217;apportent, en 3 comprim\u00e9s, exactement la quantit\u00e9 de cr\u00e9atine monohydrate pure jug\u00e9e efficace selon de nombreuses \u00e9tudes. Gr\u00e2ce \u00e0 leur format en comprim\u00e9s, plus besoin de les m\u00e9langer, ce qui te permet d&#8217;avoir ta cr\u00e9atine \u00e0 port\u00e9e de main o\u00f9 que tu sois. V\u00e9gan Sans gluten Sans lactose [&hellip;]<\/p>\n","protected":false},"featured_media":65359,"template":"","meta":{"_acf_changed":false},"product_brand":[10197],"product_cat":[353,365],"product_tag":[],"class_list":{"0":"post-65364","1":"product","2":"type-product","3":"status-publish","4":"has-post-thumbnail","6":"product_brand-gen-german-elite-nutrition-fr","7":"product_cat-supplements-sportifs","8":"product_cat-produits-de-a-a-z","10":"first","11":"instock","12":"taxable","13":"shipping-taxable","14":"purchasable","15":"product-type-simple"},"acf":[],"_links":{"self":[{"href":"https:\/\/vitalstoffversand.com\/fr\/wp-json\/wp\/v2\/product\/65364","targetHints":{"allow":["GET"]}}],"collection":[{"href":"https:\/\/vitalstoffversand.com\/fr\/wp-json\/wp\/v2\/product"}],"about":[{"href":"https:\/\/vitalstoffversand.com\/fr\/wp-json\/wp\/v2\/types\/product"}],"wp:featuredmedia":[{"embeddable":true,"href":"https:\/\/vitalstoffversand.com\/fr\/wp-json\/wp\/v2\/media\/65359"}],"wp:attachment":[{"href":"https:\/\/vitalstoffversand.com\/fr\/wp-json\/wp\/v2\/media?parent=65364"}],"wp:term":[{"taxonomy":"product_brand","embeddable":true,"href":"https:\/\/vitalstoffversand.com\/fr\/wp-json\/wp\/v2\/product_brand?post=65364"},{"taxonomy":"product_cat","embeddable":true,"href":"https:\/\/vitalstoffversand.com\/fr\/wp-json\/wp\/v2\/product_cat?post=65364"},{"taxonomy":"product_tag","embeddable":true,"href":"https:\/\/vitalstoffversand.com\/fr\/wp-json\/wp\/v2\/product_tag?post=65364"}],"curies":[{"name":"wp","href":"https:\/\/api.w.org\/{rel}","templated":true}]}}