{"id":65348,"date":"2025-09-19T17:24:00","date_gmt":"2025-09-19T15:24:00","guid":{"rendered":"https:\/\/vitalstoffversand.com\/produkt\/gen-curcuma-liquid-novasol-120-gelules\/"},"modified":"2026-03-21T15:53:37","modified_gmt":"2026-03-21T14:53:37","slug":"gen-curcuma-liquid-novasol-120-gelules","status":"publish","type":"product","link":"https:\/\/vitalstoffversand.com\/fr\/produit\/gen-curcuma-liquid-novasol-120-gelules\/","title":{"rendered":"GEN <br>Curcuma Liquid NovaSol\u00ae &#8211; 120 g\u00e9lules"},"content":{"rendered":"<p>GEN Curcumin Liquid repose sur le syst\u00e8me brevet\u00e9 NovaSOL\u00ae, qui fournit de la curcumine sous forme de micelles liquides.<\/p>\n<p>Chaque g\u00e9lule t&#8217;apporte 500 mg de curcumine NovaSOL\u00ae, dont 30 mg de curcumino\u00efdes sous une forme hautement biodisponible.<\/p>\n<p>Id\u00e9al pour les applications n\u00e9cessitant un dosage \u00e9lev\u00e9 et rapidement biodisponible.<\/p>\n<ul>\n<li>V\u00e9gan<\/li>\n<li>Sans gluten<\/li>\n<li>Sans lactose<\/li>\n<li>Sans OGM<\/li>\n<li>Fabriqu\u00e9 selon les normes de qualit\u00e9 strictes de l&#8217;UE<\/li>\n<\/ul>\n","protected":false},"excerpt":{"rendered":"<p>GEN Curcumin Liquid repose sur le syst\u00e8me brevet\u00e9 NovaSOL\u00ae, qui fournit de la curcumine sous forme de micelles liquides. Chaque g\u00e9lule t&#8217;apporte 500 mg de curcumine NovaSOL\u00ae, dont 30 mg de curcumino\u00efdes sous une forme hautement biodisponible. Id\u00e9al pour les applications n\u00e9cessitant un dosage \u00e9lev\u00e9 et rapidement biodisponible. V\u00e9gan Sans gluten Sans lactose Sans OGM [&hellip;]<\/p>\n","protected":false},"featured_media":49036,"template":"","meta":{"_acf_changed":false},"product_brand":[10197],"product_cat":[348,365],"product_tag":[],"class_list":{"0":"post-65348","1":"product","2":"type-product","3":"status-publish","4":"has-post-thumbnail","6":"product_brand-gen-german-elite-nutrition-fr","7":"product_cat-nutriments","8":"product_cat-produits-de-a-a-z","10":"first","11":"instock","12":"taxable","13":"shipping-taxable","14":"purchasable","15":"product-type-simple"},"acf":[],"_links":{"self":[{"href":"https:\/\/vitalstoffversand.com\/fr\/wp-json\/wp\/v2\/product\/65348","targetHints":{"allow":["GET"]}}],"collection":[{"href":"https:\/\/vitalstoffversand.com\/fr\/wp-json\/wp\/v2\/product"}],"about":[{"href":"https:\/\/vitalstoffversand.com\/fr\/wp-json\/wp\/v2\/types\/product"}],"wp:featuredmedia":[{"embeddable":true,"href":"https:\/\/vitalstoffversand.com\/fr\/wp-json\/wp\/v2\/media\/49036"}],"wp:attachment":[{"href":"https:\/\/vitalstoffversand.com\/fr\/wp-json\/wp\/v2\/media?parent=65348"}],"wp:term":[{"taxonomy":"product_brand","embeddable":true,"href":"https:\/\/vitalstoffversand.com\/fr\/wp-json\/wp\/v2\/product_brand?post=65348"},{"taxonomy":"product_cat","embeddable":true,"href":"https:\/\/vitalstoffversand.com\/fr\/wp-json\/wp\/v2\/product_cat?post=65348"},{"taxonomy":"product_tag","embeddable":true,"href":"https:\/\/vitalstoffversand.com\/fr\/wp-json\/wp\/v2\/product_tag?post=65348"}],"curies":[{"name":"wp","href":"https:\/\/api.w.org\/{rel}","templated":true}]}}