{"id":65336,"date":"2025-09-19T17:16:38","date_gmt":"2025-09-19T15:16:38","guid":{"rendered":"https:\/\/vitalstoffversand.com\/produkt\/gen-l-taurine-ultra-caps-365-gelules\/"},"modified":"2026-03-21T15:53:44","modified_gmt":"2026-03-21T14:53:44","slug":"gen-l-taurine-ultra-caps-365-gelules","status":"publish","type":"product","link":"https:\/\/vitalstoffversand.com\/fr\/produit\/gen-l-taurine-ultra-caps-365-gelules\/","title":{"rendered":"GEN <br>L-Taurine Ultra Caps &#8211; 365 g\u00e9lules"},"content":{"rendered":"<p>L&#8217;acide aminosulfonique L-taurine fait partie int\u00e9grante depuis des ann\u00e9es des boosters fonctionnels et des boissons \u00e9nergisantes ; elle est disponible ici sous sa forme pure.<\/p>\n<p>Les g\u00e9lules sont faciles \u00e0 transporter et id\u00e9ales si l&#8217;on souhaite prendre le produit juste avant l&#8217;entra\u00eenement.<\/p>\n<ul>\n<li>Sans gluten<\/li>\n<li>Sans lactose<\/li>\n<li>Sans OGM<\/li>\n<li>Fabriqu\u00e9 selon les normes de qualit\u00e9 strictes de l&#8217;UE<\/li>\n<\/ul>\n","protected":false},"excerpt":{"rendered":"<p>L&#8217;acide aminosulfonique L-taurine fait partie int\u00e9grante depuis des ann\u00e9es des boosters fonctionnels et des boissons \u00e9nergisantes ; elle est disponible ici sous sa forme pure. Les g\u00e9lules sont faciles \u00e0 transporter et id\u00e9ales si l&#8217;on souhaite prendre le produit juste avant l&#8217;entra\u00eenement. Sans gluten Sans lactose Sans OGM Fabriqu\u00e9 selon les normes de qualit\u00e9 strictes [&hellip;]<\/p>\n","protected":false},"featured_media":48908,"template":"","meta":{"_acf_changed":false},"product_brand":[10197],"product_cat":[353,365],"product_tag":[],"class_list":{"0":"post-65336","1":"product","2":"type-product","3":"status-publish","4":"has-post-thumbnail","6":"product_brand-gen-german-elite-nutrition-fr","7":"product_cat-supplements-sportifs","8":"product_cat-produits-de-a-a-z","10":"first","11":"instock","12":"taxable","13":"shipping-taxable","14":"purchasable","15":"product-type-simple"},"acf":[],"_links":{"self":[{"href":"https:\/\/vitalstoffversand.com\/fr\/wp-json\/wp\/v2\/product\/65336","targetHints":{"allow":["GET"]}}],"collection":[{"href":"https:\/\/vitalstoffversand.com\/fr\/wp-json\/wp\/v2\/product"}],"about":[{"href":"https:\/\/vitalstoffversand.com\/fr\/wp-json\/wp\/v2\/types\/product"}],"wp:featuredmedia":[{"embeddable":true,"href":"https:\/\/vitalstoffversand.com\/fr\/wp-json\/wp\/v2\/media\/48908"}],"wp:attachment":[{"href":"https:\/\/vitalstoffversand.com\/fr\/wp-json\/wp\/v2\/media?parent=65336"}],"wp:term":[{"taxonomy":"product_brand","embeddable":true,"href":"https:\/\/vitalstoffversand.com\/fr\/wp-json\/wp\/v2\/product_brand?post=65336"},{"taxonomy":"product_cat","embeddable":true,"href":"https:\/\/vitalstoffversand.com\/fr\/wp-json\/wp\/v2\/product_cat?post=65336"},{"taxonomy":"product_tag","embeddable":true,"href":"https:\/\/vitalstoffversand.com\/fr\/wp-json\/wp\/v2\/product_tag?post=65336"}],"curies":[{"name":"wp","href":"https:\/\/api.w.org\/{rel}","templated":true}]}}