{"id":65333,"date":"2025-09-19T16:33:24","date_gmt":"2025-09-19T14:33:24","guid":{"rendered":"https:\/\/vitalstoffversand.com\/produkt\/gen-aakg-ultra-caps-365-gelules\/"},"modified":"2026-03-21T15:53:48","modified_gmt":"2026-03-21T14:53:48","slug":"gen-aakg-ultra-caps-365-gelules","status":"publish","type":"product","link":"https:\/\/vitalstoffversand.com\/fr\/produit\/gen-aakg-ultra-caps-365-gelules\/","title":{"rendered":"GEN <br>AAKG Ultra Caps &#8211; 365 g\u00e9lules"},"content":{"rendered":"<p>ArAlpha-c\u00e9toglutarate d&#8217;arginine dans un rapport optimal de 2:1.<\/p>\n<p>Ces g\u00e9lules hautement dos\u00e9es sont faciles \u00e0 avaler et sont id\u00e9ales \u00e0 emporter et \u00e0 prendre avant l&#8217;entra\u00eenement.<\/p>\n<ul>\n<li>Sans gluten<\/li>\n<li>Sans lactose<\/li>\n<li>Sans OGM<\/li>\n<li>Fabriqu\u00e9 selon les normes de qualit\u00e9 strictes de l&#8217;UE<\/li>\n<\/ul>\n","protected":false},"excerpt":{"rendered":"<p>ArAlpha-c\u00e9toglutarate d&#8217;arginine dans un rapport optimal de 2:1. Ces g\u00e9lules hautement dos\u00e9es sont faciles \u00e0 avaler et sont id\u00e9ales \u00e0 emporter et \u00e0 prendre avant l&#8217;entra\u00eenement. Sans gluten Sans lactose Sans OGM Fabriqu\u00e9 selon les normes de qualit\u00e9 strictes de l&#8217;UE<\/p>\n","protected":false},"featured_media":48900,"template":"","meta":{"_acf_changed":false},"product_brand":[10197],"product_cat":[332,365],"product_tag":[],"class_list":{"0":"post-65333","1":"product","2":"type-product","3":"status-publish","4":"has-post-thumbnail","6":"product_brand-gen-german-elite-nutrition-fr","7":"product_cat-acides-amines","8":"product_cat-produits-de-a-a-z","10":"first","11":"instock","12":"taxable","13":"shipping-taxable","14":"purchasable","15":"product-type-simple"},"acf":[],"_links":{"self":[{"href":"https:\/\/vitalstoffversand.com\/fr\/wp-json\/wp\/v2\/product\/65333","targetHints":{"allow":["GET"]}}],"collection":[{"href":"https:\/\/vitalstoffversand.com\/fr\/wp-json\/wp\/v2\/product"}],"about":[{"href":"https:\/\/vitalstoffversand.com\/fr\/wp-json\/wp\/v2\/types\/product"}],"wp:featuredmedia":[{"embeddable":true,"href":"https:\/\/vitalstoffversand.com\/fr\/wp-json\/wp\/v2\/media\/48900"}],"wp:attachment":[{"href":"https:\/\/vitalstoffversand.com\/fr\/wp-json\/wp\/v2\/media?parent=65333"}],"wp:term":[{"taxonomy":"product_brand","embeddable":true,"href":"https:\/\/vitalstoffversand.com\/fr\/wp-json\/wp\/v2\/product_brand?post=65333"},{"taxonomy":"product_cat","embeddable":true,"href":"https:\/\/vitalstoffversand.com\/fr\/wp-json\/wp\/v2\/product_cat?post=65333"},{"taxonomy":"product_tag","embeddable":true,"href":"https:\/\/vitalstoffversand.com\/fr\/wp-json\/wp\/v2\/product_tag?post=65333"}],"curies":[{"name":"wp","href":"https:\/\/api.w.org\/{rel}","templated":true}]}}