{"id":65324,"date":"2025-09-19T16:30:24","date_gmt":"2025-09-19T14:30:24","guid":{"rendered":"https:\/\/vitalstoffversand.com\/produkt\/gen-focus-caps-mental-performance-blend-120-gelules\/"},"modified":"2026-03-21T15:53:49","modified_gmt":"2026-03-21T14:53:49","slug":"gen-focus-caps-mental-performance-blend-120-gelules","status":"publish","type":"product","link":"https:\/\/vitalstoffversand.com\/fr\/produit\/gen-focus-caps-mental-performance-blend-120-gelules\/","title":{"rendered":"GEN <br>Focus Caps Mental Performance Blend &#8211; 120 g\u00e9lules"},"content":{"rendered":"<p>GEN Focus Caps associe des extraits v\u00e9g\u00e9taux fonctionnels \u00e0 de la L-th\u00e9anine, de la D-glucoronolactone et de la caf\u00e9ine pour former une formule con\u00e7ue pour tous ceux qui souhaitent rester lucides, concentr\u00e9s et performants m\u00eame sous pression.<\/p>\n<ul>\n<li>V\u00e9gan<\/li>\n<li>Sans gluten<\/li>\n<li>Sans lactose<\/li>\n<li>Sans OGM<\/li>\n<li>Fabriqu\u00e9 selon les normes de qualit\u00e9 strictes de l&#8217;UE<\/li>\n<\/ul>\n","protected":false},"excerpt":{"rendered":"<p>GEN Focus Caps associe des extraits v\u00e9g\u00e9taux fonctionnels \u00e0 de la L-th\u00e9anine, de la D-glucoronolactone et de la caf\u00e9ine pour former une formule con\u00e7ue pour tous ceux qui souhaitent rester lucides, concentr\u00e9s et performants m\u00eame sous pression. V\u00e9gan Sans gluten Sans lactose Sans OGM Fabriqu\u00e9 selon les normes de qualit\u00e9 strictes de l&#8217;UE<\/p>\n","protected":false},"featured_media":48860,"template":"","meta":{"_acf_changed":false},"product_brand":[10197],"product_cat":[348,365],"product_tag":[],"class_list":{"0":"post-65324","1":"product","2":"type-product","3":"status-publish","4":"has-post-thumbnail","6":"product_brand-gen-german-elite-nutrition-fr","7":"product_cat-nutriments","8":"product_cat-produits-de-a-a-z","10":"first","11":"instock","12":"taxable","13":"shipping-taxable","14":"purchasable","15":"product-type-simple"},"acf":[],"_links":{"self":[{"href":"https:\/\/vitalstoffversand.com\/fr\/wp-json\/wp\/v2\/product\/65324","targetHints":{"allow":["GET"]}}],"collection":[{"href":"https:\/\/vitalstoffversand.com\/fr\/wp-json\/wp\/v2\/product"}],"about":[{"href":"https:\/\/vitalstoffversand.com\/fr\/wp-json\/wp\/v2\/types\/product"}],"wp:featuredmedia":[{"embeddable":true,"href":"https:\/\/vitalstoffversand.com\/fr\/wp-json\/wp\/v2\/media\/48860"}],"wp:attachment":[{"href":"https:\/\/vitalstoffversand.com\/fr\/wp-json\/wp\/v2\/media?parent=65324"}],"wp:term":[{"taxonomy":"product_brand","embeddable":true,"href":"https:\/\/vitalstoffversand.com\/fr\/wp-json\/wp\/v2\/product_brand?post=65324"},{"taxonomy":"product_cat","embeddable":true,"href":"https:\/\/vitalstoffversand.com\/fr\/wp-json\/wp\/v2\/product_cat?post=65324"},{"taxonomy":"product_tag","embeddable":true,"href":"https:\/\/vitalstoffversand.com\/fr\/wp-json\/wp\/v2\/product_tag?post=65324"}],"curies":[{"name":"wp","href":"https:\/\/api.w.org\/{rel}","templated":true}]}}