{"id":65308,"date":"2025-09-19T15:58:56","date_gmt":"2025-09-19T13:58:56","guid":{"rendered":"https:\/\/vitalstoffversand.com\/produkt\/gen-focus-to-the-limit-240-g-differents-aromes\/"},"modified":"2026-03-13T14:04:49","modified_gmt":"2026-03-13T13:04:49","slug":"gen-focus-to-the-limit-240-g-differents-aromes","status":"publish","type":"product","link":"https:\/\/vitalstoffversand.com\/fr\/produit\/gen-focus-to-the-limit-240-g-differents-aromes\/","title":{"rendered":"GEN <br>Focus to the Limit &#8211; 240 g &#8211; diff\u00e9rentes vari\u00e9t\u00e9s"},"content":{"rendered":"<p>Gr\u00e2ce \u00e0 la caf\u00e9ine, au ginseng, \u00e0 la rhodiole rose, au ginkgo, \u00e0 la L-tyrosine et \u00e0 la taurine, Focus to the Limit t&#8217;apporte exactement ce dont tu as besoin pour rester concentr\u00e9.<\/p>\n<p>Il contient \u00e9galement des vitamines B1, B3, B6, B12 et de l&#8217;acide folique.<\/p>\n<p>Les ingr\u00e9dients agissent ici davantage comme un coup de pouce intelligent que comme un booster ultra-puissant.<\/p>\n<ul>\n<li>V\u00e9gan<\/li>\n<li>Sans gluten<\/li>\n<li>Sans lactose<\/li>\n<li>Sans OGM<\/li>\n<li>Fabriqu\u00e9 selon les normes de qualit\u00e9 strictes de l&#8217;UE<\/li>\n<\/ul>\n","protected":false},"excerpt":{"rendered":"<p>Gr\u00e2ce \u00e0 la caf\u00e9ine, au ginseng, \u00e0 la rhodiole rose, au ginkgo, \u00e0 la L-tyrosine et \u00e0 la taurine, Focus to the Limit t&#8217;apporte exactement ce dont tu as besoin pour rester concentr\u00e9. Il contient \u00e9galement des vitamines B1, B3, B6, B12 et de l&#8217;acide folique. Les ingr\u00e9dients agissent ici davantage comme un coup de [&hellip;]<\/p>\n","protected":false},"featured_media":48812,"template":"","meta":{"_acf_changed":false},"product_brand":[10197],"product_cat":[353,365],"product_tag":[],"class_list":{"0":"post-65308","1":"product","2":"type-product","3":"status-publish","4":"has-post-thumbnail","6":"product_brand-gen-german-elite-nutrition-fr","7":"product_cat-supplements-sportifs","8":"product_cat-produits-de-a-a-z","10":"first","11":"instock","12":"taxable","13":"shipping-taxable","14":"purchasable","15":"product-type-variable"},"acf":[],"_links":{"self":[{"href":"https:\/\/vitalstoffversand.com\/fr\/wp-json\/wp\/v2\/product\/65308","targetHints":{"allow":["GET"]}}],"collection":[{"href":"https:\/\/vitalstoffversand.com\/fr\/wp-json\/wp\/v2\/product"}],"about":[{"href":"https:\/\/vitalstoffversand.com\/fr\/wp-json\/wp\/v2\/types\/product"}],"wp:featuredmedia":[{"embeddable":true,"href":"https:\/\/vitalstoffversand.com\/fr\/wp-json\/wp\/v2\/media\/48812"}],"wp:attachment":[{"href":"https:\/\/vitalstoffversand.com\/fr\/wp-json\/wp\/v2\/media?parent=65308"}],"wp:term":[{"taxonomy":"product_brand","embeddable":true,"href":"https:\/\/vitalstoffversand.com\/fr\/wp-json\/wp\/v2\/product_brand?post=65308"},{"taxonomy":"product_cat","embeddable":true,"href":"https:\/\/vitalstoffversand.com\/fr\/wp-json\/wp\/v2\/product_cat?post=65308"},{"taxonomy":"product_tag","embeddable":true,"href":"https:\/\/vitalstoffversand.com\/fr\/wp-json\/wp\/v2\/product_tag?post=65308"}],"curies":[{"name":"wp","href":"https:\/\/api.w.org\/{rel}","templated":true}]}}