{"id":65302,"date":"2025-07-07T18:00:06","date_gmt":"2025-07-07T16:00:06","guid":{"rendered":"https:\/\/vitalstoffversand.com\/produkt\/gen-beta-alanine-365-gelules\/"},"modified":"2025-07-07T18:00:06","modified_gmt":"2025-07-07T16:00:06","slug":"gen-beta-alanine-365-gelules","status":"publish","type":"product","link":"https:\/\/vitalstoffversand.com\/fr\/produit\/gen-beta-alanine-365-gelules\/","title":{"rendered":"GEN <br>B\u00eata-alanine &#8211; 365 g\u00e9lules"},"content":{"rendered":"<p>B\u00eata-alanine GEN de qualit\u00e9 sup\u00e9rieure.<\/p>\n<p>Un compl\u00e9ment tr\u00e8s appr\u00e9ci\u00e9 dans le domaine du sport et du fitness, qui peut utilement compl\u00e9ter l&#8217;apport nutritionnel.<\/p>\n<ul>\n<li>Sans gluten<\/li>\n<li>Sans lactose<\/li>\n<li>Sans OGM<\/li>\n<li>Fabriqu\u00e9 selon les normes de qualit\u00e9 strictes de l&#8217;UE<\/li>\n<\/ul>\n","protected":false},"excerpt":{"rendered":"<p>B\u00eata-alanine GEN de qualit\u00e9 sup\u00e9rieure. Un compl\u00e9ment tr\u00e8s appr\u00e9ci\u00e9 dans le domaine du sport et du fitness, qui peut utilement compl\u00e9ter l&#8217;apport nutritionnel. Sans gluten Sans lactose Sans OGM Fabriqu\u00e9 selon les normes de qualit\u00e9 strictes de l&#8217;UE<\/p>\n","protected":false},"featured_media":48724,"template":"","meta":{"_acf_changed":false},"product_brand":[10197],"product_cat":[353,365],"product_tag":[],"class_list":{"0":"post-65302","1":"product","2":"type-product","3":"status-publish","4":"has-post-thumbnail","6":"product_brand-gen-german-elite-nutrition-fr","7":"product_cat-supplements-sportifs","8":"product_cat-produits-de-a-a-z","10":"first","11":"instock","12":"taxable","13":"shipping-taxable","14":"purchasable","15":"product-type-simple"},"acf":[],"_links":{"self":[{"href":"https:\/\/vitalstoffversand.com\/fr\/wp-json\/wp\/v2\/product\/65302","targetHints":{"allow":["GET"]}}],"collection":[{"href":"https:\/\/vitalstoffversand.com\/fr\/wp-json\/wp\/v2\/product"}],"about":[{"href":"https:\/\/vitalstoffversand.com\/fr\/wp-json\/wp\/v2\/types\/product"}],"wp:featuredmedia":[{"embeddable":true,"href":"https:\/\/vitalstoffversand.com\/fr\/wp-json\/wp\/v2\/media\/48724"}],"wp:attachment":[{"href":"https:\/\/vitalstoffversand.com\/fr\/wp-json\/wp\/v2\/media?parent=65302"}],"wp:term":[{"taxonomy":"product_brand","embeddable":true,"href":"https:\/\/vitalstoffversand.com\/fr\/wp-json\/wp\/v2\/product_brand?post=65302"},{"taxonomy":"product_cat","embeddable":true,"href":"https:\/\/vitalstoffversand.com\/fr\/wp-json\/wp\/v2\/product_cat?post=65302"},{"taxonomy":"product_tag","embeddable":true,"href":"https:\/\/vitalstoffversand.com\/fr\/wp-json\/wp\/v2\/product_tag?post=65302"}],"curies":[{"name":"wp","href":"https:\/\/api.w.org\/{rel}","templated":true}]}}