{"id":65276,"date":"2025-07-07T17:58:54","date_gmt":"2025-07-07T15:58:54","guid":{"rendered":"https:\/\/vitalstoffversand.com\/produkt\/gen-tout-en-un-complexe-de-mineraux-et-de-vitamines-240-comprimes\/"},"modified":"2025-07-07T17:58:54","modified_gmt":"2025-07-07T15:58:54","slug":"gen-tout-en-un-complexe-de-mineraux-et-de-vitamines-240-comprimes","status":"publish","type":"product","link":"https:\/\/vitalstoffversand.com\/fr\/produit\/gen-tout-en-un-complexe-de-mineraux-et-de-vitamines-240-comprimes\/","title":{"rendered":"GEN <br>Tout-en-un &#8211; Complexe de min\u00e9raux et de vitamines &#8211; 240 comprim\u00e9s"},"content":{"rendered":"<p>GEN Mineral &amp; Vitamin Complex t&#8217;apporte 25 vitamines et min\u00e9raux soigneusement s\u00e9lectionn\u00e9s sous des formes bioactives.<\/p>\n<p>Ce produit convient \u00e0 tous ceux qui souhaitent b\u00e9n\u00e9ficier d&#8217;un bon apport nutritionnel compl\u00e9mentaire ou soutenir leur entra\u00eenement.<\/p>\n<ul>\n<li>V\u00e9gan<\/li>\n<li>Sans gluten<\/li>\n<li>Sans lactose<\/li>\n<li>Sans OGM<\/li>\n<li>Fabriqu\u00e9 selon les normes de qualit\u00e9 strictes de l&#8217;UE<\/li>\n<\/ul>\n","protected":false},"excerpt":{"rendered":"<p>GEN Mineral &amp; Vitamin Complex t&#8217;apporte 25 vitamines et min\u00e9raux soigneusement s\u00e9lectionn\u00e9s sous des formes bioactives. Ce produit convient \u00e0 tous ceux qui souhaitent b\u00e9n\u00e9ficier d&#8217;un bon apport nutritionnel compl\u00e9mentaire ou soutenir leur entra\u00eenement. V\u00e9gan Sans gluten Sans lactose Sans OGM Fabriqu\u00e9 selon les normes de qualit\u00e9 strictes de l&#8217;UE<\/p>\n","protected":false},"featured_media":48636,"template":"","meta":{"_acf_changed":false},"product_brand":[10197],"product_cat":[340,365],"product_tag":[],"class_list":{"0":"post-65276","1":"product","2":"type-product","3":"status-publish","4":"has-post-thumbnail","6":"product_brand-gen-german-elite-nutrition-fr","7":"product_cat-mineraux-oligo-elements","8":"product_cat-produits-de-a-a-z","10":"first","11":"outofstock","12":"taxable","13":"shipping-taxable","14":"purchasable","15":"product-type-simple"},"acf":[],"_links":{"self":[{"href":"https:\/\/vitalstoffversand.com\/fr\/wp-json\/wp\/v2\/product\/65276","targetHints":{"allow":["GET"]}}],"collection":[{"href":"https:\/\/vitalstoffversand.com\/fr\/wp-json\/wp\/v2\/product"}],"about":[{"href":"https:\/\/vitalstoffversand.com\/fr\/wp-json\/wp\/v2\/types\/product"}],"wp:featuredmedia":[{"embeddable":true,"href":"https:\/\/vitalstoffversand.com\/fr\/wp-json\/wp\/v2\/media\/48636"}],"wp:attachment":[{"href":"https:\/\/vitalstoffversand.com\/fr\/wp-json\/wp\/v2\/media?parent=65276"}],"wp:term":[{"taxonomy":"product_brand","embeddable":true,"href":"https:\/\/vitalstoffversand.com\/fr\/wp-json\/wp\/v2\/product_brand?post=65276"},{"taxonomy":"product_cat","embeddable":true,"href":"https:\/\/vitalstoffversand.com\/fr\/wp-json\/wp\/v2\/product_cat?post=65276"},{"taxonomy":"product_tag","embeddable":true,"href":"https:\/\/vitalstoffversand.com\/fr\/wp-json\/wp\/v2\/product_tag?post=65276"}],"curies":[{"name":"wp","href":"https:\/\/api.w.org\/{rel}","templated":true}]}}