{"id":65262,"date":"2025-07-07T17:57:28","date_gmt":"2025-07-07T15:57:28","guid":{"rendered":"https:\/\/vitalstoffversand.com\/produkt\/gen-ashwagandha-shoden-60-gelules\/"},"modified":"2025-07-07T17:57:28","modified_gmt":"2025-07-07T15:57:28","slug":"gen-ashwagandha-shoden-60-gelules","status":"publish","type":"product","link":"https:\/\/vitalstoffversand.com\/fr\/produit\/gen-ashwagandha-shoden-60-gelules\/","title":{"rendered":"GEN <br>Ashwagandha Shoden\u00ae &#8211; 60 g\u00e9lules"},"content":{"rendered":"<p>L&#8217;ashwagandha est utilis\u00e9 depuis des milliers d&#8217;ann\u00e9es dans la m\u00e9decine ayurv\u00e9dique.<\/p>\n<p>Shoden\u00ae fait partie des formes d&#8217;ashwagandha les plus modernes et les plus hautement standardis\u00e9es ; il contient 35 % de glycosides de withanolides, soit bien plus qu&#8217;un extrait de racine standard classique.<\/p>\n<ul>\n<li>V\u00e9gan<\/li>\n<li>Sans gluten<\/li>\n<li>Sans lactose<\/li>\n<li>Sans OGM<\/li>\n<li>Fabriqu\u00e9 selon les normes de qualit\u00e9 strictes de l&#8217;UE<\/li>\n<\/ul>\n","protected":false},"excerpt":{"rendered":"<p>L&#8217;ashwagandha est utilis\u00e9 depuis des milliers d&#8217;ann\u00e9es dans la m\u00e9decine ayurv\u00e9dique. Shoden\u00ae fait partie des formes d&#8217;ashwagandha les plus modernes et les plus hautement standardis\u00e9es ; il contient 35 % de glycosides de withanolides, soit bien plus qu&#8217;un extrait de racine standard classique. V\u00e9gan Sans gluten Sans lactose Sans OGM Fabriqu\u00e9 selon les normes de [&hellip;]<\/p>\n","protected":false},"featured_media":48596,"template":"","meta":{"_acf_changed":false},"product_brand":[10197],"product_cat":[348,365],"product_tag":[],"class_list":{"0":"post-65262","1":"product","2":"type-product","3":"status-publish","4":"has-post-thumbnail","6":"product_brand-gen-german-elite-nutrition-fr","7":"product_cat-nutriments","8":"product_cat-produits-de-a-a-z","10":"first","11":"instock","12":"taxable","13":"shipping-taxable","14":"purchasable","15":"product-type-simple"},"acf":[],"_links":{"self":[{"href":"https:\/\/vitalstoffversand.com\/fr\/wp-json\/wp\/v2\/product\/65262","targetHints":{"allow":["GET"]}}],"collection":[{"href":"https:\/\/vitalstoffversand.com\/fr\/wp-json\/wp\/v2\/product"}],"about":[{"href":"https:\/\/vitalstoffversand.com\/fr\/wp-json\/wp\/v2\/types\/product"}],"wp:featuredmedia":[{"embeddable":true,"href":"https:\/\/vitalstoffversand.com\/fr\/wp-json\/wp\/v2\/media\/48596"}],"wp:attachment":[{"href":"https:\/\/vitalstoffversand.com\/fr\/wp-json\/wp\/v2\/media?parent=65262"}],"wp:term":[{"taxonomy":"product_brand","embeddable":true,"href":"https:\/\/vitalstoffversand.com\/fr\/wp-json\/wp\/v2\/product_brand?post=65262"},{"taxonomy":"product_cat","embeddable":true,"href":"https:\/\/vitalstoffversand.com\/fr\/wp-json\/wp\/v2\/product_cat?post=65262"},{"taxonomy":"product_tag","embeddable":true,"href":"https:\/\/vitalstoffversand.com\/fr\/wp-json\/wp\/v2\/product_tag?post=65262"}],"curies":[{"name":"wp","href":"https:\/\/api.w.org\/{rel}","templated":true}]}}