{"id":65201,"date":"2025-06-11T17:55:46","date_gmt":"2025-06-11T15:55:46","guid":{"rendered":"https:\/\/vitalstoffversand.com\/produkt\/gen-creatine-aromatisee-550-g-plusieurs-saveurs\/"},"modified":"2026-03-13T12:30:31","modified_gmt":"2026-03-13T11:30:31","slug":"gen-creatine-aromatisee-550-g-plusieurs-saveurs","status":"publish","type":"product","link":"https:\/\/vitalstoffversand.com\/fr\/produit\/gen-creatine-aromatisee-550-g-plusieurs-saveurs\/","title":{"rendered":"GEN <br>Cr\u00e9atine aromatis\u00e9e &#8211; 550 g &#8211; diff\u00e9rentes vari\u00e9t\u00e9s"},"content":{"rendered":"<p>Cr\u00e9atine aromatis\u00e9e + avec de la taurine.<\/p>\n<p>Chaque portion t&#8217;apporte 3 g de <span style=\"color: #0000ff;\"><strong><a href=\"https:\/\/vitalstoffversand.com\/knowledge-base\/creatin-kreatin\/\" target=\"_blank\" rel=\"noopener\">\u2192 monohydrate de cr\u00e9atine<\/a><\/strong><\/span> pure et 500 mg de L-taurine.<\/p>\n<p>Ici, le go\u00fbt rencontre la performance, car cette poudre est disponible en 8 saveurs d\u00e9licieuses.<\/p>\n<ul>\n<li>V\u00e9gan<\/li>\n<li>Sans gluten<\/li>\n<li>Sans lactose<\/li>\n<li>Sans OGM<\/li>\n<li>Fabriqu\u00e9 selon les normes de qualit\u00e9 strictes de l&#8217;UE<\/li>\n<\/ul>\n","protected":false},"excerpt":{"rendered":"<p>Cr\u00e9atine aromatis\u00e9e + avec de la taurine. Chaque portion t&#8217;apporte 3 g de \u2192 monohydrate de cr\u00e9atine pure et 500 mg de L-taurine. Ici, le go\u00fbt rencontre la performance, car cette poudre est disponible en 8 saveurs d\u00e9licieuses. V\u00e9gan Sans gluten Sans lactose Sans OGM Fabriqu\u00e9 selon les normes de qualit\u00e9 strictes de l&#8217;UE<\/p>\n","protected":false},"featured_media":48516,"template":"","meta":{"_acf_changed":false},"product_brand":[10197],"product_cat":[353,365],"product_tag":[],"class_list":{"0":"post-65201","1":"product","2":"type-product","3":"status-publish","4":"has-post-thumbnail","6":"product_brand-gen-german-elite-nutrition-fr","7":"product_cat-supplements-sportifs","8":"product_cat-produits-de-a-a-z","10":"first","11":"instock","12":"taxable","13":"shipping-taxable","14":"purchasable","15":"product-type-variable"},"acf":[],"_links":{"self":[{"href":"https:\/\/vitalstoffversand.com\/fr\/wp-json\/wp\/v2\/product\/65201","targetHints":{"allow":["GET"]}}],"collection":[{"href":"https:\/\/vitalstoffversand.com\/fr\/wp-json\/wp\/v2\/product"}],"about":[{"href":"https:\/\/vitalstoffversand.com\/fr\/wp-json\/wp\/v2\/types\/product"}],"wp:featuredmedia":[{"embeddable":true,"href":"https:\/\/vitalstoffversand.com\/fr\/wp-json\/wp\/v2\/media\/48516"}],"wp:attachment":[{"href":"https:\/\/vitalstoffversand.com\/fr\/wp-json\/wp\/v2\/media?parent=65201"}],"wp:term":[{"taxonomy":"product_brand","embeddable":true,"href":"https:\/\/vitalstoffversand.com\/fr\/wp-json\/wp\/v2\/product_brand?post=65201"},{"taxonomy":"product_cat","embeddable":true,"href":"https:\/\/vitalstoffversand.com\/fr\/wp-json\/wp\/v2\/product_cat?post=65201"},{"taxonomy":"product_tag","embeddable":true,"href":"https:\/\/vitalstoffversand.com\/fr\/wp-json\/wp\/v2\/product_tag?post=65201"}],"curies":[{"name":"wp","href":"https:\/\/api.w.org\/{rel}","templated":true}]}}