{"id":65184,"date":"2025-06-11T17:52:05","date_gmt":"2025-06-11T15:52:05","guid":{"rendered":"https:\/\/vitalstoffversand.com\/produkt\/gen-premium-enzyme-complex-120-kapseln\/"},"modified":"2025-06-11T17:52:05","modified_gmt":"2025-06-11T15:52:05","slug":"gen-premium-enzyme-complex-120-kapseln","status":"publish","type":"product","link":"https:\/\/vitalstoffversand.com\/fr\/produit\/gen-premium-enzyme-complex-120-kapseln\/","title":{"rendered":"GEN <br>Premium Enzyme Complex &#8211; 120 Kapseln"},"content":{"rendered":"<p>M\u00eame si nous avons une alimentation saine et prenons des compl\u00e9ments alimentaires de qualit\u00e9, nous sommes souvent confront\u00e9s au probl\u00e8me d&#8217;une absorption insuffisante des nutriments.<\/p>\n<p>C&#8217;est l\u00e0 qu&#8217;Enzyme Complex entre en jeu, car il se compose d&#8217;un m\u00e9lange d&#8217;enzymes brevet\u00e9es DigeZyme\u00ae, d&#8217;extraits v\u00e9g\u00e9taux, d&#8217;enzymes digestives et de probiotiques, qui peuvent soutenir notre syst\u00e8me digestif et am\u00e9liorer la biodisponibilit\u00e9 des nutriments absorb\u00e9s.<\/p>\n<ul>\n<li>V\u00e9gan<\/li>\n<li>Sans gluten<\/li>\n<li>Sans lactose<\/li>\n<li>Sans OGM<\/li>\n<li>Fabriqu\u00e9 selon les normes de qualit\u00e9 strictes de l&#8217;UE<\/li>\n<\/ul>\n","protected":false},"excerpt":{"rendered":"<p>M\u00eame si nous avons une alimentation saine et prenons des compl\u00e9ments alimentaires de qualit\u00e9, nous sommes souvent confront\u00e9s au probl\u00e8me d&#8217;une absorption insuffisante des nutriments. C&#8217;est l\u00e0 qu&#8217;Enzyme Complex entre en jeu, car il se compose d&#8217;un m\u00e9lange d&#8217;enzymes brevet\u00e9es DigeZyme\u00ae, d&#8217;extraits v\u00e9g\u00e9taux, d&#8217;enzymes digestives et de probiotiques, qui peuvent soutenir notre syst\u00e8me digestif et [&hellip;]<\/p>\n","protected":false},"featured_media":48396,"template":"","meta":{"_acf_changed":false},"product_brand":[10197],"product_cat":[348,365],"product_tag":[],"class_list":{"0":"post-65184","1":"product","2":"type-product","3":"status-publish","4":"has-post-thumbnail","6":"product_brand-gen-german-elite-nutrition-fr","7":"product_cat-nutriments","8":"product_cat-produits-de-a-a-z","10":"first","11":"instock","12":"taxable","13":"shipping-taxable","14":"purchasable","15":"product-type-simple"},"acf":[],"_links":{"self":[{"href":"https:\/\/vitalstoffversand.com\/fr\/wp-json\/wp\/v2\/product\/65184","targetHints":{"allow":["GET"]}}],"collection":[{"href":"https:\/\/vitalstoffversand.com\/fr\/wp-json\/wp\/v2\/product"}],"about":[{"href":"https:\/\/vitalstoffversand.com\/fr\/wp-json\/wp\/v2\/types\/product"}],"wp:featuredmedia":[{"embeddable":true,"href":"https:\/\/vitalstoffversand.com\/fr\/wp-json\/wp\/v2\/media\/48396"}],"wp:attachment":[{"href":"https:\/\/vitalstoffversand.com\/fr\/wp-json\/wp\/v2\/media?parent=65184"}],"wp:term":[{"taxonomy":"product_brand","embeddable":true,"href":"https:\/\/vitalstoffversand.com\/fr\/wp-json\/wp\/v2\/product_brand?post=65184"},{"taxonomy":"product_cat","embeddable":true,"href":"https:\/\/vitalstoffversand.com\/fr\/wp-json\/wp\/v2\/product_cat?post=65184"},{"taxonomy":"product_tag","embeddable":true,"href":"https:\/\/vitalstoffversand.com\/fr\/wp-json\/wp\/v2\/product_tag?post=65184"}],"curies":[{"name":"wp","href":"https:\/\/api.w.org\/{rel}","templated":true}]}}