{"id":65173,"date":"2025-06-11T17:54:17","date_gmt":"2025-06-11T15:54:17","guid":{"rendered":"https:\/\/vitalstoffversand.com\/produkt\/gen-intra-charge-1-200-g-plusieurs-varietes\/"},"modified":"2025-06-11T17:54:17","modified_gmt":"2025-06-11T15:54:17","slug":"gen-intra-charge-1-200-g-plusieurs-varietes","status":"publish","type":"product","link":"https:\/\/vitalstoffversand.com\/fr\/produit\/gen-intra-charge-1-200-g-plusieurs-varietes\/","title":{"rendered":"GEN <br>Intra Charge &#8211; 1 200 g &#8211; diff\u00e9rentes vari\u00e9t\u00e9s"},"content":{"rendered":"<p>Intra Charge t&#8217;apporte une \u00e9nergie rapidement disponible, des acides amin\u00e9s essentiels et une matrice d&#8217;\u00e9lectrolytes soigneusement \u00e9labor\u00e9e.<\/p>\n<p>Alliez fonctionnalit\u00e9 et saveurs rafra\u00eechissantes lors de vos s\u00e9ances d&#8217;entra\u00eenement intensives, avec les parfums orange, kiwi ou melon.<\/p>\n<ul>\n<li>V\u00e9gan<\/li>\n<li>Sans gluten<\/li>\n<li>Sans lactose<\/li>\n<li>Sans OGM<\/li>\n<li>Fabriqu\u00e9 selon les normes de qualit\u00e9 strictes de l&#8217;UE<\/li>\n<\/ul>\n","protected":false},"excerpt":{"rendered":"<p>Intra Charge t&#8217;apporte une \u00e9nergie rapidement disponible, des acides amin\u00e9s essentiels et une matrice d&#8217;\u00e9lectrolytes soigneusement \u00e9labor\u00e9e. Alliez fonctionnalit\u00e9 et saveurs rafra\u00eechissantes lors de vos s\u00e9ances d&#8217;entra\u00eenement intensives, avec les parfums orange, kiwi ou melon. V\u00e9gan Sans gluten Sans lactose Sans OGM Fabriqu\u00e9 selon les normes de qualit\u00e9 strictes de l&#8217;UE<\/p>\n","protected":false},"featured_media":48324,"template":"","meta":{"_acf_changed":false},"product_brand":[10197],"product_cat":[353,365],"product_tag":[],"class_list":{"0":"post-65173","1":"product","2":"type-product","3":"status-publish","4":"has-post-thumbnail","6":"product_brand-gen-german-elite-nutrition-fr","7":"product_cat-supplements-sportifs","8":"product_cat-produits-de-a-a-z","10":"first","11":"instock","12":"taxable","13":"shipping-taxable","14":"purchasable","15":"product-type-variable"},"acf":[],"_links":{"self":[{"href":"https:\/\/vitalstoffversand.com\/fr\/wp-json\/wp\/v2\/product\/65173","targetHints":{"allow":["GET"]}}],"collection":[{"href":"https:\/\/vitalstoffversand.com\/fr\/wp-json\/wp\/v2\/product"}],"about":[{"href":"https:\/\/vitalstoffversand.com\/fr\/wp-json\/wp\/v2\/types\/product"}],"wp:featuredmedia":[{"embeddable":true,"href":"https:\/\/vitalstoffversand.com\/fr\/wp-json\/wp\/v2\/media\/48324"}],"wp:attachment":[{"href":"https:\/\/vitalstoffversand.com\/fr\/wp-json\/wp\/v2\/media?parent=65173"}],"wp:term":[{"taxonomy":"product_brand","embeddable":true,"href":"https:\/\/vitalstoffversand.com\/fr\/wp-json\/wp\/v2\/product_brand?post=65173"},{"taxonomy":"product_cat","embeddable":true,"href":"https:\/\/vitalstoffversand.com\/fr\/wp-json\/wp\/v2\/product_cat?post=65173"},{"taxonomy":"product_tag","embeddable":true,"href":"https:\/\/vitalstoffversand.com\/fr\/wp-json\/wp\/v2\/product_tag?post=65173"}],"curies":[{"name":"wp","href":"https:\/\/api.w.org\/{rel}","templated":true}]}}