{"id":65148,"date":"2025-06-11T17:50:40","date_gmt":"2025-06-11T15:50:40","guid":{"rendered":"https:\/\/vitalstoffversand.com\/produkt\/gen-shilajit-complex-180-gelules\/"},"modified":"2025-06-11T17:50:40","modified_gmt":"2025-06-11T15:50:40","slug":"gen-shilajit-complex-180-gelules","status":"publish","type":"product","link":"https:\/\/vitalstoffversand.com\/fr\/produit\/gen-shilajit-complex-180-gelules\/","title":{"rendered":"GEN <br>Shilajit Complex &#8211; 180 g\u00e9lules"},"content":{"rendered":"<p>Le complexe Shilatjit allie les savoirs ancestraux de l&#8217;Ayurveda, de la m\u00e9decine traditionnelle chinoise (MTC) et de la phytoth\u00e9rapie en g\u00e9n\u00e9ral aux techniques d&#8217;extraction modernes.<\/p>\n<p>Ce produit te propose une formule hautement dos\u00e9e et test\u00e9e en laboratoire, \u00e0 base de shilajit, de triphala, de tulsi, de ginseng, de schisandra et de pip\u00e9rine.<\/p>\n<ul>\n<li>V\u00e9gan<\/li>\n<li>Sans gluten<\/li>\n<li>Sans lactose<\/li>\n<li>Sans OGM<\/li>\n<li>Fabriqu\u00e9 selon les normes de qualit\u00e9 strictes de l&#8217;UE<\/li>\n<\/ul>\n","protected":false},"excerpt":{"rendered":"<p>Le complexe Shilatjit allie les savoirs ancestraux de l&#8217;Ayurveda, de la m\u00e9decine traditionnelle chinoise (MTC) et de la phytoth\u00e9rapie en g\u00e9n\u00e9ral aux techniques d&#8217;extraction modernes. Ce produit te propose une formule hautement dos\u00e9e et test\u00e9e en laboratoire, \u00e0 base de shilajit, de triphala, de tulsi, de ginseng, de schisandra et de pip\u00e9rine. V\u00e9gan Sans gluten [&hellip;]<\/p>\n","protected":false},"featured_media":48276,"template":"","meta":{"_acf_changed":false},"product_brand":[10197],"product_cat":[348,365],"product_tag":[],"class_list":{"0":"post-65148","1":"product","2":"type-product","3":"status-publish","4":"has-post-thumbnail","6":"product_brand-gen-german-elite-nutrition-fr","7":"product_cat-nutriments","8":"product_cat-produits-de-a-a-z","10":"first","11":"instock","12":"taxable","13":"shipping-taxable","14":"purchasable","15":"product-type-simple"},"acf":[],"_links":{"self":[{"href":"https:\/\/vitalstoffversand.com\/fr\/wp-json\/wp\/v2\/product\/65148","targetHints":{"allow":["GET"]}}],"collection":[{"href":"https:\/\/vitalstoffversand.com\/fr\/wp-json\/wp\/v2\/product"}],"about":[{"href":"https:\/\/vitalstoffversand.com\/fr\/wp-json\/wp\/v2\/types\/product"}],"wp:featuredmedia":[{"embeddable":true,"href":"https:\/\/vitalstoffversand.com\/fr\/wp-json\/wp\/v2\/media\/48276"}],"wp:attachment":[{"href":"https:\/\/vitalstoffversand.com\/fr\/wp-json\/wp\/v2\/media?parent=65148"}],"wp:term":[{"taxonomy":"product_brand","embeddable":true,"href":"https:\/\/vitalstoffversand.com\/fr\/wp-json\/wp\/v2\/product_brand?post=65148"},{"taxonomy":"product_cat","embeddable":true,"href":"https:\/\/vitalstoffversand.com\/fr\/wp-json\/wp\/v2\/product_cat?post=65148"},{"taxonomy":"product_tag","embeddable":true,"href":"https:\/\/vitalstoffversand.com\/fr\/wp-json\/wp\/v2\/product_tag?post=65148"}],"curies":[{"name":"wp","href":"https:\/\/api.w.org\/{rel}","templated":true}]}}