{"id":65142,"date":"2025-06-11T17:49:24","date_gmt":"2025-06-11T15:49:24","guid":{"rendered":"https:\/\/vitalstoffversand.com\/produkt\/gen-knockout-soutien-au-sommeil-et-a-la-recuperation-120-gelules\/"},"modified":"2025-06-11T17:49:24","modified_gmt":"2025-06-11T15:49:24","slug":"gen-knockout-soutien-au-sommeil-et-a-la-recuperation-120-gelules","status":"publish","type":"product","link":"https:\/\/vitalstoffversand.com\/fr\/produit\/gen-knockout-soutien-au-sommeil-et-a-la-recuperation-120-gelules\/","title":{"rendered":"GEN <br>Knockout &#8211; Soutien au sommeil et \u00e0 la r\u00e9cup\u00e9ration &#8211; 120 g\u00e9lules"},"content":{"rendered":"<p>Avec ses 8 ingr\u00e9dients actifs judicieusement associ\u00e9s, GEN Knockout apporte un soutien cibl\u00e9 \u00e0 votre repos nocturne.<\/p>\n<p>Ce produit s&#8217;inscrit dans une approche globale et mise sur des mati\u00e8res premi\u00e8res haut de gamme qui ont fait leurs preuves.<\/p>\n<ul>\n<li>V\u00e9gan<\/li>\n<li>Sans gluten<\/li>\n<li>Sans lactose<\/li>\n<li>Sans OGM<\/li>\n<li>Fabriqu\u00e9 selon les normes de qualit\u00e9 strictes de l&#8217;UE<\/li>\n<\/ul>\n","protected":false},"excerpt":{"rendered":"<p>Avec ses 8 ingr\u00e9dients actifs judicieusement associ\u00e9s, GEN Knockout apporte un soutien cibl\u00e9 \u00e0 votre repos nocturne. Ce produit s&#8217;inscrit dans une approche globale et mise sur des mati\u00e8res premi\u00e8res haut de gamme qui ont fait leurs preuves. V\u00e9gan Sans gluten Sans lactose Sans OGM Fabriqu\u00e9 selon les normes de qualit\u00e9 strictes de l&#8217;UE<\/p>\n","protected":false},"featured_media":48228,"template":"","meta":{"_acf_changed":false},"product_brand":[10197],"product_cat":[348,365],"product_tag":[],"class_list":{"0":"post-65142","1":"product","2":"type-product","3":"status-publish","4":"has-post-thumbnail","6":"product_brand-gen-german-elite-nutrition-fr","7":"product_cat-nutriments","8":"product_cat-produits-de-a-a-z","10":"first","11":"instock","12":"taxable","13":"shipping-taxable","14":"purchasable","15":"product-type-simple"},"acf":[],"_links":{"self":[{"href":"https:\/\/vitalstoffversand.com\/fr\/wp-json\/wp\/v2\/product\/65142","targetHints":{"allow":["GET"]}}],"collection":[{"href":"https:\/\/vitalstoffversand.com\/fr\/wp-json\/wp\/v2\/product"}],"about":[{"href":"https:\/\/vitalstoffversand.com\/fr\/wp-json\/wp\/v2\/types\/product"}],"wp:featuredmedia":[{"embeddable":true,"href":"https:\/\/vitalstoffversand.com\/fr\/wp-json\/wp\/v2\/media\/48228"}],"wp:attachment":[{"href":"https:\/\/vitalstoffversand.com\/fr\/wp-json\/wp\/v2\/media?parent=65142"}],"wp:term":[{"taxonomy":"product_brand","embeddable":true,"href":"https:\/\/vitalstoffversand.com\/fr\/wp-json\/wp\/v2\/product_brand?post=65142"},{"taxonomy":"product_cat","embeddable":true,"href":"https:\/\/vitalstoffversand.com\/fr\/wp-json\/wp\/v2\/product_cat?post=65142"},{"taxonomy":"product_tag","embeddable":true,"href":"https:\/\/vitalstoffversand.com\/fr\/wp-json\/wp\/v2\/product_tag?post=65142"}],"curies":[{"name":"wp","href":"https:\/\/api.w.org\/{rel}","templated":true}]}}