{"id":65123,"date":"2025-06-11T17:47:58","date_gmt":"2025-06-11T15:47:58","guid":{"rendered":"https:\/\/vitalstoffversand.com\/produkt\/gen-5-htp-max-120-gelules\/"},"modified":"2025-06-11T17:47:58","modified_gmt":"2025-06-11T15:47:58","slug":"gen-5-htp-max-120-gelules","status":"publish","type":"product","link":"https:\/\/vitalstoffversand.com\/fr\/produit\/gen-5-htp-max-120-gelules\/","title":{"rendered":"GEN <br>5-HTP MAX &#8211; 120 g\u00e9lules"},"content":{"rendered":"<p>La plante Griffonia simplicifolia est utilis\u00e9e depuis longtemps dans la m\u00e9decine traditionnelle et constitue une source naturelle de 5-HTP (5-hydroxytryptophane).<\/p>\n<p>Le produit contient pr\u00e9cis\u00e9ment cette substance active sous forme d&#8217;extrait de qualit\u00e9 sup\u00e9rieure.<\/p>\n<ul>\n<li>V\u00e9gan<\/li>\n<li>Sans gluten<\/li>\n<li>Sans lactose<\/li>\n<li>Sans OGM<\/li>\n<li>Fabriqu\u00e9 selon les normes de qualit\u00e9 strictes de l&#8217;UE<\/li>\n<\/ul>\n","protected":false},"excerpt":{"rendered":"<p>La plante Griffonia simplicifolia est utilis\u00e9e depuis longtemps dans la m\u00e9decine traditionnelle et constitue une source naturelle de 5-HTP (5-hydroxytryptophane). Le produit contient pr\u00e9cis\u00e9ment cette substance active sous forme d&#8217;extrait de qualit\u00e9 sup\u00e9rieure. V\u00e9gan Sans gluten Sans lactose Sans OGM Fabriqu\u00e9 selon les normes de qualit\u00e9 strictes de l&#8217;UE<\/p>\n","protected":false},"featured_media":48188,"template":"","meta":{"_acf_changed":false},"product_brand":[10197],"product_cat":[348,365],"product_tag":[],"class_list":{"0":"post-65123","1":"product","2":"type-product","3":"status-publish","4":"has-post-thumbnail","6":"product_brand-gen-german-elite-nutrition-fr","7":"product_cat-nutriments","8":"product_cat-produits-de-a-a-z","10":"first","11":"instock","12":"taxable","13":"shipping-taxable","14":"purchasable","15":"product-type-simple"},"acf":[],"_links":{"self":[{"href":"https:\/\/vitalstoffversand.com\/fr\/wp-json\/wp\/v2\/product\/65123","targetHints":{"allow":["GET"]}}],"collection":[{"href":"https:\/\/vitalstoffversand.com\/fr\/wp-json\/wp\/v2\/product"}],"about":[{"href":"https:\/\/vitalstoffversand.com\/fr\/wp-json\/wp\/v2\/types\/product"}],"wp:featuredmedia":[{"embeddable":true,"href":"https:\/\/vitalstoffversand.com\/fr\/wp-json\/wp\/v2\/media\/48188"}],"wp:attachment":[{"href":"https:\/\/vitalstoffversand.com\/fr\/wp-json\/wp\/v2\/media?parent=65123"}],"wp:term":[{"taxonomy":"product_brand","embeddable":true,"href":"https:\/\/vitalstoffversand.com\/fr\/wp-json\/wp\/v2\/product_brand?post=65123"},{"taxonomy":"product_cat","embeddable":true,"href":"https:\/\/vitalstoffversand.com\/fr\/wp-json\/wp\/v2\/product_cat?post=65123"},{"taxonomy":"product_tag","embeddable":true,"href":"https:\/\/vitalstoffversand.com\/fr\/wp-json\/wp\/v2\/product_tag?post=65123"}],"curies":[{"name":"wp","href":"https:\/\/api.w.org\/{rel}","templated":true}]}}