{"id":65099,"date":"2025-06-11T17:44:36","date_gmt":"2025-06-11T15:44:36","guid":{"rendered":"https:\/\/vitalstoffversand.com\/produkt\/gen-isomax-1000-g-differentes-varietes\/"},"modified":"2025-06-11T17:44:36","modified_gmt":"2025-06-11T15:44:36","slug":"gen-isomax-1000-g-differentes-varietes","status":"publish","type":"product","link":"https:\/\/vitalstoffversand.com\/fr\/produit\/gen-isomax-1000-g-differentes-varietes\/","title":{"rendered":"GEN <br>Isomax &#8211; 1000 g &#8211; diff\u00e9rentes vari\u00e9t\u00e9s"},"content":{"rendered":"<p>Isomax fournit une combinaison de glucides rapidement disponibles, d&#8217;\u00e9lectrolytes fonctionnels et de micronutriments s\u00e9lectionn\u00e9s, sp\u00e9cialement adapt\u00e9s aux phases avant et apr\u00e8s l&#8217;entra\u00eenement.<\/p>\n<p>Le produit convient aux sportifs de toutes cat\u00e9gories et de toutes disciplines, mais aussi \u00e0 toute autre personne exer\u00e7ant une activit\u00e9 physique intense.<\/p>\n<ul>\n<li>V\u00e9gan<\/li>\n<li>Sans gluten<\/li>\n<li>Sans lactose<\/li>\n<li>Sans OGM<\/li>\n<li>Fabriqu\u00e9 selon les normes de qualit\u00e9 strictes de l&#8217;UE<\/li>\n<\/ul>\n","protected":false},"excerpt":{"rendered":"<p>Isomax fournit une combinaison de glucides rapidement disponibles, d&#8217;\u00e9lectrolytes fonctionnels et de micronutriments s\u00e9lectionn\u00e9s, sp\u00e9cialement adapt\u00e9s aux phases avant et apr\u00e8s l&#8217;entra\u00eenement. Le produit convient aux sportifs de toutes cat\u00e9gories et de toutes disciplines, mais aussi \u00e0 toute autre personne exer\u00e7ant une activit\u00e9 physique intense. V\u00e9gan Sans gluten Sans lactose Sans OGM Fabriqu\u00e9 selon les [&hellip;]<\/p>\n","protected":false},"featured_media":48172,"template":"","meta":{"_acf_changed":false},"product_brand":[10197],"product_cat":[353,365],"product_tag":[],"class_list":{"0":"post-65099","1":"product","2":"type-product","3":"status-publish","4":"has-post-thumbnail","6":"product_brand-gen-german-elite-nutrition-fr","7":"product_cat-supplements-sportifs","8":"product_cat-produits-de-a-a-z","10":"first","11":"instock","12":"taxable","13":"shipping-taxable","14":"purchasable","15":"product-type-variable"},"acf":[],"_links":{"self":[{"href":"https:\/\/vitalstoffversand.com\/fr\/wp-json\/wp\/v2\/product\/65099","targetHints":{"allow":["GET"]}}],"collection":[{"href":"https:\/\/vitalstoffversand.com\/fr\/wp-json\/wp\/v2\/product"}],"about":[{"href":"https:\/\/vitalstoffversand.com\/fr\/wp-json\/wp\/v2\/types\/product"}],"wp:featuredmedia":[{"embeddable":true,"href":"https:\/\/vitalstoffversand.com\/fr\/wp-json\/wp\/v2\/media\/48172"}],"wp:attachment":[{"href":"https:\/\/vitalstoffversand.com\/fr\/wp-json\/wp\/v2\/media?parent=65099"}],"wp:term":[{"taxonomy":"product_brand","embeddable":true,"href":"https:\/\/vitalstoffversand.com\/fr\/wp-json\/wp\/v2\/product_brand?post=65099"},{"taxonomy":"product_cat","embeddable":true,"href":"https:\/\/vitalstoffversand.com\/fr\/wp-json\/wp\/v2\/product_cat?post=65099"},{"taxonomy":"product_tag","embeddable":true,"href":"https:\/\/vitalstoffversand.com\/fr\/wp-json\/wp\/v2\/product_tag?post=65099"}],"curies":[{"name":"wp","href":"https:\/\/api.w.org\/{rel}","templated":true}]}}