{"id":65084,"date":"2025-09-19T13:38:19","date_gmt":"2025-09-19T11:38:19","guid":{"rendered":"https:\/\/vitalstoffversand.com\/produkt\/gen-creatine-hcl-240-gelules\/"},"modified":"2026-03-21T15:53:54","modified_gmt":"2026-03-21T14:53:54","slug":"gen-creatine-hcl-240-gelules","status":"publish","type":"product","link":"https:\/\/vitalstoffversand.com\/fr\/produit\/gen-creatine-hcl-240-gelules\/","title":{"rendered":"GEN <br>Cr\u00e9atine HCL &#8211; 240 g\u00e9lules"},"content":{"rendered":"<p>La cr\u00e9atine HCL est un produit haut de gamme qui vous apporte 3000 mg de chlorhydrate de cr\u00e9atine (HCL) pur par dose journali\u00e8re recommand\u00e9e.<\/p>\n<p>Sous cette forme, <span style=\"color: #0000ff;\"><strong><a href=\"https:\/\/vitalstoffversand.com\/knowledge-base\/creatin-kreatin\/\" target=\"_blank\" rel=\"noopener\">la cr\u00e9atine<\/a><\/strong><\/span> poss\u00e8de une biodisponibilit\u00e9 particuli\u00e8rement \u00e9lev\u00e9e, c&#8217;est pourquoi de faibles quantit\u00e9s suffisent pour remplir de mani\u00e8re optimale vos r\u00e9serves d&#8217;\u00e9nergie.<\/p>\n<p>Compar\u00e9e \u00e0 la cr\u00e9atine monohydrate, la cr\u00e9atine HCL pr\u00e9sente une meilleure solubilit\u00e9, est plus facilement assimilable et est souvent mieux tol\u00e9r\u00e9e par l&#8217;estomac.<\/p>\n<ul>\n<li>V\u00e9gan<\/li>\n<li>Sans gluten<\/li>\n<li>Sans lactose<\/li>\n<li>Sans OGM<\/li>\n<li>Fabriqu\u00e9 selon les normes de qualit\u00e9 strictes de l&#8217;UE<\/li>\n<\/ul>\n","protected":false},"excerpt":{"rendered":"<p>La cr\u00e9atine HCL est un produit haut de gamme qui vous apporte 3000 mg de chlorhydrate de cr\u00e9atine (HCL) pur par dose journali\u00e8re recommand\u00e9e. Sous cette forme, la cr\u00e9atine poss\u00e8de une biodisponibilit\u00e9 particuli\u00e8rement \u00e9lev\u00e9e, c&#8217;est pourquoi de faibles quantit\u00e9s suffisent pour remplir de mani\u00e8re optimale vos r\u00e9serves d&#8217;\u00e9nergie. Compar\u00e9e \u00e0 la cr\u00e9atine monohydrate, la cr\u00e9atine [&hellip;]<\/p>\n","protected":false},"featured_media":48108,"template":"","meta":{"_acf_changed":false},"product_brand":[10197],"product_cat":[353,365],"product_tag":[],"class_list":{"0":"post-65084","1":"product","2":"type-product","3":"status-publish","4":"has-post-thumbnail","6":"product_brand-gen-german-elite-nutrition-fr","7":"product_cat-supplements-sportifs","8":"product_cat-produits-de-a-a-z","10":"first","11":"outofstock","12":"taxable","13":"shipping-taxable","14":"purchasable","15":"product-type-simple"},"acf":[],"_links":{"self":[{"href":"https:\/\/vitalstoffversand.com\/fr\/wp-json\/wp\/v2\/product\/65084","targetHints":{"allow":["GET"]}}],"collection":[{"href":"https:\/\/vitalstoffversand.com\/fr\/wp-json\/wp\/v2\/product"}],"about":[{"href":"https:\/\/vitalstoffversand.com\/fr\/wp-json\/wp\/v2\/types\/product"}],"wp:featuredmedia":[{"embeddable":true,"href":"https:\/\/vitalstoffversand.com\/fr\/wp-json\/wp\/v2\/media\/48108"}],"wp:attachment":[{"href":"https:\/\/vitalstoffversand.com\/fr\/wp-json\/wp\/v2\/media?parent=65084"}],"wp:term":[{"taxonomy":"product_brand","embeddable":true,"href":"https:\/\/vitalstoffversand.com\/fr\/wp-json\/wp\/v2\/product_brand?post=65084"},{"taxonomy":"product_cat","embeddable":true,"href":"https:\/\/vitalstoffversand.com\/fr\/wp-json\/wp\/v2\/product_cat?post=65084"},{"taxonomy":"product_tag","embeddable":true,"href":"https:\/\/vitalstoffversand.com\/fr\/wp-json\/wp\/v2\/product_tag?post=65084"}],"curies":[{"name":"wp","href":"https:\/\/api.w.org\/{rel}","templated":true}]}}