{"id":65022,"date":"2025-09-01T18:54:35","date_gmt":"2025-09-01T16:54:35","guid":{"rendered":"https:\/\/vitalstoffversand.com\/produkt\/vit4ever-dicitrate-de-tri-magnesium-365-gelules\/"},"modified":"2026-03-21T15:54:17","modified_gmt":"2026-03-21T14:54:17","slug":"vit4ever-dicitrate-de-tri-magnesium-365-gelules","status":"publish","type":"product","link":"https:\/\/vitalstoffversand.com\/fr\/produit\/vit4ever-dicitrate-de-tri-magnesium-365-gelules\/","title":{"rendered":"Vit4ever <br>Dicitrate de tri-magn\u00e9sium &#8211; 365 g\u00e9lules"},"content":{"rendered":"<p>Dans le cas du dicitrate de tri-magn\u00e9sium, le magn\u00e9sium est li\u00e9 \u00e0 l&#8217;acide citrique, ce qui permet une absorption tr\u00e8s efficace et bien tol\u00e9r\u00e9e.<\/p>\n<ul>\n<li>V\u00e9gan<\/li>\n<li>Sans gluten<\/li>\n<li>Sans lactose<\/li>\n<li>Sans OGM<\/li>\n<li>Fabriqu\u00e9 selon les normes de qualit\u00e9 strictes de l&#8217;UE<\/li>\n<\/ul>\n","protected":false},"excerpt":{"rendered":"<p>Dans le cas du dicitrate de tri-magn\u00e9sium, le magn\u00e9sium est li\u00e9 \u00e0 l&#8217;acide citrique, ce qui permet une absorption tr\u00e8s efficace et bien tol\u00e9r\u00e9e. V\u00e9gan Sans gluten Sans lactose Sans OGM Fabriqu\u00e9 selon les normes de qualit\u00e9 strictes de l&#8217;UE<\/p>\n","protected":false},"featured_media":59725,"template":"","meta":{"_acf_changed":false},"product_brand":[10217],"product_cat":[340,365],"product_tag":[],"class_list":{"0":"post-65022","1":"product","2":"type-product","3":"status-publish","4":"has-post-thumbnail","6":"product_brand-vit4ever-fr","7":"product_cat-mineraux-oligo-elements","8":"product_cat-produits-de-a-a-z","10":"first","11":"instock","12":"taxable","13":"shipping-taxable","14":"purchasable","15":"product-type-simple"},"acf":[],"_links":{"self":[{"href":"https:\/\/vitalstoffversand.com\/fr\/wp-json\/wp\/v2\/product\/65022","targetHints":{"allow":["GET"]}}],"collection":[{"href":"https:\/\/vitalstoffversand.com\/fr\/wp-json\/wp\/v2\/product"}],"about":[{"href":"https:\/\/vitalstoffversand.com\/fr\/wp-json\/wp\/v2\/types\/product"}],"wp:featuredmedia":[{"embeddable":true,"href":"https:\/\/vitalstoffversand.com\/fr\/wp-json\/wp\/v2\/media\/59725"}],"wp:attachment":[{"href":"https:\/\/vitalstoffversand.com\/fr\/wp-json\/wp\/v2\/media?parent=65022"}],"wp:term":[{"taxonomy":"product_brand","embeddable":true,"href":"https:\/\/vitalstoffversand.com\/fr\/wp-json\/wp\/v2\/product_brand?post=65022"},{"taxonomy":"product_cat","embeddable":true,"href":"https:\/\/vitalstoffversand.com\/fr\/wp-json\/wp\/v2\/product_cat?post=65022"},{"taxonomy":"product_tag","embeddable":true,"href":"https:\/\/vitalstoffversand.com\/fr\/wp-json\/wp\/v2\/product_tag?post=65022"}],"curies":[{"name":"wp","href":"https:\/\/api.w.org\/{rel}","templated":true}]}}