{"id":65008,"date":"2025-09-01T18:51:45","date_gmt":"2025-09-01T16:51:45","guid":{"rendered":"https:\/\/vitalstoffversand.com\/produkt\/vit4ever-bisglycinate-de-magnesium-240-gelules\/"},"modified":"2026-03-21T15:54:40","modified_gmt":"2026-03-21T14:54:40","slug":"vit4ever-bisglycinate-de-magnesium-240-gelules","status":"publish","type":"product","link":"https:\/\/vitalstoffversand.com\/fr\/produit\/vit4ever-bisglycinate-de-magnesium-240-gelules\/","title":{"rendered":"Vit4ever <br>Bisglycinate de magn\u00e9sium &#8211; 240 g\u00e9lules"},"content":{"rendered":"<p><a href=\"https:\/\/vitalstoffversand.com\/knowledge-base\/magnesium\/\" target=\"_blank\" rel=\"noopener\"><span style=\"color: #0000ff;\"><strong>\u2192 Le magn\u00e9sium<\/strong><\/span><\/a> est n\u00e9cessaire \u00e0 de nombreuses fonctions corporelles et fait partie des min\u00e9raux vitaux que nous devons absorber par l&#8217;alimentation.<\/p>\n<p>Le bisglycinate de magn\u00e9sium est une combinaison de magn\u00e9sium et d&#8217;acide amin\u00e9 glycine.<\/p>\n<p>Il est consid\u00e9r\u00e9 comme particuli\u00e8rement bien absorb\u00e9 et tol\u00e9r\u00e9.<\/p>\n<ul>\n<li>V\u00e9gan<\/li>\n<li>Sans gluten<\/li>\n<li>Sans lactose<\/li>\n<li>Sans OGM<\/li>\n<li>Fabriqu\u00e9 selon les normes de qualit\u00e9 strictes de l&#8217;UE<\/li>\n<\/ul>\n","protected":false},"excerpt":{"rendered":"<p>\u2192 Le magn\u00e9sium est n\u00e9cessaire \u00e0 de nombreuses fonctions corporelles et fait partie des min\u00e9raux vitaux que nous devons absorber par l&#8217;alimentation. Le bisglycinate de magn\u00e9sium est une combinaison de magn\u00e9sium et d&#8217;acide amin\u00e9 glycine. Il est consid\u00e9r\u00e9 comme particuli\u00e8rement bien absorb\u00e9 et tol\u00e9r\u00e9. V\u00e9gan Sans gluten Sans lactose Sans OGM Fabriqu\u00e9 selon les normes [&hellip;]<\/p>\n","protected":false},"featured_media":49364,"template":"","meta":{"_acf_changed":false},"product_brand":[10217],"product_cat":[340,365],"product_tag":[],"class_list":{"0":"post-65008","1":"product","2":"type-product","3":"status-publish","4":"has-post-thumbnail","6":"product_brand-vit4ever-fr","7":"product_cat-mineraux-oligo-elements","8":"product_cat-produits-de-a-a-z","10":"first","11":"instock","12":"taxable","13":"shipping-taxable","14":"purchasable","15":"product-type-simple"},"acf":[],"_links":{"self":[{"href":"https:\/\/vitalstoffversand.com\/fr\/wp-json\/wp\/v2\/product\/65008","targetHints":{"allow":["GET"]}}],"collection":[{"href":"https:\/\/vitalstoffversand.com\/fr\/wp-json\/wp\/v2\/product"}],"about":[{"href":"https:\/\/vitalstoffversand.com\/fr\/wp-json\/wp\/v2\/types\/product"}],"wp:featuredmedia":[{"embeddable":true,"href":"https:\/\/vitalstoffversand.com\/fr\/wp-json\/wp\/v2\/media\/49364"}],"wp:attachment":[{"href":"https:\/\/vitalstoffversand.com\/fr\/wp-json\/wp\/v2\/media?parent=65008"}],"wp:term":[{"taxonomy":"product_brand","embeddable":true,"href":"https:\/\/vitalstoffversand.com\/fr\/wp-json\/wp\/v2\/product_brand?post=65008"},{"taxonomy":"product_cat","embeddable":true,"href":"https:\/\/vitalstoffversand.com\/fr\/wp-json\/wp\/v2\/product_cat?post=65008"},{"taxonomy":"product_tag","embeddable":true,"href":"https:\/\/vitalstoffversand.com\/fr\/wp-json\/wp\/v2\/product_tag?post=65008"}],"curies":[{"name":"wp","href":"https:\/\/api.w.org\/{rel}","templated":true}]}}