{"id":64728,"date":"2026-02-25T13:10:08","date_gmt":"2026-02-25T12:10:08","guid":{"rendered":"https:\/\/vitalstoffversand.com\/?post_type=product&#038;p=64728"},"modified":"2026-03-21T15:51:59","modified_gmt":"2026-03-21T14:51:59","slug":"power-tower-xl-3x250-ml-kopie","status":"publish","type":"product","link":"https:\/\/vitalstoffversand.com\/fr\/produit\/power-tower-xl-3x250-ml-kopie\/","title":{"rendered":"GEN <br>Power Tower XL 3&#215;250 ml"},"content":{"rendered":"<p>Power Tower pour poudres, comprim\u00e9s, g\u00e9lules et autres.<\/p>\n<p>3 sections ind\u00e9pendantes d&#8217;une capacit\u00e9 de 250 ml chacune.<\/p>\n<p>Livr\u00e9 sans contenu.<\/p>\n","protected":false},"excerpt":{"rendered":"<p>Power Tower pour poudres, comprim\u00e9s, g\u00e9lules et autres. 3 sections ind\u00e9pendantes d&#8217;une capacit\u00e9 de 250 ml chacune. Livr\u00e9 sans contenu.<\/p>\n","protected":false},"featured_media":64737,"template":"","meta":{"_acf_changed":false},"product_brand":[10197],"product_cat":[377,365],"product_tag":[],"class_list":{"0":"post-64728","1":"product","2":"type-product","3":"status-publish","4":"has-post-thumbnail","6":"product_brand-gen-german-elite-nutrition-fr","7":"product_cat-accessoires-autres","8":"product_cat-produits-de-a-a-z","10":"first","11":"instock","12":"taxable","13":"shipping-taxable","14":"purchasable","15":"product-type-simple"},"acf":[],"_links":{"self":[{"href":"https:\/\/vitalstoffversand.com\/fr\/wp-json\/wp\/v2\/product\/64728","targetHints":{"allow":["GET"]}}],"collection":[{"href":"https:\/\/vitalstoffversand.com\/fr\/wp-json\/wp\/v2\/product"}],"about":[{"href":"https:\/\/vitalstoffversand.com\/fr\/wp-json\/wp\/v2\/types\/product"}],"wp:featuredmedia":[{"embeddable":true,"href":"https:\/\/vitalstoffversand.com\/fr\/wp-json\/wp\/v2\/media\/64737"}],"wp:attachment":[{"href":"https:\/\/vitalstoffversand.com\/fr\/wp-json\/wp\/v2\/media?parent=64728"}],"wp:term":[{"taxonomy":"product_brand","embeddable":true,"href":"https:\/\/vitalstoffversand.com\/fr\/wp-json\/wp\/v2\/product_brand?post=64728"},{"taxonomy":"product_cat","embeddable":true,"href":"https:\/\/vitalstoffversand.com\/fr\/wp-json\/wp\/v2\/product_cat?post=64728"},{"taxonomy":"product_tag","embeddable":true,"href":"https:\/\/vitalstoffversand.com\/fr\/wp-json\/wp\/v2\/product_tag?post=64728"}],"curies":[{"name":"wp","href":"https:\/\/api.w.org\/{rel}","templated":true}]}}