{"id":64687,"date":"2026-02-25T12:56:30","date_gmt":"2026-02-25T11:56:30","guid":{"rendered":"https:\/\/vitalstoffversand.com\/?post_type=product&#038;p=64687"},"modified":"2026-03-21T15:51:59","modified_gmt":"2026-03-21T14:51:59","slug":"gen-creatine-monohydrate-1000-g-kopie","status":"publish","type":"product","link":"https:\/\/vitalstoffversand.com\/fr\/produit\/gen-creatine-monohydrate-1000-g-kopie\/","title":{"rendered":"GEN <br>Cr\u00e9atine monohydrate en poudre &#8211; Sachet &#8211; 1000 g"},"content":{"rendered":"<p>Presque tous les sportifs et amateurs de fitness le connaissent : <strong><span style=\"color: #0000ff;\"><a href=\"https:\/\/vitalstoffversand.com\/knowledge-base\/creatin-kreatin\/\" target=\"_blank\" rel=\"noopener\">\u2192 la cr\u00e9atine<\/a><\/span><\/strong> monohydrate. Beaucoup l&#8217;utilisent r\u00e9guli\u00e8rement ou en ont d\u00e9j\u00e0 entendu parler.<\/p>\n<p>La cr\u00e9atine est utile car elle sert de r\u00e9serve d&#8217;\u00e9nergie \u00e0 l&#8217;organisme.<\/p>\n<p>Bien que la cr\u00e9atine soit \u00e9galement produite par notre corps, il est tout \u00e0 fait judicieux de soutenir notre organisme lors d&#8217;activit\u00e9s sportives en prenant des compl\u00e9ments alimentaires \u00e0 base de cr\u00e9atine.<\/p>\n<ul>\n<li>V\u00e9gan<\/li>\n<li>Sans gluten<\/li>\n<li>Sans lactose<\/li>\n<li>Sans OGM<\/li>\n<li>Fabriqu\u00e9 selon les normes de qualit\u00e9 strictes de l&#8217;UE<\/li>\n<\/ul>\n","protected":false},"excerpt":{"rendered":"<p>Presque tous les sportifs et amateurs de fitness le connaissent : \u2192 la cr\u00e9atine monohydrate. Beaucoup l&#8217;utilisent r\u00e9guli\u00e8rement ou en ont d\u00e9j\u00e0 entendu parler. La cr\u00e9atine est utile car elle sert de r\u00e9serve d&#8217;\u00e9nergie \u00e0 l&#8217;organisme. Bien que la cr\u00e9atine soit \u00e9galement produite par notre corps, il est tout \u00e0 fait judicieux de soutenir notre [&hellip;]<\/p>\n","protected":false},"featured_media":64720,"template":"","meta":{"_acf_changed":false},"product_brand":[10197],"product_cat":[353,365],"product_tag":[],"class_list":{"0":"post-64687","1":"product","2":"type-product","3":"status-publish","4":"has-post-thumbnail","6":"product_brand-gen-german-elite-nutrition-fr","7":"product_cat-supplements-sportifs","8":"product_cat-produits-de-a-a-z","10":"first","11":"instock","12":"taxable","13":"shipping-taxable","14":"purchasable","15":"product-type-simple"},"acf":[],"_links":{"self":[{"href":"https:\/\/vitalstoffversand.com\/fr\/wp-json\/wp\/v2\/product\/64687","targetHints":{"allow":["GET"]}}],"collection":[{"href":"https:\/\/vitalstoffversand.com\/fr\/wp-json\/wp\/v2\/product"}],"about":[{"href":"https:\/\/vitalstoffversand.com\/fr\/wp-json\/wp\/v2\/types\/product"}],"wp:featuredmedia":[{"embeddable":true,"href":"https:\/\/vitalstoffversand.com\/fr\/wp-json\/wp\/v2\/media\/64720"}],"wp:attachment":[{"href":"https:\/\/vitalstoffversand.com\/fr\/wp-json\/wp\/v2\/media?parent=64687"}],"wp:term":[{"taxonomy":"product_brand","embeddable":true,"href":"https:\/\/vitalstoffversand.com\/fr\/wp-json\/wp\/v2\/product_brand?post=64687"},{"taxonomy":"product_cat","embeddable":true,"href":"https:\/\/vitalstoffversand.com\/fr\/wp-json\/wp\/v2\/product_cat?post=64687"},{"taxonomy":"product_tag","embeddable":true,"href":"https:\/\/vitalstoffversand.com\/fr\/wp-json\/wp\/v2\/product_tag?post=64687"}],"curies":[{"name":"wp","href":"https:\/\/api.w.org\/{rel}","templated":true}]}}