{"id":63234,"date":"2026-02-16T13:05:08","date_gmt":"2026-02-16T12:05:08","guid":{"rendered":"https:\/\/vitalstoffversand.com\/?post_type=product&#038;p=63234"},"modified":"2026-03-21T15:52:06","modified_gmt":"2026-03-21T14:52:06","slug":"vit4ever-complexe-de-zinc-365-comprimes-differentes-variantes-kopie","status":"publish","type":"product","link":"https:\/\/vitalstoffversand.com\/fr\/produit\/vit4ever-complexe-de-zinc-365-comprimes-differentes-variantes-kopie\/","title":{"rendered":"Vit4ever <br>Complexe de zinc 25 mg &#8211; 400 comprim\u00e9s"},"content":{"rendered":"<p><a href=\"https:\/\/vitalstoffversand.com\/knowledge-base\/zink\/\" target=\"_blank\" rel=\"noopener\"><span style=\"color: #0000ff;\"><strong>\u2192 Le zinc<\/strong><\/span><\/a> est un oligo-\u00e9l\u00e9ment extr\u00eamement important pour notre organisme.<\/p>\n<p>Ce produit apporte 25 mg de zinc sous forme d&#8217;une combinaison complexe de trois sources de zinc : le bisglycinate de zinc, le gluconate de zinc et le citrate de zinc.<br \/>\nUne <span style=\"color: #0000ff;\"><a href=\"https:\/\/vitalstoffversand.com\/produkt\/vit4ever-zink-komplex-15-mg-365\/\">variante contenant 15 mg de zinc<\/a><\/span> est \u00e9galement disponible.<\/p>\n<p>Le zinc est un \u00e9l\u00e9ment constitutif de plus de 50 enzymes de notre corps et joue \u00e9galement un r\u00f4le important dans de nombreux processus m\u00e9taboliques.<\/p>\n<p>Il renforce \u00e9galement notre syst\u00e8me immunitaire, soutient la synth\u00e8se des prot\u00e9ines et peut stimuler la production de spermatozo\u00efdes chez l&#8217;homme.<\/p>\n<ul>\n<li>V\u00e9gan<\/li>\n<li>Sans gluten<\/li>\n<li>Sans lactose<\/li>\n<li>Sans OGM<\/li>\n<li>Fabriqu\u00e9 selon les normes de qualit\u00e9 strictes de l&#8217;UE<\/li>\n<\/ul>\n","protected":false},"excerpt":{"rendered":"<p>\u2192 Le zinc est un oligo-\u00e9l\u00e9ment extr\u00eamement important pour notre organisme. Ce produit apporte 25 mg de zinc sous forme d&#8217;une combinaison complexe de trois sources de zinc : le bisglycinate de zinc, le gluconate de zinc et le citrate de zinc. Une variante contenant 15 mg de zinc est \u00e9galement disponible. Le zinc est [&hellip;]<\/p>\n","protected":false},"featured_media":56063,"template":"","meta":{"_acf_changed":false},"product_brand":[10217],"product_cat":[340,365],"product_tag":[],"class_list":{"0":"post-63234","1":"product","2":"type-product","3":"status-publish","4":"has-post-thumbnail","6":"product_brand-vit4ever-fr","7":"product_cat-mineraux-oligo-elements","8":"product_cat-produits-de-a-a-z","10":"first","11":"instock","12":"taxable","13":"shipping-taxable","14":"purchasable","15":"product-type-simple"},"acf":[],"_links":{"self":[{"href":"https:\/\/vitalstoffversand.com\/fr\/wp-json\/wp\/v2\/product\/63234","targetHints":{"allow":["GET"]}}],"collection":[{"href":"https:\/\/vitalstoffversand.com\/fr\/wp-json\/wp\/v2\/product"}],"about":[{"href":"https:\/\/vitalstoffversand.com\/fr\/wp-json\/wp\/v2\/types\/product"}],"wp:featuredmedia":[{"embeddable":true,"href":"https:\/\/vitalstoffversand.com\/fr\/wp-json\/wp\/v2\/media\/56063"}],"wp:attachment":[{"href":"https:\/\/vitalstoffversand.com\/fr\/wp-json\/wp\/v2\/media?parent=63234"}],"wp:term":[{"taxonomy":"product_brand","embeddable":true,"href":"https:\/\/vitalstoffversand.com\/fr\/wp-json\/wp\/v2\/product_brand?post=63234"},{"taxonomy":"product_cat","embeddable":true,"href":"https:\/\/vitalstoffversand.com\/fr\/wp-json\/wp\/v2\/product_cat?post=63234"},{"taxonomy":"product_tag","embeddable":true,"href":"https:\/\/vitalstoffversand.com\/fr\/wp-json\/wp\/v2\/product_tag?post=63234"}],"curies":[{"name":"wp","href":"https:\/\/api.w.org\/{rel}","templated":true}]}}