{"id":63133,"date":"2026-02-15T17:09:49","date_gmt":"2026-02-15T16:09:49","guid":{"rendered":"https:\/\/vitalstoffversand.com\/?post_type=product&#038;p=63133"},"modified":"2026-03-21T15:52:10","modified_gmt":"2026-03-21T14:52:10","slug":"vit4ever-msm-methylsulfonylmethane-1100-g-kopie","status":"publish","type":"product","link":"https:\/\/vitalstoffversand.com\/fr\/produit\/vit4ever-msm-methylsulfonylmethane-1100-g-kopie\/","title":{"rendered":"Vit4ever <br>Poudre d&#8217;herbe d&#8217;orge &#8211; 1 000 g"},"content":{"rendered":"<p>L&#8217;herbe d&#8217;orge jeune est riche en min\u00e9raux, oligo-\u00e9l\u00e9ments, vitamines, antioxydants et substances am\u00e8res.<\/p>\n<p>Ce produit de qualit\u00e9 sup\u00e9rieure, originaire des Pays-Bas, est donc un produit naturel polyvalent.<\/p>\n<ul>\n<li>V\u00e9gan<\/li>\n<li>Sans gluten<\/li>\n<li>Sans lactose<\/li>\n<li>Sans OGM<\/li>\n<li>Fabriqu\u00e9 selon les normes de qualit\u00e9 strictes de l&#8217;UE<\/li>\n<\/ul>\n","protected":false},"excerpt":{"rendered":"<p>L&#8217;herbe d&#8217;orge jeune est riche en min\u00e9raux, oligo-\u00e9l\u00e9ments, vitamines, antioxydants et substances am\u00e8res. Ce produit de qualit\u00e9 sup\u00e9rieure, originaire des Pays-Bas, est donc un produit naturel polyvalent. V\u00e9gan Sans gluten Sans lactose Sans OGM Fabriqu\u00e9 selon les normes de qualit\u00e9 strictes de l&#8217;UE<\/p>\n","protected":false},"featured_media":63372,"template":"","meta":{"_acf_changed":false},"product_brand":[10217],"product_cat":[348,365],"product_tag":[],"class_list":{"0":"post-63133","1":"product","2":"type-product","3":"status-publish","4":"has-post-thumbnail","6":"product_brand-vit4ever-fr","7":"product_cat-nutriments","8":"product_cat-produits-de-a-a-z","10":"first","11":"instock","12":"taxable","13":"shipping-taxable","14":"purchasable","15":"product-type-simple"},"acf":[],"_links":{"self":[{"href":"https:\/\/vitalstoffversand.com\/fr\/wp-json\/wp\/v2\/product\/63133","targetHints":{"allow":["GET"]}}],"collection":[{"href":"https:\/\/vitalstoffversand.com\/fr\/wp-json\/wp\/v2\/product"}],"about":[{"href":"https:\/\/vitalstoffversand.com\/fr\/wp-json\/wp\/v2\/types\/product"}],"wp:featuredmedia":[{"embeddable":true,"href":"https:\/\/vitalstoffversand.com\/fr\/wp-json\/wp\/v2\/media\/63372"}],"wp:attachment":[{"href":"https:\/\/vitalstoffversand.com\/fr\/wp-json\/wp\/v2\/media?parent=63133"}],"wp:term":[{"taxonomy":"product_brand","embeddable":true,"href":"https:\/\/vitalstoffversand.com\/fr\/wp-json\/wp\/v2\/product_brand?post=63133"},{"taxonomy":"product_cat","embeddable":true,"href":"https:\/\/vitalstoffversand.com\/fr\/wp-json\/wp\/v2\/product_cat?post=63133"},{"taxonomy":"product_tag","embeddable":true,"href":"https:\/\/vitalstoffversand.com\/fr\/wp-json\/wp\/v2\/product_tag?post=63133"}],"curies":[{"name":"wp","href":"https:\/\/api.w.org\/{rel}","templated":true}]}}