{"id":62767,"date":"2026-01-31T19:30:35","date_gmt":"2026-01-31T18:30:35","guid":{"rendered":"https:\/\/vitalstoffversand.com\/produkt\/alphavitalis-bisglycinate-de-zinc-25-mg-365-comprimes\/"},"modified":"2026-03-21T15:52:11","modified_gmt":"2026-03-21T14:52:11","slug":"alphavitalis-bisglycinate-de-zinc-25-mg-365-comprimes","status":"publish","type":"product","link":"https:\/\/vitalstoffversand.com\/fr\/produit\/alphavitalis-bisglycinate-de-zinc-25-mg-365-comprimes\/","title":{"rendered":"alphavitalis <br>Bisglycinate de zinc &#8211; 25 mg &#8211; 365 comprim\u00e9s"},"content":{"rendered":"<p><span style=\"color: #0000ff;\"><strong><a href=\"https:\/\/vitalstoffversand.com\/knowledge-base\/zink\/\" target=\"_blank\" rel=\"noopener\">\u2192 Le zinc<\/a><\/strong><\/span> est un \u00e9l\u00e9ment actif important pour notre syst\u00e8me immunitaire, notre m\u00e9tabolisme ainsi que notre peau, nos cheveux et nos ongles.<\/p>\n<p>Le bisglycinate de zinc est un compos\u00e9 qui offre une biodisponibilit\u00e9 optimale.<\/p>\n<ul>\n<li>V\u00e9gan<\/li>\n<li>Sans gluten<\/li>\n<li>Sans lactose<\/li>\n<li>Sans OGM<\/li>\n<li>Fabriqu\u00e9 selon les normes de qualit\u00e9 strictes de l&#8217;UE<\/li>\n<\/ul>\n","protected":false},"excerpt":{"rendered":"<p>\u2192 Le zinc est un \u00e9l\u00e9ment actif important pour notre syst\u00e8me immunitaire, notre m\u00e9tabolisme ainsi que notre peau, nos cheveux et nos ongles. Le bisglycinate de zinc est un compos\u00e9 qui offre une biodisponibilit\u00e9 optimale. V\u00e9gan Sans gluten Sans lactose Sans OGM Fabriqu\u00e9 selon les normes de qualit\u00e9 strictes de l&#8217;UE<\/p>\n","protected":false},"featured_media":62763,"template":"","meta":{"_acf_changed":false},"product_brand":[10190],"product_cat":[340,365],"product_tag":[],"class_list":{"0":"post-62767","1":"product","2":"type-product","3":"status-publish","4":"has-post-thumbnail","6":"product_brand-alphavitalis-fr","7":"product_cat-mineraux-oligo-elements","8":"product_cat-produits-de-a-a-z","10":"first","11":"instock","12":"taxable","13":"shipping-taxable","14":"purchasable","15":"product-type-simple"},"acf":[],"_links":{"self":[{"href":"https:\/\/vitalstoffversand.com\/fr\/wp-json\/wp\/v2\/product\/62767","targetHints":{"allow":["GET"]}}],"collection":[{"href":"https:\/\/vitalstoffversand.com\/fr\/wp-json\/wp\/v2\/product"}],"about":[{"href":"https:\/\/vitalstoffversand.com\/fr\/wp-json\/wp\/v2\/types\/product"}],"wp:featuredmedia":[{"embeddable":true,"href":"https:\/\/vitalstoffversand.com\/fr\/wp-json\/wp\/v2\/media\/62763"}],"wp:attachment":[{"href":"https:\/\/vitalstoffversand.com\/fr\/wp-json\/wp\/v2\/media?parent=62767"}],"wp:term":[{"taxonomy":"product_brand","embeddable":true,"href":"https:\/\/vitalstoffversand.com\/fr\/wp-json\/wp\/v2\/product_brand?post=62767"},{"taxonomy":"product_cat","embeddable":true,"href":"https:\/\/vitalstoffversand.com\/fr\/wp-json\/wp\/v2\/product_cat?post=62767"},{"taxonomy":"product_tag","embeddable":true,"href":"https:\/\/vitalstoffversand.com\/fr\/wp-json\/wp\/v2\/product_tag?post=62767"}],"curies":[{"name":"wp","href":"https:\/\/api.w.org\/{rel}","templated":true}]}}