{"id":62744,"date":"2026-01-10T17:53:22","date_gmt":"2026-01-10T16:53:22","guid":{"rendered":"https:\/\/vitalstoffversand.com\/produkt\/dr-grandel-vollgran-germi-di-grano-1000-g\/"},"modified":"2026-03-21T15:52:27","modified_gmt":"2026-03-21T14:52:27","slug":"dr-grandel-vollgran-germi-di-grano-1000-g","status":"publish","type":"product","link":"https:\/\/vitalstoffversand.com\/fr\/produit\/dr-grandel-vollgran-germi-di-grano-1000-g\/","title":{"rendered":"Dr. Grandel <br>Vollgran Germi di grano &#8211; 1000 g"},"content":{"rendered":"<p>Les germes de bl\u00e9 VOLLGRAN selon le Dr Felix Grandel sont soigneusement s\u00e9lectionn\u00e9s et ferment\u00e9s avec soin, ce qui leur permet de conserver leur go\u00fbt naturel agr\u00e9ablement noiset\u00e9 et leur densit\u00e9 nutritionnelle exceptionnelle.<\/p>\n<p>V\u00e9ritable \u00ab superaliment \u00bb, ils sont id\u00e9aux pour enrichir naturellement une alimentation \u00e9quilibr\u00e9e.<\/p>\n<p>Riche en fibres, prot\u00e9ines, vitamines, min\u00e9raux et en spermidine, un puissant antioxydant (48 mg\/100 g).<\/p>\n","protected":false},"excerpt":{"rendered":"<p>Les germes de bl\u00e9 VOLLGRAN selon le Dr Felix Grandel sont soigneusement s\u00e9lectionn\u00e9s et ferment\u00e9s avec soin, ce qui leur permet de conserver leur go\u00fbt naturel agr\u00e9ablement noiset\u00e9 et leur densit\u00e9 nutritionnelle exceptionnelle. V\u00e9ritable \u00ab superaliment \u00bb, ils sont id\u00e9aux pour enrichir naturellement une alimentation \u00e9quilibr\u00e9e. Riche en fibres, prot\u00e9ines, vitamines, min\u00e9raux et en spermidine, [&hellip;]<\/p>\n","protected":false},"featured_media":62743,"template":"","meta":{"_acf_changed":false},"product_brand":[10253],"product_cat":[348,365],"product_tag":[],"class_list":{"0":"post-62744","1":"product","2":"type-product","3":"status-publish","4":"has-post-thumbnail","6":"product_brand-dr-grandel-fr","7":"product_cat-nutriments","8":"product_cat-produits-de-a-a-z","10":"first","11":"instock","12":"taxable","13":"shipping-taxable","14":"purchasable","15":"product-type-simple"},"acf":[],"_links":{"self":[{"href":"https:\/\/vitalstoffversand.com\/fr\/wp-json\/wp\/v2\/product\/62744","targetHints":{"allow":["GET"]}}],"collection":[{"href":"https:\/\/vitalstoffversand.com\/fr\/wp-json\/wp\/v2\/product"}],"about":[{"href":"https:\/\/vitalstoffversand.com\/fr\/wp-json\/wp\/v2\/types\/product"}],"wp:featuredmedia":[{"embeddable":true,"href":"https:\/\/vitalstoffversand.com\/fr\/wp-json\/wp\/v2\/media\/62743"}],"wp:attachment":[{"href":"https:\/\/vitalstoffversand.com\/fr\/wp-json\/wp\/v2\/media?parent=62744"}],"wp:term":[{"taxonomy":"product_brand","embeddable":true,"href":"https:\/\/vitalstoffversand.com\/fr\/wp-json\/wp\/v2\/product_brand?post=62744"},{"taxonomy":"product_cat","embeddable":true,"href":"https:\/\/vitalstoffversand.com\/fr\/wp-json\/wp\/v2\/product_cat?post=62744"},{"taxonomy":"product_tag","embeddable":true,"href":"https:\/\/vitalstoffversand.com\/fr\/wp-json\/wp\/v2\/product_tag?post=62744"}],"curies":[{"name":"wp","href":"https:\/\/api.w.org\/{rel}","templated":true}]}}