{"id":62688,"date":"2026-01-29T18:46:13","date_gmt":"2026-01-29T17:46:13","guid":{"rendered":"https:\/\/vitalstoffversand.com\/?post_type=product&#038;p=62688"},"modified":"2026-03-21T15:52:12","modified_gmt":"2026-03-21T14:52:12","slug":"natura-med-ecorces-de-psyllium-bio-moulues-differentes-quantites-kopie","status":"publish","type":"product","link":"https:\/\/vitalstoffversand.com\/fr\/produit\/natura-med-ecorces-de-psyllium-bio-moulues-differentes-quantites-kopie\/","title":{"rendered":"Natura Med <br>Cosses de psyllium bio moulues &#8211; 500 g"},"content":{"rendered":"<p>La farine ou la poudre de t\u00e9gument de psyllium bio est la forme la plus fine de t\u00e9gument de psyllium.<\/p>\n<p>Les propri\u00e9t\u00e9s fortement gonflantes de ce produit en font un soutien id\u00e9al lors d&#8217;un r\u00e9gime ou d&#8217;un nettoyage et d&#8217;un assainissement intestinal, ainsi qu&#8217;en cas de constipation aigu\u00eb.<\/p>\n<ul>\n<li>100 % naturel &#8211; sans additifs<\/li>\n<li>V\u00e9gan<\/li>\n<li>Sans gluten<\/li>\n<li>Sans lactose<\/li>\n<li>Sans OGM<\/li>\n<li>Fabriqu\u00e9 selon les normes de qualit\u00e9 strictes de l&#8217;UE<\/li>\n<\/ul>\n","protected":false},"excerpt":{"rendered":"<p>La farine ou la poudre de t\u00e9gument de psyllium bio est la forme la plus fine de t\u00e9gument de psyllium. Les propri\u00e9t\u00e9s fortement gonflantes de ce produit en font un soutien id\u00e9al lors d&#8217;un r\u00e9gime ou d&#8217;un nettoyage et d&#8217;un assainissement intestinal, ainsi qu&#8217;en cas de constipation aigu\u00eb. 100 % naturel &#8211; sans additifs V\u00e9gan [&hellip;]<\/p>\n","protected":false},"featured_media":40500,"template":"","meta":{"_acf_changed":false},"product_brand":[10203],"product_cat":[348,306,365],"product_tag":[],"class_list":{"0":"post-62688","1":"product","2":"type-product","3":"status-publish","4":"has-post-thumbnail","6":"product_brand-natura-med-fr","7":"product_cat-nutriments","8":"product_cat-bio-fr","9":"product_cat-produits-de-a-a-z","11":"first","12":"instock","13":"taxable","14":"shipping-taxable","15":"purchasable","16":"product-type-simple"},"acf":[],"_links":{"self":[{"href":"https:\/\/vitalstoffversand.com\/fr\/wp-json\/wp\/v2\/product\/62688","targetHints":{"allow":["GET"]}}],"collection":[{"href":"https:\/\/vitalstoffversand.com\/fr\/wp-json\/wp\/v2\/product"}],"about":[{"href":"https:\/\/vitalstoffversand.com\/fr\/wp-json\/wp\/v2\/types\/product"}],"wp:featuredmedia":[{"embeddable":true,"href":"https:\/\/vitalstoffversand.com\/fr\/wp-json\/wp\/v2\/media\/40500"}],"wp:attachment":[{"href":"https:\/\/vitalstoffversand.com\/fr\/wp-json\/wp\/v2\/media?parent=62688"}],"wp:term":[{"taxonomy":"product_brand","embeddable":true,"href":"https:\/\/vitalstoffversand.com\/fr\/wp-json\/wp\/v2\/product_brand?post=62688"},{"taxonomy":"product_cat","embeddable":true,"href":"https:\/\/vitalstoffversand.com\/fr\/wp-json\/wp\/v2\/product_cat?post=62688"},{"taxonomy":"product_tag","embeddable":true,"href":"https:\/\/vitalstoffversand.com\/fr\/wp-json\/wp\/v2\/product_tag?post=62688"}],"curies":[{"name":"wp","href":"https:\/\/api.w.org\/{rel}","templated":true}]}}