{"id":62619,"date":"2026-01-28T14:18:43","date_gmt":"2026-01-28T13:18:43","guid":{"rendered":"https:\/\/vitalstoffversand.com\/?post_type=product&#038;p=62619"},"modified":"2026-03-21T15:52:15","modified_gmt":"2026-03-21T14:52:15","slug":"vit4ever-shilajit-mumijo-180-gelules-kopie-2","status":"publish","type":"product","link":"https:\/\/vitalstoffversand.com\/fr\/produit\/vit4ever-shilajit-mumijo-180-gelules-kopie-2\/","title":{"rendered":"Vit4ever <br>Shilajit Mumijo &#8211; 300 g\u00e9lules"},"content":{"rendered":"<p>Le shilajit mumijo est une r\u00e9sine min\u00e9rale naturelle provenant des montagnes de l&#8217;Himalaya.<\/p>\n<p>Le mumijo fait partie de la m\u00e9decine ayurv\u00e9dique et est utilis\u00e9 depuis des milliers d&#8217;ann\u00e9es dans la m\u00e9decine populaire d&#8217;Asie centrale comme rem\u00e8de et comme fortifiant.<\/p>\n<ul>\n<li>V\u00e9gan<\/li>\n<li>Sans gluten<\/li>\n<li>Sans lactose<\/li>\n<li>Sans OGM<\/li>\n<li>Fabriqu\u00e9 selon les normes de qualit\u00e9 strictes de l&#8217;UE<\/li>\n<\/ul>\n","protected":false},"excerpt":{"rendered":"<p>Le shilajit mumijo est une r\u00e9sine min\u00e9rale naturelle provenant des montagnes de l&#8217;Himalaya. Le mumijo fait partie de la m\u00e9decine ayurv\u00e9dique et est utilis\u00e9 depuis des milliers d&#8217;ann\u00e9es dans la m\u00e9decine populaire d&#8217;Asie centrale comme rem\u00e8de et comme fortifiant. V\u00e9gan Sans gluten Sans lactose Sans OGM Fabriqu\u00e9 selon les normes de qualit\u00e9 strictes de l&#8217;UE<\/p>\n","protected":false},"featured_media":55207,"template":"","meta":{"_acf_changed":false},"product_brand":[10217],"product_cat":[348,365],"product_tag":[],"class_list":{"0":"post-62619","1":"product","2":"type-product","3":"status-publish","4":"has-post-thumbnail","6":"product_brand-vit4ever-fr","7":"product_cat-nutriments","8":"product_cat-produits-de-a-a-z","10":"first","11":"outofstock","12":"taxable","13":"shipping-taxable","14":"purchasable","15":"product-type-simple"},"acf":[],"_links":{"self":[{"href":"https:\/\/vitalstoffversand.com\/fr\/wp-json\/wp\/v2\/product\/62619","targetHints":{"allow":["GET"]}}],"collection":[{"href":"https:\/\/vitalstoffversand.com\/fr\/wp-json\/wp\/v2\/product"}],"about":[{"href":"https:\/\/vitalstoffversand.com\/fr\/wp-json\/wp\/v2\/types\/product"}],"wp:featuredmedia":[{"embeddable":true,"href":"https:\/\/vitalstoffversand.com\/fr\/wp-json\/wp\/v2\/media\/55207"}],"wp:attachment":[{"href":"https:\/\/vitalstoffversand.com\/fr\/wp-json\/wp\/v2\/media?parent=62619"}],"wp:term":[{"taxonomy":"product_brand","embeddable":true,"href":"https:\/\/vitalstoffversand.com\/fr\/wp-json\/wp\/v2\/product_brand?post=62619"},{"taxonomy":"product_cat","embeddable":true,"href":"https:\/\/vitalstoffversand.com\/fr\/wp-json\/wp\/v2\/product_cat?post=62619"},{"taxonomy":"product_tag","embeddable":true,"href":"https:\/\/vitalstoffversand.com\/fr\/wp-json\/wp\/v2\/product_tag?post=62619"}],"curies":[{"name":"wp","href":"https:\/\/api.w.org\/{rel}","templated":true}]}}