{"id":62192,"date":"2025-12-18T15:59:24","date_gmt":"2025-12-18T14:59:24","guid":{"rendered":"https:\/\/vitalstoffversand.com\/?post_type=product&#038;p=62192"},"modified":"2026-03-21T15:52:41","modified_gmt":"2026-03-21T14:52:41","slug":"gen-creatine-monohydrate-500-g-kopie","status":"publish","type":"product","link":"https:\/\/vitalstoffversand.com\/fr\/produit\/gen-creatine-monohydrate-500-g-kopie\/","title":{"rendered":"GEN <br>Monohydrate de cr\u00e9atine &#8211; 300 g"},"content":{"rendered":"<p><strong><span style=\"color: #0000ff;\"><a href=\"https:\/\/vitalstoffversand.com\/knowledge-base\/creatin-kreatin\/\" target=\"_blank\" rel=\"noopener\">\u2192 La cr\u00e9atine<\/a><\/span><\/strong> monohydrate fait partie des compl\u00e9ments alimentaires les plus connus des sportifs, car beaucoup l&#8217;utilisent eux-m\u00eames ou en ont au moins d\u00e9j\u00e0 entendu parler.<\/p>\n<p>Il sert de r\u00e9serve d&#8217;\u00e9nergie \u00e0 l&#8217;organisme et est produit par notre corps lui-m\u00eame.<\/p>\n<p>Il peut toutefois \u00eatre judicieux de soutenir les activit\u00e9s sportives par une suppl\u00e9mentation en cr\u00e9atine.<\/p>\n<ul>\n<li>V\u00e9gan<\/li>\n<li>Sans gluten<\/li>\n<li>Sans lactose<\/li>\n<li>Sans OGM<\/li>\n<li>Fabriqu\u00e9 selon les normes de qualit\u00e9 strictes de l&#8217;UE<\/li>\n<\/ul>\n","protected":false},"excerpt":{"rendered":"<p>\u2192 La cr\u00e9atine monohydrate fait partie des compl\u00e9ments alimentaires les plus connus des sportifs, car beaucoup l&#8217;utilisent eux-m\u00eames ou en ont au moins d\u00e9j\u00e0 entendu parler. Il sert de r\u00e9serve d&#8217;\u00e9nergie \u00e0 l&#8217;organisme et est produit par notre corps lui-m\u00eame. Il peut toutefois \u00eatre judicieux de soutenir les activit\u00e9s sportives par une suppl\u00e9mentation en cr\u00e9atine. [&hellip;]<\/p>\n","protected":false},"featured_media":62233,"template":"","meta":{"_acf_changed":false},"product_brand":[10197],"product_cat":[353,365],"product_tag":[],"class_list":{"0":"post-62192","1":"product","2":"type-product","3":"status-publish","4":"has-post-thumbnail","6":"product_brand-gen-german-elite-nutrition-fr","7":"product_cat-supplements-sportifs","8":"product_cat-produits-de-a-a-z","10":"first","11":"outofstock","12":"taxable","13":"shipping-taxable","14":"purchasable","15":"product-type-simple"},"acf":[],"_links":{"self":[{"href":"https:\/\/vitalstoffversand.com\/fr\/wp-json\/wp\/v2\/product\/62192","targetHints":{"allow":["GET"]}}],"collection":[{"href":"https:\/\/vitalstoffversand.com\/fr\/wp-json\/wp\/v2\/product"}],"about":[{"href":"https:\/\/vitalstoffversand.com\/fr\/wp-json\/wp\/v2\/types\/product"}],"wp:featuredmedia":[{"embeddable":true,"href":"https:\/\/vitalstoffversand.com\/fr\/wp-json\/wp\/v2\/media\/62233"}],"wp:attachment":[{"href":"https:\/\/vitalstoffversand.com\/fr\/wp-json\/wp\/v2\/media?parent=62192"}],"wp:term":[{"taxonomy":"product_brand","embeddable":true,"href":"https:\/\/vitalstoffversand.com\/fr\/wp-json\/wp\/v2\/product_brand?post=62192"},{"taxonomy":"product_cat","embeddable":true,"href":"https:\/\/vitalstoffversand.com\/fr\/wp-json\/wp\/v2\/product_cat?post=62192"},{"taxonomy":"product_tag","embeddable":true,"href":"https:\/\/vitalstoffversand.com\/fr\/wp-json\/wp\/v2\/product_tag?post=62192"}],"curies":[{"name":"wp","href":"https:\/\/api.w.org\/{rel}","templated":true}]}}