{"id":60510,"date":"2025-09-01T18:46:00","date_gmt":"2025-09-01T16:46:00","guid":{"rendered":"https:\/\/vitalstoffversand.com\/produkt\/gen-creatine-monohydrate-500-g\/"},"modified":"2026-03-11T14:59:45","modified_gmt":"2026-03-11T13:59:45","slug":"gen-creatine-monohydrate-500-g","status":"publish","type":"product","link":"https:\/\/vitalstoffversand.com\/fr\/produit\/gen-creatine-monohydrate-500-g\/","title":{"rendered":"GEN <br>Cr\u00e9atine monohydrate &#8211; 500 g"},"content":{"rendered":"<p>Presque tous les sportifs connaissent <a href=\"https:\/\/vitalstoffversand.com\/knowledge-base\/creatin-kreatin\/\" target=\"_blank\" rel=\"noopener\"><strong><span style=\"color: #0000ff;\">\u2192 la cr\u00e9atine<\/span><\/strong><\/a> monohydrate, car beaucoup l&#8217;utilisent eux-m\u00eames ou en ont au moins d\u00e9j\u00e0 entendu parler.<\/p>\n<p>La cr\u00e9atine sert de r\u00e9serve d&#8217;\u00e9nergie \u00e0 l&#8217;organisme et est \u00e9galement produite par notre propre corps.<\/p>\n<p>Toutefois, il peut \u00eatre judicieux de soutenir les activit\u00e9s sportives par une suppl\u00e9mentation en cr\u00e9atine.<\/p>\n<ul>\n<li>V\u00e9gan<\/li>\n<li>Sans gluten<\/li>\n<li>Sans lactose<\/li>\n<li>Sans OGM<\/li>\n<li>Fabriqu\u00e9 selon les normes de qualit\u00e9 strictes de l&#8217;UE<\/li>\n<\/ul>\n","protected":false},"excerpt":{"rendered":"<p>Presque tous les sportifs connaissent \u2192 la cr\u00e9atine monohydrate, car beaucoup l&#8217;utilisent eux-m\u00eames ou en ont au moins d\u00e9j\u00e0 entendu parler. La cr\u00e9atine sert de r\u00e9serve d&#8217;\u00e9nergie \u00e0 l&#8217;organisme et est \u00e9galement produite par notre propre corps. Toutefois, il peut \u00eatre judicieux de soutenir les activit\u00e9s sportives par une suppl\u00e9mentation en cr\u00e9atine. V\u00e9gan Sans gluten [&hellip;]<\/p>\n","protected":false},"featured_media":45123,"template":"","meta":{"_acf_changed":false},"product_brand":[10197],"product_cat":[348,365],"product_tag":[],"class_list":{"0":"post-60510","1":"product","2":"type-product","3":"status-publish","4":"has-post-thumbnail","6":"product_brand-gen-german-elite-nutrition-fr","7":"product_cat-nutriments","8":"product_cat-produits-de-a-a-z","10":"first","11":"outofstock","12":"taxable","13":"shipping-taxable","14":"purchasable","15":"product-type-simple"},"acf":[],"_links":{"self":[{"href":"https:\/\/vitalstoffversand.com\/fr\/wp-json\/wp\/v2\/product\/60510","targetHints":{"allow":["GET"]}}],"collection":[{"href":"https:\/\/vitalstoffversand.com\/fr\/wp-json\/wp\/v2\/product"}],"about":[{"href":"https:\/\/vitalstoffversand.com\/fr\/wp-json\/wp\/v2\/types\/product"}],"wp:featuredmedia":[{"embeddable":true,"href":"https:\/\/vitalstoffversand.com\/fr\/wp-json\/wp\/v2\/media\/45123"}],"wp:attachment":[{"href":"https:\/\/vitalstoffversand.com\/fr\/wp-json\/wp\/v2\/media?parent=60510"}],"wp:term":[{"taxonomy":"product_brand","embeddable":true,"href":"https:\/\/vitalstoffversand.com\/fr\/wp-json\/wp\/v2\/product_brand?post=60510"},{"taxonomy":"product_cat","embeddable":true,"href":"https:\/\/vitalstoffversand.com\/fr\/wp-json\/wp\/v2\/product_cat?post=60510"},{"taxonomy":"product_tag","embeddable":true,"href":"https:\/\/vitalstoffversand.com\/fr\/wp-json\/wp\/v2\/product_tag?post=60510"}],"curies":[{"name":"wp","href":"https:\/\/api.w.org\/{rel}","templated":true}]}}