{"id":559,"date":"2024-10-09T12:30:22","date_gmt":"2024-10-09T10:30:22","guid":{"rendered":"https:\/\/dev.vitalstoffversand.com\/?post_type=product&#038;p=559"},"modified":"2026-03-11T12:30:57","modified_gmt":"2026-03-11T11:30:57","slug":"natura-med-poudre-de-reishi-bio","status":"publish","type":"product","link":"https:\/\/vitalstoffversand.com\/fr\/produit\/natura-med-poudre-de-reishi-bio\/","title":{"rendered":"Natura Med <br>Poudre de champignon Reishi bio &#8211; 100 g"},"content":{"rendered":"<p>Le champignon Reishi (Ganoderma lucidum) est \u00e9galement appel\u00e9 Ling Zi ou champignon laqu\u00e9 brillant et est consid\u00e9r\u00e9 comme le roi des champignons m\u00e9dicinaux et vitaux.<\/p>\n<p>Le reishi contient plus de 400 substances bioactives, dont on estime qu&#8217;il contient environ 140 triterp\u00e8nes diff\u00e9rents, 100 polysaccharides diff\u00e9rents ainsi que du potassium, du calcium, du magn\u00e9sium, du s\u00e9l\u00e9nium, du zinc, du fer, du cuivre, les vitamines B1, B2, B3, B5 et D ainsi que tous les acides amin\u00e9s essentiels.<\/p>\n<p>Par rapport \u00e0 de nombreux autres produits disponibles sur le march\u00e9, notre poudre de champignons est cultiv\u00e9e et trait\u00e9e selon les normes les plus strictes.<\/p>\n<ul>\n<li>100 % naturel &#8211; sans additifs<\/li>\n<li>V\u00e9gan<\/li>\n<li>Sans gluten<\/li>\n<li>Sans lactose<\/li>\n<li>Sans OGM<\/li>\n<li>Fabriqu\u00e9 selon les normes de qualit\u00e9 strictes de l&#8217;UE<\/li>\n<\/ul>\n","protected":false},"excerpt":{"rendered":"<p>La poudre de champignon reishi bio est un champignon m\u00e9dicinal traditionnellement appr\u00e9ci\u00e9. Naturel, v\u00e9g\u00e9talien et transform\u00e9 avec soin pour une qualit\u00e9 optimale et une biodisponibilit\u00e9 \u00e9lev\u00e9e.<\/p>\n","protected":false},"featured_media":39109,"template":"","meta":{"_acf_changed":false},"product_brand":[10203],"product_cat":[373,306,365],"product_tag":[],"class_list":{"0":"post-559","1":"product","2":"type-product","3":"status-publish","4":"has-post-thumbnail","6":"product_brand-natura-med-fr","7":"product_cat-champignons-vitaux","8":"product_cat-bio-fr","9":"product_cat-produits-de-a-a-z","11":"first","12":"instock","13":"taxable","14":"shipping-taxable","15":"purchasable","16":"product-type-simple"},"acf":[],"_links":{"self":[{"href":"https:\/\/vitalstoffversand.com\/fr\/wp-json\/wp\/v2\/product\/559","targetHints":{"allow":["GET"]}}],"collection":[{"href":"https:\/\/vitalstoffversand.com\/fr\/wp-json\/wp\/v2\/product"}],"about":[{"href":"https:\/\/vitalstoffversand.com\/fr\/wp-json\/wp\/v2\/types\/product"}],"wp:featuredmedia":[{"embeddable":true,"href":"https:\/\/vitalstoffversand.com\/fr\/wp-json\/wp\/v2\/media\/39109"}],"wp:attachment":[{"href":"https:\/\/vitalstoffversand.com\/fr\/wp-json\/wp\/v2\/media?parent=559"}],"wp:term":[{"taxonomy":"product_brand","embeddable":true,"href":"https:\/\/vitalstoffversand.com\/fr\/wp-json\/wp\/v2\/product_brand?post=559"},{"taxonomy":"product_cat","embeddable":true,"href":"https:\/\/vitalstoffversand.com\/fr\/wp-json\/wp\/v2\/product_cat?post=559"},{"taxonomy":"product_tag","embeddable":true,"href":"https:\/\/vitalstoffversand.com\/fr\/wp-json\/wp\/v2\/product_tag?post=559"}],"curies":[{"name":"wp","href":"https:\/\/api.w.org\/{rel}","templated":true}]}}