{"id":43205,"date":"2025-09-01T18:52:02","date_gmt":"2025-09-01T16:52:02","guid":{"rendered":"https:\/\/vitalstoffversand.com\/produkt\/vit4ever-complexe-de-chardon-marie-365-gelules\/"},"modified":"2026-03-21T15:54:36","modified_gmt":"2026-03-21T14:54:36","slug":"vit4ever-complexe-de-chardon-marie-365-gelules","status":"publish","type":"product","link":"https:\/\/vitalstoffversand.com\/fr\/produit\/vit4ever-complexe-de-chardon-marie-365-gelules\/","title":{"rendered":"Vit4ever <br>Complexe de chardon-Marie &#8211; 365 g\u00e9lules"},"content":{"rendered":"<p>Complexe hautement dos\u00e9 et parfaitement harmonis\u00e9 d&#8217;extrait de chardon-marie (80% de silymarine), d&#8217;extrait d&#8217;artichaut (2,5% de cynarine) et d&#8217;extrait de racine de pissenlit.<\/p>\n<p>Contient de nombreuses substances v\u00e9g\u00e9tales secondaires, des mucilages, des flavono\u00efdes, des vitamines et des antioxydants naturels.<\/p>\n<p>En naturopathie, on attribue \u00e0 ces 3 plantes des effets positifs sur la sant\u00e9 du foie.<\/p>\n<ul>\n<li>V\u00e9gan<\/li>\n<li>Sans gluten<\/li>\n<li>Sans lactose<\/li>\n<li>Sans OGM<\/li>\n<li>Fabriqu\u00e9 selon les normes de qualit\u00e9 strictes de l&#8217;UE<\/li>\n<\/ul>\n","protected":false},"excerpt":{"rendered":"<p>Complexe hautement dos\u00e9 et parfaitement harmonis\u00e9 d&#8217;extrait de chardon-marie (80% de silymarine), d&#8217;extrait d&#8217;artichaut (2,5% de cynarine) et d&#8217;extrait de racine de pissenlit. Contient de nombreuses substances v\u00e9g\u00e9tales secondaires, des mucilages, des flavono\u00efdes, des vitamines et des antioxydants naturels. En naturopathie, on attribue \u00e0 ces 3 plantes des effets positifs sur la sant\u00e9 du foie. [&hellip;]<\/p>\n","protected":false},"featured_media":54439,"template":"","meta":{"_acf_changed":false},"product_brand":[10217],"product_cat":[348,365],"product_tag":[],"class_list":{"0":"post-43205","1":"product","2":"type-product","3":"status-publish","4":"has-post-thumbnail","6":"product_brand-vit4ever-fr","7":"product_cat-nutriments","8":"product_cat-produits-de-a-a-z","10":"first","11":"instock","12":"taxable","13":"shipping-taxable","14":"purchasable","15":"product-type-simple"},"acf":[],"_links":{"self":[{"href":"https:\/\/vitalstoffversand.com\/fr\/wp-json\/wp\/v2\/product\/43205","targetHints":{"allow":["GET"]}}],"collection":[{"href":"https:\/\/vitalstoffversand.com\/fr\/wp-json\/wp\/v2\/product"}],"about":[{"href":"https:\/\/vitalstoffversand.com\/fr\/wp-json\/wp\/v2\/types\/product"}],"wp:featuredmedia":[{"embeddable":true,"href":"https:\/\/vitalstoffversand.com\/fr\/wp-json\/wp\/v2\/media\/54439"}],"wp:attachment":[{"href":"https:\/\/vitalstoffversand.com\/fr\/wp-json\/wp\/v2\/media?parent=43205"}],"wp:term":[{"taxonomy":"product_brand","embeddable":true,"href":"https:\/\/vitalstoffversand.com\/fr\/wp-json\/wp\/v2\/product_brand?post=43205"},{"taxonomy":"product_cat","embeddable":true,"href":"https:\/\/vitalstoffversand.com\/fr\/wp-json\/wp\/v2\/product_cat?post=43205"},{"taxonomy":"product_tag","embeddable":true,"href":"https:\/\/vitalstoffversand.com\/fr\/wp-json\/wp\/v2\/product_tag?post=43205"}],"curies":[{"name":"wp","href":"https:\/\/api.w.org\/{rel}","templated":true}]}}